{"id":1362,"date":"2023-12-05T10:57:40","date_gmt":"2023-12-05T09:57:40","guid":{"rendered":"https:\/\/nova.depoles.com\/trgovina\/debelinka-dhm-630-prosmw4-spiral-400v\/"},"modified":"2026-03-13T09:47:37","modified_gmt":"2026-03-13T08:47:37","slug":"debelinka-dhm-630-prosmw4-spiral-400v","status":"publish","type":"product","link":"https:\/\/www.depoles.com\/hr\/trgovina\/debelinka-dhm-630-prosmw4-spiral-400v\/","title":{"rendered":"Debelinka DHM 630 PROSMW4 SPIRAL 400V"},"content":{"rendered":"<p><strong>Tehni\u010dni podatki<\/strong><\/p>\n<ul>\n<li><strong>Motor:<\/strong>\n<ul>\n<li>Mo\u010d motorja S1: 7000 W<\/li>\n<li>Napetost: 400 V \/ 3 \/ 50 Hz<\/li>\n<li>Razred za\u0161\u010dite: IP54<\/li>\n<\/ul>\n<\/li>\n<li><strong>Hitrost pomika:<\/strong> 4 &#8211; 16 m\/min<\/li>\n<li><strong>Dimenzije:<\/strong>\n<ul>\n<li>Velikost mize: 1050 x 630 mm<\/li>\n<li>Dimenzije celotnega izdelka: 1060 x 1220 x 1150 mm<\/li>\n<li>Priklju\u010dek za odsesavanje: 150 mm<\/li>\n<\/ul>\n<\/li>\n<li><strong>Dimenzije obdelovanca:<\/strong>\n<ul>\n<li>Minimalna dol\u017eina obdelovanca: 280 mm<\/li>\n<\/ul>\n<\/li>\n<li><strong>Debeljenje:<\/strong>\n<ul>\n<li>Globina reza: 8 mm<\/li>\n<li>Vi\u0161ina debeljenja: 300 mm<\/li>\n<\/ul>\n<\/li>\n<li><strong>Splo\u0161no glajenje:<\/strong>\n<ul>\n<li>Hitrost gredi: 5500 min\u207b\u00b9<\/li>\n<li>Premer gredi: 117 mm<\/li>\n<\/ul>\n<\/li>\n<li><strong>Raven hrupa in vibracije:<\/strong>\n<ul>\n<li>Raven zvo\u010dne mo\u010di: 100 dB(A)<\/li>\n<li>Raven zvo\u010dnega tlaka: 90 dB(A)<\/li>\n<\/ul>\n<\/li>\n<li><strong>Te\u017ea:<\/strong>\n<ul>\n<li>Bruto te\u017ea: 720 kg<\/li>\n<li>Netto te\u017ea: 656 kg<\/li>\n<\/ul>\n<\/li>\n<li><strong>Embala\u017ea:<\/strong>\n<ul>\n<li>\u0160irina embala\u017ee: 1150 mm<\/li>\n<li>Dol\u017eina embala\u017ee: 1220 mm<\/li>\n<li>Vi\u0161ina embala\u017ee: 1300 mm<\/li>\n<\/ul>\n<\/li>\n<li><strong>Splo\u0161ni podatki:<\/strong>\n<ul>\n<li>EAN koda: 9120058379734<\/li>\n<\/ul>\n<\/li>\n<\/ul>\n","protected":false},"excerpt":{"rendered":"<h3>Opis izdelka<\/h3>\n<p>Stroju je lasten lo\u010den dovodni motor z mo\u010djo 550 W, ki zagotavlja konstanten dovod, ter dvi\u017eni motor z mo\u010djo 250 W za elektri\u010dno nastavitev vi\u0161ine debelinske mize. Omogo\u010da obdelavo materiala do najve\u010dje debeline 630 mm. Opremljen je s spiralnim rezalnikom, ki ima 4 utore in 104 rezalne vlo\u017eke.<\/p>\n<p><strong>V dostavi so vklju\u010deni:<\/strong> 104 name\u0161\u010denih rezalnih plo\u0161\u010dic in 4 rezervne plo\u0161\u010dice (15 x 15 x 2,5 mm, 60\u00b0).<\/p>\n","protected":false},"featured_media":1363,"template":"","meta":[],"product_brand":[],"product_cat":[1024,1031,1012],"product_tag":[296,314,1081,441,770],"class_list":{"0":"post-1362","1":"product","2":"type-product","3":"status-publish","4":"has-post-thumbnail","6":"product_cat-debelinke","7":"product_cat-poravnalke-debelinke","8":"product_cat-stroji-za-les","9":"product_tag-debelinka","10":"product_tag-depoles","11":"product_tag-dhm","12":"product_tag-holzmann","13":"product_tag-spiral","15":"first","16":"instock","17":"shipping-taxable","18":"purchasable","19":"product-type-simple"},"_links":{"self":[{"href":"https:\/\/www.depoles.com\/hr\/wp-json\/wp\/v2\/product\/1362","targetHints":{"allow":["GET"]}}],"collection":[{"href":"https:\/\/www.depoles.com\/hr\/wp-json\/wp\/v2\/product"}],"about":[{"href":"https:\/\/www.depoles.com\/hr\/wp-json\/wp\/v2\/types\/product"}],"wp:featuredmedia":[{"embeddable":true,"href":"https:\/\/www.depoles.com\/hr\/wp-json\/wp\/v2\/media\/1363"}],"wp:attachment":[{"href":"https:\/\/www.depoles.com\/hr\/wp-json\/wp\/v2\/media?parent=1362"}],"wp:term":[{"taxonomy":"product_brand","embeddable":true,"href":"https:\/\/www.depoles.com\/hr\/wp-json\/wp\/v2\/product_brand?post=1362"},{"taxonomy":"product_cat","embeddable":true,"href":"https:\/\/www.depoles.com\/hr\/wp-json\/wp\/v2\/product_cat?post=1362"},{"taxonomy":"product_tag","embeddable":true,"href":"https:\/\/www.depoles.com\/hr\/wp-json\/wp\/v2\/product_tag?post=1362"}],"curies":[{"name":"wp","href":"https:\/\/api.w.org\/{rel}","templated":true}]}}