{"id":1372,"date":"2023-12-05T10:57:35","date_gmt":"2023-12-05T09:57:35","guid":{"rendered":"https:\/\/nova.depoles.com\/trgovina\/debelina-dhm630pro_400v\/"},"modified":"2026-03-13T09:48:40","modified_gmt":"2026-03-13T08:48:40","slug":"debelina-dhm630pro_400v","status":"publish","type":"product","link":"https:\/\/www.depoles.com\/hr\/trgovina\/debelina-dhm630pro_400v\/","title":{"rendered":"Debljina DHM630PRO_400V"},"content":{"rendered":"<p><strong>Tehni\u010dna specifikacija:<\/strong><\/p>\n<ul>\n<li><strong>Motor:<\/strong>\n<ul>\n<li>Mo\u010d motorja S1: 7000 W<\/li>\n<li>Napetost: 400 V \/ 3 \/ 50 Hz<\/li>\n<li>Hitrost podajanja: 4 &#8211; 16 m\/min<\/li>\n<li>Razred za\u0161\u010dite: IP54<\/li>\n<\/ul>\n<\/li>\n<li><strong>Dimenzije:<\/strong>\n<ul>\n<li>Velikost mize: 1050 x 630 mm<\/li>\n<li>Priklju\u010dek za odsesovanje prahu: 150 mm<\/li>\n<li>Skupne dimenzije (\u0160 x D x V): 1060 x 1220 x 1150 mm<\/li>\n<\/ul>\n<\/li>\n<li><strong>Dimenzije obdelovanca:<\/strong>\n<ul>\n<li>Minimalna dol\u017eina obdelovanca: 280 mm<\/li>\n<\/ul>\n<\/li>\n<li><strong>Debeljenje:<\/strong>\n<ul>\n<li>Globina rezanja: 8 mm<\/li>\n<li>Vi\u0161ina debeljenja: 300 mm<\/li>\n<\/ul>\n<\/li>\n<li><strong>Splo\u0161no glajenje:<\/strong>\n<ul>\n<li>Premer gredi: 117 mm<\/li>\n<li>Hitrost gredi: 5500 min\u207b\u00b9<\/li>\n<li>\u0160tevilo no\u017eev: 4<\/li>\n<\/ul>\n<\/li>\n<li><strong>Raven hrupa in vibracije:<\/strong>\n<ul>\n<li>Raven zvo\u010dne mo\u010di: 100 dB(A)<\/li>\n<li>Raven zvo\u010dnega tlaka: 90 dB(A)<\/li>\n<\/ul>\n<\/li>\n<li><strong>Te\u017ea:<\/strong>\n<ul>\n<li>Bruto te\u017ea: 720 kg<\/li>\n<li>Neto te\u017ea: 656 kg<\/li>\n<\/ul>\n<\/li>\n<li><strong>Embal\u017ea:<\/strong>\n<ul>\n<li>\u0160irina embala\u017ee: 1150 mm<\/li>\n<li>Dol\u017eina embala\u017ee: 1220 mm<\/li>\n<li>Vi\u0161ina embala\u017ee: 1300 mm<\/li>\n<\/ul>\n<\/li>\n<li><strong>Splo\u0161ni podatki:<\/strong>\n<ul>\n<li>EAN koda: 9120058379727<\/li>\n<\/ul>\n<\/li>\n<\/ul>\n","protected":false},"excerpt":{"rendered":"<h3>Poudarki<\/h3>\n<ul>\n<li>lo\u010den dovodni motor (550 W) za konstanten dovod<\/li>\n<li>dvi\u017eni motor (250 W) za elektri\u010dno nastavitev vi\u0161ine debelinske mize<\/li>\n<li>maks. debelina skobelj \u0161irina 630 mm<\/li>\n<\/ul>\n<p><strong>Vklju\u010deno v dobavo<\/strong> : 4 x name\u0161\u010deni skobeljni no\u017ei (630 x 30 x 3 mm), merilnik za nastavitev<\/p>\n","protected":false},"featured_media":1373,"template":"","meta":[],"product_brand":[],"product_cat":[1024,1031,1012],"product_tag":[],"class_list":{"0":"post-1372","1":"product","2":"type-product","3":"status-publish","4":"has-post-thumbnail","6":"product_cat-debelinke","7":"product_cat-poravnalke-debelinke","8":"product_cat-stroji-za-les","10":"first","11":"instock","12":"shipping-taxable","13":"purchasable","14":"product-type-simple"},"_links":{"self":[{"href":"https:\/\/www.depoles.com\/hr\/wp-json\/wp\/v2\/product\/1372","targetHints":{"allow":["GET"]}}],"collection":[{"href":"https:\/\/www.depoles.com\/hr\/wp-json\/wp\/v2\/product"}],"about":[{"href":"https:\/\/www.depoles.com\/hr\/wp-json\/wp\/v2\/types\/product"}],"wp:featuredmedia":[{"embeddable":true,"href":"https:\/\/www.depoles.com\/hr\/wp-json\/wp\/v2\/media\/1373"}],"wp:attachment":[{"href":"https:\/\/www.depoles.com\/hr\/wp-json\/wp\/v2\/media?parent=1372"}],"wp:term":[{"taxonomy":"product_brand","embeddable":true,"href":"https:\/\/www.depoles.com\/hr\/wp-json\/wp\/v2\/product_brand?post=1372"},{"taxonomy":"product_cat","embeddable":true,"href":"https:\/\/www.depoles.com\/hr\/wp-json\/wp\/v2\/product_cat?post=1372"},{"taxonomy":"product_tag","embeddable":true,"href":"https:\/\/www.depoles.com\/hr\/wp-json\/wp\/v2\/product_tag?post=1372"}],"curies":[{"name":"wp","href":"https:\/\/api.w.org\/{rel}","templated":true}]}}