{"id":1382,"date":"2023-12-05T10:57:25","date_gmt":"2023-12-05T09:57:25","guid":{"rendered":"https:\/\/nova.depoles.com\/trgovina\/kombinirani-skobeljnik-in-debelinka-hob310eco_400v\/"},"modified":"2026-02-12T13:41:21","modified_gmt":"2026-02-12T12:41:21","slug":"kombinirani-skobeljnik-in-debelinka-hob310eco_400v","status":"publish","type":"product","link":"https:\/\/www.depoles.com\/hr\/trgovina\/kombinirani-skobeljnik-in-debelinka-hob310eco_400v\/","title":{"rendered":"Kombinirani glodalica i debljina HOB310ECO_400V"},"content":{"rendered":"<p><strong>Tehni\u010dna specifikacija<\/strong><\/p>\n<ul>\n<li><strong>Obdelava<\/strong>\n<ul>\n<li>Velikost mizice za skobljanje: 1285 x 310 mm<\/li>\n<li>Vi\u0161ina mizice za debelinsko rezkanje: 852 mm<\/li>\n<li>Maksimalna globina rezkanja pri debelinskemu rezkanju: 3 mm<\/li>\n<li>Vodilo za skobljanje: 1100 x 150 mm<\/li>\n<li>Naklon vodila: 0 &#8211; 45\u00b0<\/li>\n<\/ul>\n<\/li>\n<li><strong>Motorni podatki<\/strong>\n<ul>\n<li>Mo\u010d motorja S1: 2200 W<\/li>\n<li>Napetost: 400 V \/ 50 Hz<\/li>\n<\/ul>\n<\/li>\n<li><strong>Dimenzije<\/strong>\n<ul>\n<li>Odto\u010dni priklju\u010dek za prah: \u00d8 100 mm<\/li>\n<li>Skupne dimenzije: 1285 x 750 x 1000 mm<\/li>\n<\/ul>\n<\/li>\n<li><strong>Debelinsko rezkanje<\/strong>\n<ul>\n<li>Velikost mizice: 545 x 308 mm<\/li>\n<li>Globina rezkanja: 4 mm<\/li>\n<li>Vi\u0161ina debeline: 225 mm<\/li>\n<\/ul>\n<\/li>\n<li><strong>Splo\u0161no skobljanje<\/strong>\n<ul>\n<li>Premer gredi: \u00d8 70 mm<\/li>\n<li>Hitrost gredi: 5500 min\u207b\u00b9<\/li>\n<li>\u0160tevilo rezil: 3<\/li>\n<\/ul>\n<\/li>\n<li><strong>Raven glasnosti in vibracij<\/strong>\n<ul>\n<li>Nivo zvo\u010dne mo\u010di: 103 dB(A)<\/li>\n<li>Nivo zvo\u010dnega pritiska: 89,5 dB(A)<\/li>\n<\/ul>\n<\/li>\n<li><strong>Te\u017ea<\/strong>\n<ul>\n<li>Bruto te\u017ea: 206 kg<\/li>\n<li>Netto te\u017ea: 179,5 kg<\/li>\n<\/ul>\n<\/li>\n<li><strong>Embal\u017ea\u017ea<\/strong>\n<ul>\n<li>\u0160irina embala\u017ee: 565 mm<\/li>\n<li>Dol\u017eina embala\u017ee: 1320 mm<\/li>\n<li>Vi\u0161ina embala\u017ee: 960 mm<\/li>\n<\/ul>\n<\/li>\n<li><strong>Splo\u0161ni podatki<\/strong>\n<ul>\n<li>EAN koda: 9120058379321<\/li>\n<\/ul>\n<\/li>\n<\/ul>\n","protected":false},"excerpt":{"rendered":"<h3>Opis izdelka<\/h3>\n<p>Skobeljna miza omogo\u010da gladko centralno nastavitev vi\u0161ine z vklju\u010denim \u0161tevcem. Opremljena je z no\u017ei za ponovno bru\u0161enje ter spiralnim nazob\u010danim dodajalnim valjem. Nagibna skobeljna ograja omogo\u010da enostavno uporabo, celotno skobeljno mizo pa je mogo\u010de zlo\u017eiti za hitro in enostavno menjavo.<\/p>\n<ul>\n<li>Centralna nastavljiva vi\u0161ina mize z merilnikom<\/li>\n<li>No\u017ei za ponovno bru\u0161enje<\/li>\n<li>Spiralni nazob\u010dani dodajalni valj<\/li>\n<li>Nagibna skobeljna ograja<\/li>\n<li>Enostavna menjava in zlaganje skobeljne mize<\/li>\n<\/ul>\n<p><strong>V dobavo je vklju\u010deno:<\/strong> skobeljna ograja, name\u0161\u010deni skobeljni no\u017ei, merilnik za nastavitev no\u017eev, orodje za monta\u017eo in drsni les.<\/p>\n<p><strong>Izbirno na voljo:<\/strong> enota za vdolbino HOB310ECOLL, magnetna nastavljiva \u0161ablona, mazivo in zbiralniki prahu.<\/p>\n","protected":false},"featured_media":1383,"template":"","meta":[],"product_brand":[],"product_cat":[1031,1012],"product_tag":[],"class_list":{"0":"post-1382","1":"product","2":"type-product","3":"status-publish","4":"has-post-thumbnail","6":"product_cat-poravnalke-debelinke","7":"product_cat-stroji-za-les","9":"first","10":"instock","11":"shipping-taxable","12":"purchasable","13":"product-type-simple"},"_links":{"self":[{"href":"https:\/\/www.depoles.com\/hr\/wp-json\/wp\/v2\/product\/1382","targetHints":{"allow":["GET"]}}],"collection":[{"href":"https:\/\/www.depoles.com\/hr\/wp-json\/wp\/v2\/product"}],"about":[{"href":"https:\/\/www.depoles.com\/hr\/wp-json\/wp\/v2\/types\/product"}],"wp:featuredmedia":[{"embeddable":true,"href":"https:\/\/www.depoles.com\/hr\/wp-json\/wp\/v2\/media\/1383"}],"wp:attachment":[{"href":"https:\/\/www.depoles.com\/hr\/wp-json\/wp\/v2\/media?parent=1382"}],"wp:term":[{"taxonomy":"product_brand","embeddable":true,"href":"https:\/\/www.depoles.com\/hr\/wp-json\/wp\/v2\/product_brand?post=1382"},{"taxonomy":"product_cat","embeddable":true,"href":"https:\/\/www.depoles.com\/hr\/wp-json\/wp\/v2\/product_cat?post=1382"},{"taxonomy":"product_tag","embeddable":true,"href":"https:\/\/www.depoles.com\/hr\/wp-json\/wp\/v2\/product_tag?post=1382"}],"curies":[{"name":"wp","href":"https:\/\/api.w.org\/{rel}","templated":true}]}}