{"id":1389,"date":"2023-12-05T10:57:22","date_gmt":"2023-12-05T09:57:22","guid":{"rendered":"https:\/\/nova.depoles.com\/trgovina\/poravnalka-debelinka-hob-305-pro-spiral-400v\/"},"modified":"2026-02-12T13:39:55","modified_gmt":"2026-02-12T12:39:55","slug":"poravnalka-debelinka-hob-305-pro-spiral-400v","status":"publish","type":"product","link":"https:\/\/www.depoles.com\/hr\/trgovina\/poravnalka-debelinka-hob-305-pro-spiral-400v\/","title":{"rendered":"PORAVNALKA DEBELINKA HOB 305 PRO SPIRALA 400V"},"content":{"rendered":"<p><strong>Tehni\u010dna specifikacija<\/strong><\/p>\n<table>\n<tbody>\n<tr>\n<th colspan=\"2\">Rezkanje<\/th>\n<\/tr>\n<tr>\n<td>Velikost rezkalne mize (mm)<\/td>\n<td>1512 x 400<\/td>\n<\/tr>\n<tr>\n<td>Vi\u0161ina mize za debelinsko rezkanje (mm)<\/td>\n<td>901<\/td>\n<\/tr>\n<tr>\n<td>Najve\u010dja globina rezkanja debeline (mm)<\/td>\n<td>3<\/td>\n<\/tr>\n<tr>\n<td>Vodilo rezkalne mize (mm)<\/td>\n<td>1000 x 160<\/td>\n<\/tr>\n<tr>\n<td>Nagib vodila<\/td>\n<td>90\u00b0-45\u00b0<\/td>\n<\/tr>\n<tr>\n<th colspan=\"2\">Motor<\/th>\n<\/tr>\n<tr>\n<td>Mo\u010d motorja S1 (W)<\/td>\n<td>2200<\/td>\n<\/tr>\n<tr>\n<td>Napetost<\/td>\n<td>400 V \/ 50 Hz<\/td>\n<\/tr>\n<tr>\n<td>Hitrost pomika<\/td>\n<td>5,5 m\/min<\/td>\n<\/tr>\n<tr>\n<th colspan=\"2\">Dimenzije<\/th>\n<\/tr>\n<tr>\n<td>Priklju\u010dek za odsesovanje (mm)<\/td>\n<td>100<\/td>\n<\/tr>\n<tr>\n<td>Skupne dimenzije (mm)<\/td>\n<td>1665 x 575 x 930<\/td>\n<\/tr>\n<tr>\n<th colspan=\"2\">Dimenzije obdelovanca<\/th>\n<\/tr>\n<tr>\n<td>Minimalna debelina obdelovanca (mm)<\/td>\n<td>6<\/td>\n<\/tr>\n<tr>\n<td>Najve\u010dja debelina obdelovanca (mm)<\/td>\n<td>225<\/td>\n<\/tr>\n<tr>\n<th colspan=\"2\">Debelinsko rezkanje<\/th>\n<\/tr>\n<tr>\n<td>Velikost mize (mm)<\/td>\n<td>585 x 300<\/td>\n<\/tr>\n<tr>\n<td>Globina rezkanja (mm)<\/td>\n<td>3<\/td>\n<\/tr>\n<tr>\n<td>Vi\u0161ina debelinskega rezkanja (mm)<\/td>\n<td>225<\/td>\n<\/tr>\n<tr>\n<th colspan=\"2\">Splo\u0161no rezkanje<\/th>\n<\/tr>\n<tr>\n<td>Premer gredi (mm)<\/td>\n<td>74<\/td>\n<\/tr>\n<tr>\n<td>Hitrost gredi (min\u207b\u00b9)<\/td>\n<td>4000<\/td>\n<\/tr>\n<tr>\n<td>\u0160tevilo rezkalnih no\u017eev<\/td>\n<td>24<\/td>\n<\/tr>\n<tr>\n<th colspan=\"2\">Te\u017ea<\/th>\n<\/tr>\n<tr>\n<td>Bruto te\u017ea (kg)<\/td>\n<td>292<\/td>\n<\/tr>\n<tr>\n<td>Netto te\u017ea (kg)<\/td>\n<td>258<\/td>\n<\/tr>\n<tr>\n<th colspan=\"2\">Pakiranje<\/th>\n<\/tr>\n<tr>\n<td>\u0160irina pakiranja (mm)<\/td>\n<td>650<\/td>\n<\/tr>\n<tr>\n<td>Dol\u017eina pakiranja (mm)<\/td>\n<td>1650<\/td>\n<\/tr>\n<tr>\n<td>Vi\u0161ina pakiranja (mm)<\/td>\n<td>1150<\/td>\n<\/tr>\n<tr>\n<th colspan=\"2\">Splo\u0161ni podatki<\/th>\n<\/tr>\n<tr>\n<td>EAN koda<\/td>\n<td>9120058378812<\/td>\n<\/tr>\n<\/tbody>\n<\/table>\n","protected":false},"excerpt":{"rendered":"<h3>Opis izdelka<\/h3>\n<p>Ta spiralni rezalni blok s 24 karbidnimi rezalnimi plo\u0161\u010dicami zagotavlja optimalne rezultate skobljanja. Rezkarski vlo\u017eki iz karbidne trdine so uporabni do \u0161tirikrat in imajo dimenzije 15x15x2,5 mm (30\u00b0). Centralna nastavitev vi\u0161ine debelinske skobeljne mize je gladka, obe mizi iz litega \u017eeleza pa je mogo\u010de zlo\u017eiti za debelino. Izdelek je izdelan z uporabo visokih proizvodnih tehnologij, kot je lasersko rezanje.<\/p>\n<ul>\n<li>Maksimalna \u0161irina skobljanja: 304 mm<\/li>\n<li>Maksimalna debelina skobljanja: 300 mm<\/li>\n<\/ul>\n<p><strong>Vklju\u010deno v dobavo:<\/strong> ograja, name\u0161\u010dene rezalne plo\u0161\u010de iz karbidne trdine, klju\u010d za menjavo rezalnih plo\u0161\u010dic.<\/p>\n","protected":false},"featured_media":1390,"template":"","meta":[],"product_brand":[],"product_cat":[1031,1012],"product_tag":[296,434,653,770],"class_list":{"0":"post-1389","1":"product","2":"type-product","3":"status-publish","4":"has-post-thumbnail","6":"product_cat-poravnalke-debelinke","7":"product_cat-stroji-za-les","8":"product_tag-debelinka","9":"product_tag-hob305","10":"product_tag-poravnalka","11":"product_tag-spiral","13":"first","14":"instock","15":"shipping-taxable","16":"purchasable","17":"product-type-simple"},"_links":{"self":[{"href":"https:\/\/www.depoles.com\/hr\/wp-json\/wp\/v2\/product\/1389","targetHints":{"allow":["GET"]}}],"collection":[{"href":"https:\/\/www.depoles.com\/hr\/wp-json\/wp\/v2\/product"}],"about":[{"href":"https:\/\/www.depoles.com\/hr\/wp-json\/wp\/v2\/types\/product"}],"wp:featuredmedia":[{"embeddable":true,"href":"https:\/\/www.depoles.com\/hr\/wp-json\/wp\/v2\/media\/1390"}],"wp:attachment":[{"href":"https:\/\/www.depoles.com\/hr\/wp-json\/wp\/v2\/media?parent=1389"}],"wp:term":[{"taxonomy":"product_brand","embeddable":true,"href":"https:\/\/www.depoles.com\/hr\/wp-json\/wp\/v2\/product_brand?post=1389"},{"taxonomy":"product_cat","embeddable":true,"href":"https:\/\/www.depoles.com\/hr\/wp-json\/wp\/v2\/product_cat?post=1389"},{"taxonomy":"product_tag","embeddable":true,"href":"https:\/\/www.depoles.com\/hr\/wp-json\/wp\/v2\/product_tag?post=1389"}],"curies":[{"name":"wp","href":"https:\/\/api.w.org\/{rel}","templated":true}]}}