{"id":1395,"date":"2023-12-05T10:57:20","date_gmt":"2023-12-05T09:57:20","guid":{"rendered":"https:\/\/nova.depoles.com\/trgovina\/poravnalka-debelinka-hob-305-pro-spiral-230v\/"},"modified":"2025-12-17T22:19:15","modified_gmt":"2025-12-17T21:19:15","slug":"poravnalka-debelinka-hob-305-pro-spiral-230v","status":"publish","type":"product","link":"https:\/\/www.depoles.com\/hr\/trgovina\/poravnalka-debelinka-hob-305-pro-spiral-230v\/","title":{"rendered":"PORAVNAVA\u010c ZA KOSU HOB 305 PRO SPIRAL 230V"},"content":{"rendered":"<p><strong>Tehni\u010dna specifikacija<\/strong><\/p>\n<ul>\n<li><strong>Rezkalna miza<\/strong>\n<ul>\n<li>Velikost mize: 1512 x 400 mm<\/li>\n<li>Vi\u0161ina mize za debelinsko rezkanje: 901 mm<\/li>\n<li>Najve\u010dja globina rezkanja (debelinsko): 3 mm<\/li>\n<li>Ogrodje rezkalne mize: 100 x 160 mm<\/li>\n<li>Naklon ogrodja: 90\u00b0 &#8211; 45\u00b0<\/li>\n<\/ul>\n<\/li>\n<li><strong>Motor<\/strong>\n<ul>\n<li>Mo\u010d motorja S1: 2200 W<\/li>\n<li>Napetost: 230 V \/ 50 Hz<\/li>\n<li>Hitrost podajanja: 5,5 m\/min<\/li>\n<\/ul>\n<\/li>\n<li><strong>Dimenzije<\/strong>\n<ul>\n<li>Premer priklju\u010dka za odsesavanje: 100 mm<\/li>\n<li>Skupne dimenzije: 1665 x 575 x 930 mm<\/li>\n<\/ul>\n<\/li>\n<li><strong>Debelinsko rezkanje<\/strong>\n<ul>\n<li>Velikost mize: 585 x 300 mm<\/li>\n<li>Globina rezkanja: 3 mm<\/li>\n<li>Vi\u0161ina debeline obdelovanca: 225 mm<\/li>\n<\/ul>\n<\/li>\n<li><strong>Splo\u0161ne lastnosti rezkanja<\/strong>\n<ul>\n<li>Premer gredi: 74 mm<\/li>\n<li>Hitrost vrtenja gredi: 4000 min\u207b\u00b9<\/li>\n<li>\u0160tevilo rezkalnih no\u017eev: 24<\/li>\n<\/ul>\n<\/li>\n<li><strong>Te\u017ea<\/strong>\n<ul>\n<li>Bruto te\u017ea: 292 kg<\/li>\n<li>Netto te\u017ea: 258 kg<\/li>\n<\/ul>\n<\/li>\n<li><strong>Embalaza<\/strong>\n<ul>\n<li>\u0160irina embala\u017ee: 650 mm<\/li>\n<li>Dol\u017eina embala\u017ee: 1650 mm<\/li>\n<li>Vi\u0161ina embala\u017ee: 1150 mm<\/li>\n<\/ul>\n<\/li>\n<li><strong>Splo\u0161ni podatki<\/strong>\n<ul>\n<li>EAN koda: 9120058378829<\/li>\n<\/ul>\n<\/li>\n<\/ul>\n","protected":false},"excerpt":{"rendered":"<h3>Poudarki izdelka<\/h3>\n<p>Skobeljni stroj z naprednimi funkcijami za natan\u010dno in u\u010dinkovito delo:<\/p>\n<ul>\n<li>Spiralni rezalni blok z 24 rezalnimi plo\u0161\u010dicami iz karbidne trdine za optimalne rezultate skobljanja<\/li>\n<li>Rezkarski vlo\u017eki iz karbidne trdine (uporabni do \u0161tirikrat), dimenzije 15 x 15 x 2,5 mm (30\u00b0)<\/li>\n<li>Gladko nastavljiva centralna vi\u0161ina debelinske skobeljne mize<\/li>\n<li>Obe mizi iz litega \u017eeleza z mo\u017enostjo zlaganja za prilagajanje debeline<\/li>\n<li>Visoke proizvodne tehnologije, vklju\u010dno z laserskim rezanjem<\/li>\n<li>Maksimalna \u0161irina skobljanja 304 mm, maksimalna debelina skobljanja 300 mm<\/li>\n<\/ul>\n<p><strong>Vklju\u010deno v dobavo:<\/strong> ograja, name\u0161\u010dene rezalne plo\u0161\u010de iz karbidne trdine ter klju\u010d za menjavo rezalnih plo\u0161\u010dic.<\/p>\n","protected":false},"featured_media":1396,"template":"","meta":[],"product_brand":[],"product_cat":[1031,1012],"product_tag":[],"class_list":{"0":"post-1395","1":"product","2":"type-product","3":"status-publish","4":"has-post-thumbnail","6":"product_cat-poravnalke-debelinke","7":"product_cat-stroji-za-les","9":"first","10":"instock","11":"shipping-taxable","12":"purchasable","13":"product-type-simple"},"_links":{"self":[{"href":"https:\/\/www.depoles.com\/hr\/wp-json\/wp\/v2\/product\/1395","targetHints":{"allow":["GET"]}}],"collection":[{"href":"https:\/\/www.depoles.com\/hr\/wp-json\/wp\/v2\/product"}],"about":[{"href":"https:\/\/www.depoles.com\/hr\/wp-json\/wp\/v2\/types\/product"}],"wp:featuredmedia":[{"embeddable":true,"href":"https:\/\/www.depoles.com\/hr\/wp-json\/wp\/v2\/media\/1396"}],"wp:attachment":[{"href":"https:\/\/www.depoles.com\/hr\/wp-json\/wp\/v2\/media?parent=1395"}],"wp:term":[{"taxonomy":"product_brand","embeddable":true,"href":"https:\/\/www.depoles.com\/hr\/wp-json\/wp\/v2\/product_brand?post=1395"},{"taxonomy":"product_cat","embeddable":true,"href":"https:\/\/www.depoles.com\/hr\/wp-json\/wp\/v2\/product_cat?post=1395"},{"taxonomy":"product_tag","embeddable":true,"href":"https:\/\/www.depoles.com\/hr\/wp-json\/wp\/v2\/product_tag?post=1395"}],"curies":[{"name":"wp","href":"https:\/\/api.w.org\/{rel}","templated":true}]}}