{"id":1404,"date":"2023-12-05T10:57:10","date_gmt":"2023-12-05T09:57:10","guid":{"rendered":"https:\/\/nova.depoles.com\/trgovina\/poravnalka-debelinka-hob-260-eco-400v\/"},"modified":"2026-02-12T13:39:27","modified_gmt":"2026-02-12T12:39:27","slug":"poravnalka-debelinka-hob-260-eco-400v","status":"publish","type":"product","link":"https:\/\/www.depoles.com\/hr\/trgovina\/poravnalka-debelinka-hob-260-eco-400v\/","title":{"rendered":"PORAVNAVA\u010c DEBLJINE HOB 260 ECO 400V"},"content":{"rendered":"<p><strong>Tehni\u010dni podatki<\/strong><\/p>\n<ul>\n<li><strong>Rezkanje<\/strong>\n<ul>\n<li>Maksimalna globina rezkanja: 3 mm<\/li>\n<li>Vodilo rezkalne mize: 700 x 130 mm<\/li>\n<li>Nagib vodila: 90-45\u00b0<\/li>\n<li>Velikost rezkalne mize: 1085 x 256 mm<\/li>\n<\/ul>\n<\/li>\n<li><strong>Motor<\/strong>\n<ul>\n<li>Moc motorja S6: 2100 W<\/li>\n<li>Moc motorja S1: 1500 W<\/li>\n<li>Hitrost podajanja: 5,5 m\/min<\/li>\n<li>Napetost: 400 V \/ 3-fazni \/ 50 Hz<\/li>\n<\/ul>\n<\/li>\n<li><strong>Dimenzije<\/strong>\n<ul>\n<li>Skupne dimenzije: 1084 x 472 x 1050 mm<\/li>\n<li>Vi\u0161ina mize: 850 mm<\/li>\n<li>Priklju\u010dek za odsesavanje: 100 mm<\/li>\n<\/ul>\n<\/li>\n<li><strong>Debeljenje<\/strong>\n<ul>\n<li>Velikost mize: 245 x 590 mm<\/li>\n<li>Globina rezanja: 2 mm<\/li>\n<\/ul>\n<\/li>\n<li><strong>Splo\u0161no rezkanje<\/strong>\n<ul>\n<li>Premer vretena: 75 mm<\/li>\n<li>Hitrost vretena: 4000 min\u207b\u00b9<\/li>\n<li>\u0160tevilo rezil: 3<\/li>\n<\/ul>\n<\/li>\n<li><strong>Raven hrupa in vibracije<\/strong>\n<ul>\n<li>Raven zvo\u010dne mo\u010di: 93 dB(A)<\/li>\n<\/ul>\n<\/li>\n<li><strong>Te\u017ea<\/strong>\n<ul>\n<li>Netto te\u017ea: 146 kg<\/li>\n<li>Bruto te\u017ea: 167,5 kg<\/li>\n<\/ul>\n<\/li>\n<li><strong>Embal\u017ea\u017ea<\/strong>\n<ul>\n<li>Vi\u0161ina embala\u017ee: 750 mm<\/li>\n<li>\u0160irina embala\u017ee: 490 mm<\/li>\n<li>Dol\u017eina embala\u017ee: 1150 mm<\/li>\n<\/ul>\n<\/li>\n<li><strong>Splo\u0161ni podatki<\/strong>\n<ul>\n<li>EAN koda: 9120058373756<\/li>\n<\/ul>\n<\/li>\n<\/ul>\n","protected":false},"excerpt":{"rendered":"<div>Ta izdelek zagotavlja visoko stabilnost s trdno osnovno enoto in ima nastavljivo aluminijasto ograjo ter rezalnik s tremi no\u017ei. Za\u0161\u010ditne mize iz sivega litega \u017eeleza omogo\u010dajo kolateralno vrtenje, kar pripomore k udobnemu delu. \u010cep za zbiranje prahu omogo\u010da delo v okolju brez prahu in \u010dipov.<\/div>\n<ul>\n<li>Trdna osnovna enota za visoko stabilnost<\/li>\n<li>Nastavljiva aluminijasta ograja in rezalnik s 3 no\u017ei<\/li>\n<li>Za\u0161\u010ditne mize iz sivega litega \u017eeleza za kolateralno vrtenje<\/li>\n<li>Udobna debelina<\/li>\n<li>\u010cep za zbiranje prahu za \u010disto delovno okolje<\/li>\n<\/ul>\n<div><strong>Vklju\u010deno v dobavo:<\/strong> no\u017ei za ponovno ostrenje (3 kosi, 250x30x3 mm), ograja, operacijsko orodje, pokrov gredi.<\/div>\n","protected":false},"featured_media":1405,"template":"","meta":[],"product_brand":[],"product_cat":[1031,1012],"product_tag":[295,296,299,314,431,432,653,699],"class_list":{"0":"post-1404","1":"product","2":"type-product","3":"status-publish","4":"has-post-thumbnail","6":"product_cat-poravnalke-debelinke","7":"product_cat-stroji-za-les","8":"product_tag-debelink","9":"product_tag-debelinka","10":"product_tag-debljaca","11":"product_tag-depoles","12":"product_tag-hob260","13":"product_tag-hob260eco","14":"product_tag-poravnalka","15":"product_tag-ravnalica","17":"first","18":"instock","19":"shipping-taxable","20":"purchasable","21":"product-type-simple"},"_links":{"self":[{"href":"https:\/\/www.depoles.com\/hr\/wp-json\/wp\/v2\/product\/1404","targetHints":{"allow":["GET"]}}],"collection":[{"href":"https:\/\/www.depoles.com\/hr\/wp-json\/wp\/v2\/product"}],"about":[{"href":"https:\/\/www.depoles.com\/hr\/wp-json\/wp\/v2\/types\/product"}],"wp:featuredmedia":[{"embeddable":true,"href":"https:\/\/www.depoles.com\/hr\/wp-json\/wp\/v2\/media\/1405"}],"wp:attachment":[{"href":"https:\/\/www.depoles.com\/hr\/wp-json\/wp\/v2\/media?parent=1404"}],"wp:term":[{"taxonomy":"product_brand","embeddable":true,"href":"https:\/\/www.depoles.com\/hr\/wp-json\/wp\/v2\/product_brand?post=1404"},{"taxonomy":"product_cat","embeddable":true,"href":"https:\/\/www.depoles.com\/hr\/wp-json\/wp\/v2\/product_cat?post=1404"},{"taxonomy":"product_tag","embeddable":true,"href":"https:\/\/www.depoles.com\/hr\/wp-json\/wp\/v2\/product_tag?post=1404"}],"curies":[{"name":"wp","href":"https:\/\/api.w.org\/{rel}","templated":true}]}}