{"id":1437,"date":"2023-08-25T13:08:48","date_gmt":"2023-08-25T11:08:48","guid":{"rendered":"https:\/\/nova.depoles.com\/trgovina\/roblandsesalec-dvo-vrecni-robland-dc2\/"},"modified":"2026-03-06T14:00:22","modified_gmt":"2026-03-06T13:00:22","slug":"roblandsesalec-dvo-vrecni-robland-dc2","status":"publish","type":"product","link":"https:\/\/www.depoles.com\/hr\/trgovina\/roblandsesalec-dvo-vrecni-robland-dc2\/","title":{"rendered":"USISAVA\u010c S DVOSTRUKOM VRE\u0106OM ROBLAND DC2"},"content":{"rendered":"","protected":false},"excerpt":{"rendered":"<h6><b>Mobilni zbiralnik prahu in ostru\u017ekov z dvojno vre\u010do s sistemom sponk za enostavno zamenjavo sprejemne vre\u010de<\/b><\/h6>\n<ul>\n<li>premer izvleka: 150 mm ali 2 x 120 mm<\/li>\n<li>mo\u010d motorja: 1,5 kW (S1)<\/li>\n<li>najve\u010dja depresija: 3500 Pa<\/li>\n<li>najve\u010dja hitrost: 47 m\/s<\/li>\n<li>najve\u010dji pretok zraka: 3000 m\u00b3\/h<\/li>\n<li>Povr\u0161ina filtra: 5 m\u00b2<\/li>\n<li>prostornina sprejemne vre\u010de : 2 x 0,1426 m\u00b3<\/li>\n<\/ul>\n","protected":false},"featured_media":1438,"template":"","meta":[],"product_brand":[],"product_cat":[1035,1012],"product_tag":[294,314,661,712,737,855],"class_list":{"0":"post-1437","1":"product","2":"type-product","3":"status-publish","4":"has-post-thumbnail","6":"product_cat-sesalci","7":"product_cat-stroji-za-les","8":"product_tag-dc2","9":"product_tag-depoles","10":"product_tag-power","11":"product_tag-robland","12":"product_tag-sesalec","13":"product_tag-usis","15":"first","16":"instock","17":"shipping-taxable","18":"product-type-simple"},"_links":{"self":[{"href":"https:\/\/www.depoles.com\/hr\/wp-json\/wp\/v2\/product\/1437","targetHints":{"allow":["GET"]}}],"collection":[{"href":"https:\/\/www.depoles.com\/hr\/wp-json\/wp\/v2\/product"}],"about":[{"href":"https:\/\/www.depoles.com\/hr\/wp-json\/wp\/v2\/types\/product"}],"wp:featuredmedia":[{"embeddable":true,"href":"https:\/\/www.depoles.com\/hr\/wp-json\/wp\/v2\/media\/1438"}],"wp:attachment":[{"href":"https:\/\/www.depoles.com\/hr\/wp-json\/wp\/v2\/media?parent=1437"}],"wp:term":[{"taxonomy":"product_brand","embeddable":true,"href":"https:\/\/www.depoles.com\/hr\/wp-json\/wp\/v2\/product_brand?post=1437"},{"taxonomy":"product_cat","embeddable":true,"href":"https:\/\/www.depoles.com\/hr\/wp-json\/wp\/v2\/product_cat?post=1437"},{"taxonomy":"product_tag","embeddable":true,"href":"https:\/\/www.depoles.com\/hr\/wp-json\/wp\/v2\/product_tag?post=1437"}],"curies":[{"name":"wp","href":"https:\/\/api.w.org\/{rel}","templated":true}]}}