{"id":1440,"date":"2023-08-25T13:08:47","date_gmt":"2023-08-25T11:08:47","guid":{"rendered":"https:\/\/nova.depoles.com\/trgovina\/sesalec-robland-dc1\/"},"modified":"2026-03-06T14:00:23","modified_gmt":"2026-03-06T13:00:23","slug":"sesalec-robland-dc1","status":"publish","type":"product","link":"https:\/\/www.depoles.com\/hr\/trgovina\/sesalec-robland-dc1\/","title":{"rendered":"USISAVA\u010c ROBLAND DC1"},"content":{"rendered":"","protected":false},"excerpt":{"rendered":"<h6><b>Mobilna enojna vre\u010da za lesne sekance in zbiralnik prahu s sistemom sponk za enostavno zamenjavo sprejemne vre\u010de<\/b><\/h6>\n<ul>\n<li>premer ekstrakcije: 120 mm ali 100 mm<\/li>\n<li>mo\u010d motorja: 1,1 kW (S1)<\/li>\n<li>najve\u010dja depresija: 2500 Pa<\/li>\n<li>najve\u010dja hitrost: 47 m\/s<\/li>\n<li>najve\u010dji pretok zraka : 1900 m\u00b3\/h<\/li>\n<li>Povr\u0161ina filtra: 2,5 m\u00b2<\/li>\n<li>prostornina sprejemne vre\u010de : 0,1426 m\u00b3<\/li>\n<\/ul>\n","protected":false},"featured_media":1441,"template":"","meta":[],"product_brand":[],"product_cat":[1035,1012],"product_tag":[314,712,737,855],"class_list":{"0":"post-1440","1":"product","2":"type-product","3":"status-publish","4":"has-post-thumbnail","6":"product_cat-sesalci","7":"product_cat-stroji-za-les","8":"product_tag-depoles","9":"product_tag-robland","10":"product_tag-sesalec","11":"product_tag-usis","13":"first","14":"instock","15":"shipping-taxable","16":"product-type-simple"},"_links":{"self":[{"href":"https:\/\/www.depoles.com\/hr\/wp-json\/wp\/v2\/product\/1440","targetHints":{"allow":["GET"]}}],"collection":[{"href":"https:\/\/www.depoles.com\/hr\/wp-json\/wp\/v2\/product"}],"about":[{"href":"https:\/\/www.depoles.com\/hr\/wp-json\/wp\/v2\/types\/product"}],"wp:featuredmedia":[{"embeddable":true,"href":"https:\/\/www.depoles.com\/hr\/wp-json\/wp\/v2\/media\/1441"}],"wp:attachment":[{"href":"https:\/\/www.depoles.com\/hr\/wp-json\/wp\/v2\/media?parent=1440"}],"wp:term":[{"taxonomy":"product_brand","embeddable":true,"href":"https:\/\/www.depoles.com\/hr\/wp-json\/wp\/v2\/product_brand?post=1440"},{"taxonomy":"product_cat","embeddable":true,"href":"https:\/\/www.depoles.com\/hr\/wp-json\/wp\/v2\/product_cat?post=1440"},{"taxonomy":"product_tag","embeddable":true,"href":"https:\/\/www.depoles.com\/hr\/wp-json\/wp\/v2\/product_tag?post=1440"}],"curies":[{"name":"wp","href":"https:\/\/api.w.org\/{rel}","templated":true}]}}