{"id":1458,"date":"2023-08-25T13:08:23","date_gmt":"2023-08-25T11:08:23","guid":{"rendered":"https:\/\/nova.depoles.com\/trgovina\/rezkar-t-120-m-robland\/"},"modified":"2023-08-25T13:08:23","modified_gmt":"2023-08-25T11:08:23","slug":"rezkar-t-120-m-robland","status":"publish","type":"product","link":"https:\/\/www.depoles.com\/hr\/trgovina\/rezkar-t-120-m-robland\/","title":{"rendered":"REZKAR T 120 M ROBLAND"},"content":{"rendered":"","protected":false},"excerpt":{"rendered":"<h6><strong>Napetost<\/strong> 3 x 230 V \/ 3 x 400 V<br \/>\n<strong>Mo\u010d motorja<\/strong> (S6) 7 kW \/ 9,5 KM (opcija 9,2 kW)<br \/>\n<strong>Te\u017ea<\/strong> 655 kg<\/h6>\n<ul>\n<li>Premer osi 30 mm (opcija 35\/50 )<\/li>\n<li>OPCIJA: hitro menjalni spindel MK4\u00a0 \u00a030 \/ 32 \/ 40 \/ 50 mm \/ 1\u201d1\/4<\/li>\n<li>Dol\u017eina vretena 180 mm<\/li>\n<li>Pomik vretena 205 mm<\/li>\n<li>Hitrost vrtenja vretena 3000 \/ 4500 \/ 6000 \/ 7000 \/ 10000 RPM<\/li>\n<li>Dimenzija mize iz litega \u017eeleza 1200 x 705 mm, opcijski podalj\u0161ek mize in raztegljiva podpora (glej sliko)<\/li>\n<li>maks. premer in vi\u0161ina mizne odprtine 320 x 95 mm<\/li>\n<li>Najve\u010dji premer orodja v standardni ograji 260 mm<\/li>\n<li>Vi\u0161ina mize 930 mm<\/li>\n<li>Te\u017eka lito\u017eelezna ograja, ki se premika po linearnih vodilih s siko \u0161tevci<\/li>\n<li>standardno zascita z micro nastavitvami sprednjih vodil \/les<\/li>\n<li>Opcijsko na voljo zasu\u010dna naprava: za la\u017eji opdmik vodila kompletenega<\/li>\n<li>Premer priklopa dosesovanbja 120 mm (2 x )<\/li>\n<\/ul>\n<h4><a href=\"https:\/\/robland.com\/wp-content\/uploads\/2022\/07\/T-EN-LR.pdf\" target=\"_blank\" rel=\"noopener\"><strong>PDF bro\u0161ura<\/strong><\/a><\/h4>\n","protected":false},"featured_media":1459,"template":"","meta":[],"product_brand":[],"product_cat":[1032,1012],"product_tag":[314,382,394,709,712,816,888],"class_list":{"0":"post-1458","1":"product","2":"type-product","3":"status-publish","4":"has-post-thumbnail","6":"product_cat-rezkarji-glodalice","7":"product_cat-stroji-za-les","8":"product_tag-depoles","9":"product_tag-frezer","10":"product_tag-glodalica","11":"product_tag-rezkar","12":"product_tag-robland","13":"product_tag-t120m","14":"product_tag-vrhunski","16":"first","17":"onbackorder","18":"shipping-taxable","19":"product-type-simple"},"_links":{"self":[{"href":"https:\/\/www.depoles.com\/hr\/wp-json\/wp\/v2\/product\/1458","targetHints":{"allow":["GET"]}}],"collection":[{"href":"https:\/\/www.depoles.com\/hr\/wp-json\/wp\/v2\/product"}],"about":[{"href":"https:\/\/www.depoles.com\/hr\/wp-json\/wp\/v2\/types\/product"}],"wp:featuredmedia":[{"embeddable":true,"href":"https:\/\/www.depoles.com\/hr\/wp-json\/wp\/v2\/media\/1459"}],"wp:attachment":[{"href":"https:\/\/www.depoles.com\/hr\/wp-json\/wp\/v2\/media?parent=1458"}],"wp:term":[{"taxonomy":"product_brand","embeddable":true,"href":"https:\/\/www.depoles.com\/hr\/wp-json\/wp\/v2\/product_brand?post=1458"},{"taxonomy":"product_cat","embeddable":true,"href":"https:\/\/www.depoles.com\/hr\/wp-json\/wp\/v2\/product_cat?post=1458"},{"taxonomy":"product_tag","embeddable":true,"href":"https:\/\/www.depoles.com\/hr\/wp-json\/wp\/v2\/product_tag?post=1458"}],"curies":[{"name":"wp","href":"https:\/\/api.w.org\/{rel}","templated":true}]}}