{"id":1461,"date":"2023-08-25T13:08:21","date_gmt":"2023-08-25T11:08:21","guid":{"rendered":"https:\/\/nova.depoles.com\/trgovina\/vretenasti-rezkalnik-t120-e\/"},"modified":"2023-08-25T13:08:21","modified_gmt":"2023-08-25T11:08:21","slug":"vretenasti-rezkalnik-t120-e","status":"publish","type":"product","link":"https:\/\/www.depoles.com\/hr\/trgovina\/vretenasti-rezkalnik-t120-e\/","title":{"rendered":"REZKAR T 120 E ROBLAND"},"content":{"rendered":"","protected":false},"excerpt":{"rendered":"<h6><strong>Napetost<\/strong> 3 x 230 V \/ 3 x 400 V<br \/>\n<strong>Mo\u010d motorja<\/strong> (S6) 7 kW \/ 9,5 KM (opcija 9,2 kW)<br \/>\n<strong>Te\u017ea<\/strong> 560 kg<\/h6>\n<ul>\n<li>Premer osdi fiklsna 30 mm<\/li>\n<li>HITR menjalni spindel MK4\u00a0 \u00a030 \/ 32 \/ 40 \/ 50 mm \/ 1\u201d1\/4 -OPCIJA<\/li>\n<li>Dol\u017eina vretena 180 mm<\/li>\n<li>Motorizirana nastavitev vi\u0161ine osi z digitalnim od\u010ditavanjem vi\u0161ine<\/li>\n<li>Hod vretena 205 mm<\/li>\n<li>Hitrost vrtenja 3000 \/ 4500 \/ 6000 \/ 7000 \/ 10000 RPM<\/li>\n<li>Dimenzije mize iz litega \u017eeleza 1200 x 705 mm, <strong>opcijski<\/strong> podalj\u0161ki mize in raztegljiva opora<\/li>\n<li>maks. premer in vi\u0161ina mizne odprtine 320 x 95 mm<\/li>\n<li>Najve\u010dji premer orodja v standardnem zgornjem pokrovu: 260 mm<\/li>\n<li>Vi\u0161ina mize 930 mm<\/li>\n<li>Te\u017eka lito\u017eelezna zascita, ki se premika po linearnih vodilih s siko \u0161tevci<\/li>\n<li>Standardne aluminijasta vodila -miro nastavitve<\/li>\n<li>Opcijsko na voljo zasu\u010dna naprava za lazjo odstanitev zascite<\/li>\n<li>Premer\u00a0 za prikjlkop odsesovanja 120 mm (dvakrat)<\/li>\n<li><strong>NA VOLJO SE\u00a0 MODEL\u00a0 z NAGIBOM REZKARJA M\/E\/X2 (elektronski pomiki NC)<\/strong><\/li>\n<\/ul>\n<p><a href=\"https:\/\/robland.com\/wp-content\/uploads\/2022\/07\/T-EN-LR.pdf\" target=\"_blank\" rel=\"noopener\"><strong>PDF bro\u0161ura<\/strong><\/a><\/p>\n","protected":false},"featured_media":1462,"template":"","meta":[],"product_brand":[],"product_cat":[1032,1012],"product_tag":[102,314,354,382,394,395,578,617,709,710,712],"class_list":{"0":"post-1461","1":"product","2":"type-product","3":"status-publish","4":"has-post-thumbnail","6":"product_cat-rezkarji-glodalice","7":"product_cat-stroji-za-les","8":"product_tag-120e","9":"product_tag-depoles","10":"product_tag-elektrop","11":"product_tag-frezer","12":"product_tag-glodalica","13":"product_tag-glodalo","14":"product_tag-nagib","15":"product_tag-osi","16":"product_tag-rezkar","17":"product_tag-rezkarja","18":"product_tag-robland","20":"first","21":"onbackorder","22":"shipping-taxable","23":"product-type-simple"},"_links":{"self":[{"href":"https:\/\/www.depoles.com\/hr\/wp-json\/wp\/v2\/product\/1461","targetHints":{"allow":["GET"]}}],"collection":[{"href":"https:\/\/www.depoles.com\/hr\/wp-json\/wp\/v2\/product"}],"about":[{"href":"https:\/\/www.depoles.com\/hr\/wp-json\/wp\/v2\/types\/product"}],"wp:featuredmedia":[{"embeddable":true,"href":"https:\/\/www.depoles.com\/hr\/wp-json\/wp\/v2\/media\/1462"}],"wp:attachment":[{"href":"https:\/\/www.depoles.com\/hr\/wp-json\/wp\/v2\/media?parent=1461"}],"wp:term":[{"taxonomy":"product_brand","embeddable":true,"href":"https:\/\/www.depoles.com\/hr\/wp-json\/wp\/v2\/product_brand?post=1461"},{"taxonomy":"product_cat","embeddable":true,"href":"https:\/\/www.depoles.com\/hr\/wp-json\/wp\/v2\/product_cat?post=1461"},{"taxonomy":"product_tag","embeddable":true,"href":"https:\/\/www.depoles.com\/hr\/wp-json\/wp\/v2\/product_tag?post=1461"}],"curies":[{"name":"wp","href":"https:\/\/api.w.org\/{rel}","templated":true}]}}