{"id":1463,"date":"2023-08-25T13:08:20","date_gmt":"2023-08-25T11:08:20","guid":{"rendered":"https:\/\/nova.depoles.com\/trgovina\/rezkar-z-nagibom-vretena-ti-120-m-robland-belgija\/"},"modified":"2026-03-06T14:00:23","modified_gmt":"2026-03-06T13:00:23","slug":"rezkar-z-nagibom-vretena-ti-120-m-robland-belgija","status":"publish","type":"product","link":"https:\/\/www.depoles.com\/hr\/trgovina\/rezkar-z-nagibom-vretena-ti-120-m-robland-belgija\/","title":{"rendered":"REZKAR S NAGIBOM VRATILA Ti 120-M ROBLAND-BELGIJA"},"content":{"rendered":"","protected":false},"excerpt":{"rendered":"<h5><\/h5>\n<ul>\n<li>Nagib vretena od -5\u00b0 do +45\u00b0 \/ro\u010dno \/OPCIJA: ELEKTRO \/NC\/automatsko<\/li>\n<li>Ro\u010dna nastavitev vi\u0161ine in kota vretena z analognimi prikazi polo\u017eaja z ro\u010dnim kolesom in uro pri razli\u010dici Ti120 M (OPCIJA ELEKTRI\u010cNO)<\/li>\n<li>Elektri\u010dna nastavitev vi\u0161ine in NAGIBA vretena z digitalnim prikazom polo\u017eaja pri razli\u010dici Ti120 EL<\/li>\n<li>Os MK4 za hitro menjavo, premerov 30 \/ 32 \/ 40 \/ 50 mm \/ 1\u201d1\/4<\/li>\n<li>Dol\u017eina vretena 180 mm<\/li>\n<li>Hod vretena 205 mm<\/li>\n<li>Hitrost vrtenja vretena 3000 \/ 4500 \/ 6000 \/ 7000 \/ 10000 RPM<\/li>\n<li>Dimenzija mize iz litega \u017eeleza 1200 x 705 mm, opcijski podalj\u0161ek mize in raztegljiva podpora (glej sliko)<\/li>\n<li>maks. premer in vi\u0161ina mizne odprtine 320 x 95 mm<\/li>\n<li>Najve\u010dji premer orodja v standardni ograji 260 mm<\/li>\n<li>Vi\u0161ina mize 930 mm<\/li>\n<li>Te\u017eka lito\u017eeleznao vodilo, ki se premika po linearnih vodilih s siko \u0161tevci<\/li>\n<li>Standardno aluminijasta vodila spredaj<\/li>\n<li>Opcijsko na voljo zasu\u010dna naprava za la\u017ejo menjavo vodila<\/li>\n<\/ul>\n<p>DOPLA\u010cILA: PODAJALNIK, verzija ELEKTRO in NC kontrol , \u010depilna miza stranska..<\/p>\n<ul>\n<li><\/li>\n<li>Premer zbiralnika prahu 120 mm (dvakrat)<\/li>\n<\/ul>\n<h5><strong>Mo\u010d motorja<\/strong> 7 kW \/ 9,5 Ks\/S6 \/ (opcija 9,2 kW)<br \/>\n<strong>Te\u017ea<\/strong> 655-800 kgg<\/h5>\n<p><a href=\"https:\/\/robland.com\/wp-content\/uploads\/2022\/07\/T-EN-LR.pdf\" target=\"_blank\" rel=\"noopener\"><strong>PDF bro\u0161ura<\/strong><\/a><\/p>\n","protected":false},"featured_media":1464,"template":"","meta":[],"product_brand":[],"product_cat":[1032,1012],"product_tag":[314,578,709,712,815],"class_list":{"0":"post-1463","1":"product","2":"type-product","3":"status-publish","4":"has-post-thumbnail","6":"product_cat-rezkarji-glodalice","7":"product_cat-stroji-za-les","8":"product_tag-depoles","9":"product_tag-nagib","10":"product_tag-rezkar","11":"product_tag-robland","12":"product_tag-t120","14":"first","15":"instock","16":"shipping-taxable","17":"product-type-simple"},"_links":{"self":[{"href":"https:\/\/www.depoles.com\/hr\/wp-json\/wp\/v2\/product\/1463","targetHints":{"allow":["GET"]}}],"collection":[{"href":"https:\/\/www.depoles.com\/hr\/wp-json\/wp\/v2\/product"}],"about":[{"href":"https:\/\/www.depoles.com\/hr\/wp-json\/wp\/v2\/types\/product"}],"wp:featuredmedia":[{"embeddable":true,"href":"https:\/\/www.depoles.com\/hr\/wp-json\/wp\/v2\/media\/1464"}],"wp:attachment":[{"href":"https:\/\/www.depoles.com\/hr\/wp-json\/wp\/v2\/media?parent=1463"}],"wp:term":[{"taxonomy":"product_brand","embeddable":true,"href":"https:\/\/www.depoles.com\/hr\/wp-json\/wp\/v2\/product_brand?post=1463"},{"taxonomy":"product_cat","embeddable":true,"href":"https:\/\/www.depoles.com\/hr\/wp-json\/wp\/v2\/product_cat?post=1463"},{"taxonomy":"product_tag","embeddable":true,"href":"https:\/\/www.depoles.com\/hr\/wp-json\/wp\/v2\/product_tag?post=1463"}],"curies":[{"name":"wp","href":"https:\/\/api.w.org\/{rel}","templated":true}]}}