{"id":1469,"date":"2023-08-25T13:08:15","date_gmt":"2023-08-25T11:08:15","guid":{"rendered":"https:\/\/nova.depoles.com\/trgovina\/kombinirka-robland-nlx-410-pro-2\/"},"modified":"2023-08-25T13:08:15","modified_gmt":"2023-08-25T11:08:15","slug":"kombinirka-robland-nlx-410-pro-2","status":"publish","type":"product","link":"https:\/\/www.depoles.com\/hr\/trgovina\/kombinirka-robland-nlx-410-pro-2\/","title":{"rendered":"KOMBINIRKA ROBLAND NLX 410 PRO"},"content":{"rendered":"","protected":false},"excerpt":{"rendered":"<h5>Pla\u010dila na obroke do 12.000\u20ac uredimo TAKOJ\/pokli\u010dite<br \/>\nNa sliki primer zmontiranega stroja pri stranki!<\/h5>\n<p><strong>\u017dAGALNI DEL:<\/strong><\/p>\n<ul>\n<li class=\"p1\">Hitrost vrtenja \u017eage 4500 RPM<\/li>\n<li class=\"p1\">Max Premer \u017eaginega lista\u00a0 300 x 30 mm<\/li>\n<li class=\"p1\">Vi\u0161ina reza\u00a0 pri 90\u00b0= 100 mm \/i 45\u00b0 =70 mm<\/li>\n<li class=\"p1\">Dimenzija mize iz litega \u017eeleza 1150 x 350 mm<\/li>\n<li class=\"p1\">Dimenzije alu formatnega voza\u00a0 2200 mm (opcija 2800 mm) x 320 mm<\/li>\n<li class=\"p1\">Dol\u017eina reza 2500 mm (opcija 3100 mm)<\/li>\n<li class=\"p1\">\u0160irina reza paralelno na vodilo do 900 mm<\/li>\n<li class=\"p1\">Mo\u010d motorja 3 fazni (S6) 4,85 kW \/ 6,6 KM<\/li>\n<li class=\"p1\">Predrezilo 120 x 20 mm\/motor 1Ks<\/li>\n<\/ul>\n<p class=\"p1\"><b>REZKAR<\/b><\/p>\n<ul>\n<li class=\"p1\">Hitrost\u00a0 2900\/4000\/6000 \/7500\/10000 RPM<\/li>\n<li class=\"p1\">Premer SPINDLA 30 mm (opcija 50 mm)<\/li>\n<li class=\"p1\">Hod 140 mm<\/li>\n<li class=\"p1\">Mere odprtine mize 180 mm<\/li>\n<li class=\"p1\">PROFI ZASCITA Z REZKARJA Z MIKRO NASTAVITVAMI VODIL<\/li>\n<\/ul>\n<p class=\"p1\"><b>PORAVNALKA-DEBELINKA<\/b><\/p>\n<ul>\n<li class=\"p1\">Skupna dol\u017eina skobeljnih miz 1800 mm<\/li>\n<li class=\"p1\">Vi\u0161ina debelinke 230 mm<\/li>\n<li class=\"p1\">Premer skobeljne glave (CLASIC) 70 mm ( opcija: SPIRAL)<\/li>\n<li class=\"p1\">\u0160tevilo no\u017eev 3<\/li>\n<li class=\"p1\">Dimenzije no\u017eev 410 x 25 x 3 mm<\/li>\n<li class=\"p1\">Skobeljna debelina \u0161irine 410 mm<\/li>\n<li class=\"p1\">maks. globina reza 4 mm<\/li>\n<li class=\"p1\">Hitrost podajanja 6 m\/min<\/li>\n<li class=\"p1\">Hitrost vrtenja rezalnega bloka 5200 RPM<\/li>\n<\/ul>\n<p class=\"p1\"><b>VRTALNIK BO\u010cNI (OPCIJA)<\/b><\/p>\n<ul>\n<li class=\"p1\">Vpenjalna glava 0 \u2013 16 mm<\/li>\n<li class=\"p1\">Hod 165 x 140 x 85 mm<\/li>\n<\/ul>\n<p>Za to\u010dno ceno po\u0161ljite povpra\u0161evanje na mail :<a href=\"mailto:info@depoles.com\"> info@depoles.com<\/a> in napisite kaj od opreme potrebujete. Pustite nam tudi Va\u0161e podatke.<\/p>\n<p>&nbsp;<\/p>\n<p><a href=\"https:\/\/robland.com\/wp-content\/uploads\/2022\/07\/X-EN-LR.pdf\" target=\"_blank\" rel=\"noopener\"><strong>PDF bro\u0161ura<\/strong><\/a><\/p>\n<p>https:\/\/www.youtube.com\/watch?v=KVj-IAnFYAA<\/p>\n<p>&nbsp;<\/p>\n","protected":false},"featured_media":1470,"template":"","meta":[],"product_brand":[],"product_cat":[1012],"product_tag":[193,314,500,589,686,712,770,882],"class_list":{"0":"post-1469","1":"product","2":"type-product","3":"status-publish","4":"has-post-thumbnail","6":"product_cat-stroji-za-les","7":"product_tag-alu","8":"product_tag-depoles","9":"product_tag-kombinirka","10":"product_tag-nlx","11":"product_tag-profesionalna","12":"product_tag-robland","13":"product_tag-spiral","14":"product_tag-voz","16":"first","17":"onbackorder","18":"shipping-taxable","19":"product-type-simple"},"_links":{"self":[{"href":"https:\/\/www.depoles.com\/hr\/wp-json\/wp\/v2\/product\/1469","targetHints":{"allow":["GET"]}}],"collection":[{"href":"https:\/\/www.depoles.com\/hr\/wp-json\/wp\/v2\/product"}],"about":[{"href":"https:\/\/www.depoles.com\/hr\/wp-json\/wp\/v2\/types\/product"}],"wp:featuredmedia":[{"embeddable":true,"href":"https:\/\/www.depoles.com\/hr\/wp-json\/wp\/v2\/media\/1470"}],"wp:attachment":[{"href":"https:\/\/www.depoles.com\/hr\/wp-json\/wp\/v2\/media?parent=1469"}],"wp:term":[{"taxonomy":"product_brand","embeddable":true,"href":"https:\/\/www.depoles.com\/hr\/wp-json\/wp\/v2\/product_brand?post=1469"},{"taxonomy":"product_cat","embeddable":true,"href":"https:\/\/www.depoles.com\/hr\/wp-json\/wp\/v2\/product_cat?post=1469"},{"taxonomy":"product_tag","embeddable":true,"href":"https:\/\/www.depoles.com\/hr\/wp-json\/wp\/v2\/product_tag?post=1469"}],"curies":[{"name":"wp","href":"https:\/\/api.w.org\/{rel}","templated":true}]}}