{"id":1503,"date":"2023-08-25T12:32:43","date_gmt":"2023-08-25T10:32:43","guid":{"rendered":"https:\/\/nova.depoles.com\/trgovina\/kolut-za-zracno-cev-lsr10air\/"},"modified":"2026-02-12T13:40:52","modified_gmt":"2026-02-12T12:40:52","slug":"kolut-za-zracno-cev-lsr10air","status":"publish","type":"product","link":"https:\/\/www.depoles.com\/hr\/trgovina\/kolut-za-zracno-cev-lsr10air\/","title":{"rendered":"Kolut za zra\u010dni crijevo LSR10AIR"},"content":{"rendered":"<table>\n<tbody>\n<tr>\n<th colspan=\"2\">Dimenzije<\/th>\n<\/tr>\n<tr>\n<td>Skupne dimenzije (mm)<\/td>\n<td>402 x 163 x 324<\/td>\n<\/tr>\n<tr>\n<th colspan=\"2\">Kolut cevi<\/th>\n<\/tr>\n<tr>\n<td>Material cevi<\/td>\n<td>PVC<\/td>\n<\/tr>\n<tr>\n<td>Dol\u017eina cevi (m)<\/td>\n<td>10 (+1)<\/td>\n<\/tr>\n<tr>\n<td>Notranji premer cevi (mm)<\/td>\n<td>9,2 (3\/8&#8243;)<\/td>\n<\/tr>\n<tr>\n<td>Maksimalni pritisk cevi (bar)<\/td>\n<td>17<\/td>\n<\/tr>\n<tr>\n<td>Vrsta sklopke<\/td>\n<td>2 x (1\/4&#8243;)<\/td>\n<\/tr>\n<tr>\n<th colspan=\"2\">Te\u017ea<\/th>\n<\/tr>\n<tr>\n<td>Bruto te\u017ea (kg)<\/td>\n<td>4,80<\/td>\n<\/tr>\n<tr>\n<td>Netto te\u017ea (kg)<\/td>\n<td>4,20<\/td>\n<\/tr>\n<tr>\n<th colspan=\"2\">Pakiranje<\/th>\n<\/tr>\n<tr>\n<td>\u0160irina pakiranja (mm)<\/td>\n<td>180<\/td>\n<\/tr>\n<tr>\n<td>Dol\u017eina pakiranja (mm)<\/td>\n<td>375<\/td>\n<\/tr>\n<tr>\n<td>Vi\u0161ina pakiranja (mm)<\/td>\n<td>330<\/td>\n<\/tr>\n<tr>\n<th colspan=\"2\">Splo\u0161ni podatki<\/th>\n<\/tr>\n<tr>\n<td>EAN koda<\/td>\n<td>9120058379765<\/td>\n<\/tr>\n<\/tbody>\n<\/table>\n","protected":false},"excerpt":{"rendered":"<h3>Opis izdelka<\/h3>\n<p>&lt;pTa prakti\u010den komplet za zalivanje vklju\u010duje sklop za stensko monta\u017eo in vremensko odporno, trdno ohi\u0161je. Opremljen je z zgoraj name\u0161\u010denim ro\u010dajem za enostavno prena\u0161anje ter posebnim sistemom za samodejno navijanje cevi z rahlim potegom. V kompletu je 10 m + 1,0 m PVC cev ter 2 kosa hitrih par.<\/p>\n","protected":false},"featured_media":1504,"template":"","meta":[],"product_brand":[],"product_cat":[1062,1040],"product_tag":[],"class_list":{"0":"post-1503","1":"product","2":"type-product","3":"status-publish","4":"has-post-thumbnail","6":"product_cat-oprema-za-delavnice-delovne-mize-ponki","7":"product_cat-pnevmatika-zrak-pistole-zabijanje","9":"first","10":"instock","11":"shipping-taxable","12":"purchasable","13":"product-type-simple"},"_links":{"self":[{"href":"https:\/\/www.depoles.com\/hr\/wp-json\/wp\/v2\/product\/1503","targetHints":{"allow":["GET"]}}],"collection":[{"href":"https:\/\/www.depoles.com\/hr\/wp-json\/wp\/v2\/product"}],"about":[{"href":"https:\/\/www.depoles.com\/hr\/wp-json\/wp\/v2\/types\/product"}],"wp:featuredmedia":[{"embeddable":true,"href":"https:\/\/www.depoles.com\/hr\/wp-json\/wp\/v2\/media\/1504"}],"wp:attachment":[{"href":"https:\/\/www.depoles.com\/hr\/wp-json\/wp\/v2\/media?parent=1503"}],"wp:term":[{"taxonomy":"product_brand","embeddable":true,"href":"https:\/\/www.depoles.com\/hr\/wp-json\/wp\/v2\/product_brand?post=1503"},{"taxonomy":"product_cat","embeddable":true,"href":"https:\/\/www.depoles.com\/hr\/wp-json\/wp\/v2\/product_cat?post=1503"},{"taxonomy":"product_tag","embeddable":true,"href":"https:\/\/www.depoles.com\/hr\/wp-json\/wp\/v2\/product_tag?post=1503"}],"curies":[{"name":"wp","href":"https:\/\/api.w.org\/{rel}","templated":true}]}}