{"id":1517,"date":"2023-08-25T12:32:30","date_gmt":"2023-08-25T10:32:30","guid":{"rendered":"https:\/\/nova.depoles.com\/trgovina\/pb-80n-stroj-za-brusenje-tracnih-zag-s-stojalom\/"},"modified":"2026-02-12T13:41:42","modified_gmt":"2026-02-12T12:41:42","slug":"pb-80n-stroj-za-brusenje-tracnih-zag-s-stojalom","status":"publish","type":"product","link":"https:\/\/www.depoles.com\/hr\/trgovina\/pb-80n-stroj-za-brusenje-tracnih-zag-s-stojalom\/","title":{"rendered":"PB 80N STROJ ZA BRU\u0160ENJE TRA\u010cNIH \u017dAG s stalkom"},"content":{"rendered":"<p><strong>Tehni\u010dni podatki<\/strong><\/p>\n<table>\n<tbody>\n<tr>\n<th colspan=\"2\">Podatki o motorju<\/th>\n<\/tr>\n<tr>\n<td>Mo\u010d motorja S6 (W)<\/td>\n<td>380\/270<\/td>\n<\/tr>\n<tr>\n<td>Mo\u010d motorja S1 (W)<\/td>\n<td>250\/180<\/td>\n<\/tr>\n<tr>\n<td>Napetost<\/td>\n<td>230 V<\/td>\n<\/tr>\n<tr>\n<th colspan=\"2\">Te\u017ea<\/th>\n<\/tr>\n<tr>\n<td>Netto te\u017ea (kg)<\/td>\n<td>30<\/td>\n<\/tr>\n<tr>\n<td>Bruto te\u017ea (kg)<\/td>\n<td>33<\/td>\n<\/tr>\n<tr>\n<th colspan=\"2\">Pakiranje<\/th>\n<\/tr>\n<tr>\n<td>Vi\u0161ina pakiranja (mm)<\/td>\n<td>510<\/td>\n<\/tr>\n<tr>\n<td>\u0160irina pakiranja (mm)<\/td>\n<td>400<\/td>\n<\/tr>\n<tr>\n<td>Dol\u017eina pakiranja (mm)<\/td>\n<td>420<\/td>\n<\/tr>\n<tr>\n<th colspan=\"2\">Splo\u0161ni podatki<\/th>\n<\/tr>\n<tr>\n<td>EAN koda<\/td>\n<td>9120039907147<\/td>\n<\/tr>\n<\/tbody>\n<\/table>\n","protected":false},"excerpt":{"rendered":"<h3><\/h3>\n<ul>\n<li>polavtomatski postopek ostrenja z dvema motorjema<\/li>\n<li>enostavno nastavitev in rokovanje<\/li>\n<li>hitro in u\u010dinkovito ponovno ostrenje v va\u0161ih prostorih<\/li>\n<li>za trakove za \u017eaganje lesa in trakove za \u017eaganje<\/li>\n<li>do 70 zob \/ minuto pri avtomatski funkciji<\/li>\n<li>za tra\u010dne \u017eage dol\u017eine 2000-5000 mm, vi\u0161ine 15-50 mm, razdalje do zob 8-30 mm in debeline do 2 mm<\/li>\n<li>brusni disk: 175x6x20mm<\/li>\n<\/ul>\n<p><strong>vklju\u010deno v dobavo:<\/strong> podporne palice za tra\u010dne \u017eage (3pcs), brusni disk, stojalo<\/p>\n","protected":false},"featured_media":1518,"template":"","meta":[],"product_brand":[],"product_cat":[1066,1062,1012,1013],"product_tag":[236,314,426,429,441,632,841,849,900,920],"class_list":{"0":"post-1517","1":"product","2":"type-product","3":"status-publish","4":"has-post-thumbnail","6":"product_cat-brusilniki-poliranje-brusenje","7":"product_cat-oprema-za-delavnice-delovne-mize-ponki","8":"product_cat-stroji-za-les","9":"product_cat-tracna-zaga-za-hlodovino-bbs","10":"product_tag-brusilnik","11":"product_tag-depoles","12":"product_tag-hlod","13":"product_tag-hlodovino","14":"product_tag-holzmann","15":"product_tag-pila","16":"product_tag-tracne","17":"product_tag-trupce","18":"product_tag-woodmizer","19":"product_tag-zage","21":"first","22":"instock","23":"shipping-taxable","24":"purchasable","25":"product-type-simple"},"_links":{"self":[{"href":"https:\/\/www.depoles.com\/hr\/wp-json\/wp\/v2\/product\/1517","targetHints":{"allow":["GET"]}}],"collection":[{"href":"https:\/\/www.depoles.com\/hr\/wp-json\/wp\/v2\/product"}],"about":[{"href":"https:\/\/www.depoles.com\/hr\/wp-json\/wp\/v2\/types\/product"}],"wp:featuredmedia":[{"embeddable":true,"href":"https:\/\/www.depoles.com\/hr\/wp-json\/wp\/v2\/media\/1518"}],"wp:attachment":[{"href":"https:\/\/www.depoles.com\/hr\/wp-json\/wp\/v2\/media?parent=1517"}],"wp:term":[{"taxonomy":"product_brand","embeddable":true,"href":"https:\/\/www.depoles.com\/hr\/wp-json\/wp\/v2\/product_brand?post=1517"},{"taxonomy":"product_cat","embeddable":true,"href":"https:\/\/www.depoles.com\/hr\/wp-json\/wp\/v2\/product_cat?post=1517"},{"taxonomy":"product_tag","embeddable":true,"href":"https:\/\/www.depoles.com\/hr\/wp-json\/wp\/v2\/product_tag?post=1517"}],"curies":[{"name":"wp","href":"https:\/\/api.w.org\/{rel}","templated":true}]}}