{"id":1520,"date":"2023-08-25T12:32:25","date_gmt":"2023-08-25T10:32:25","guid":{"rendered":"https:\/\/nova.depoles.com\/trgovina\/tracna-zaga-za-kovino-bs450_400v\/"},"modified":"2025-12-17T23:19:34","modified_gmt":"2025-12-17T22:19:34","slug":"tracna-zaga-za-kovino-bs450_400v","status":"publish","type":"product","link":"https:\/\/www.depoles.com\/hr\/trgovina\/tracna-zaga-za-kovino-bs450_400v\/","title":{"rendered":"Tra\u010dna pila za metal BS450_400V"},"content":{"rendered":"<p><strong>Tehni\u010dna specifikacija<\/strong><\/p>\n<table>\n<tbody>\n<tr>\n<td><strong>Motor<\/strong><\/td>\n<td><\/td>\n<\/tr>\n<tr>\n<td>Mo\u010d motorja S1<\/td>\n<td>2200 W<\/td>\n<\/tr>\n<tr>\n<td>Napetost<\/td>\n<td>400 V \/ 50 Hz<\/td>\n<\/tr>\n<tr>\n<td><strong>Dimenzije<\/strong><\/td>\n<td><\/td>\n<\/tr>\n<tr>\n<td>Skupne dimenzije (D x \u0160 x V)<\/td>\n<td>1735 x 1350 x 1090(1700) mm<\/td>\n<\/tr>\n<tr>\n<td><strong>Rezanje<\/strong><\/td>\n<td><\/td>\n<\/tr>\n<tr>\n<td>Rezanje okroglega materiala \u00d8 90\u00b0<\/td>\n<td>254 mm<\/td>\n<\/tr>\n<tr>\n<td>Rezanje okroglega materiala \u00d8 45\u00b0<\/td>\n<td>190 mm<\/td>\n<\/tr>\n<tr>\n<td>Rezanje pravokotnega materiala (D x V) 90\u00b0<\/td>\n<td>450 x 200 mm<\/td>\n<\/tr>\n<tr>\n<td>Rezanje pravokotnega materiala (D x V) 45\u00b0<\/td>\n<td>190 x 254 mm<\/td>\n<\/tr>\n<tr>\n<td>Rezanje kvadratnega materiala 90\u00b0<\/td>\n<td>254 mm<\/td>\n<\/tr>\n<tr>\n<td><strong>Tra\u010dne \u017eage<\/strong><\/td>\n<td><\/td>\n<\/tr>\n<tr>\n<td>Tra\u010dna \u017eaga (dol\u017eina x \u0161irina x debelina)<\/td>\n<td>3330 x 27 x 0,9 mm<\/td>\n<\/tr>\n<tr>\n<td>Hitrost trakove \u017eage<\/td>\n<td>25 | 40 | 51 | 71 m\/min<\/td>\n<\/tr>\n<tr>\n<td>Premer vztrajnika<\/td>\n<td>350 mm<\/td>\n<\/tr>\n<tr>\n<td><strong>Raven hrupa in vibracije<\/strong><\/td>\n<td><\/td>\n<\/tr>\n<tr>\n<td>Raven zvo\u010dne mo\u010di<\/td>\n<td>89 dB(A)<\/td>\n<\/tr>\n<tr>\n<td>Raven zvo\u010dnega tlaka<\/td>\n<td>74,3 dB(A)<\/td>\n<\/tr>\n<tr>\n<td><strong>Te\u017ea<\/strong><\/td>\n<td><\/td>\n<\/tr>\n<tr>\n<td>Bruto te\u017ea<\/td>\n<td>360,50 kg<\/td>\n<\/tr>\n<tr>\n<td>Neto te\u017ea<\/td>\n<td>340 kg<\/td>\n<\/tr>\n<tr>\n<td><strong>Embal\u017ea<\/strong><\/td>\n<td><\/td>\n<\/tr>\n<tr>\n<td>\u0160irina embala\u017ee<\/td>\n<td>760 mm<\/td>\n<\/tr>\n<tr>\n<td>Dol\u017eina embala\u017ee<\/td>\n<td>1800 mm<\/td>\n<\/tr>\n<tr>\n<td>Vi\u0161ina embala\u017ee<\/td>\n<td>1130 mm<\/td>\n<\/tr>\n<tr>\n<td><strong>Splo\u0161ni podatki<\/strong><\/td>\n<td><\/td>\n<\/tr>\n<tr>\n<td>EAN koda<\/td>\n<td>9120058379345<\/td>\n<\/tr>\n<\/tbody>\n<\/table>\n","protected":false},"excerpt":{"rendered":"<h3>Poudarki<\/h3>\n<ul>\n<li> natan\u010dna tra\u010dna \u017eaga za kovine v zasnovi za te\u017eka dela<\/li>\n<li> nastavitev kota reza: L: 0-45\u00b0<\/li>\n<li> po kon\u010danem rezu avtomatski izklop s kon\u010dnim stikalom<\/li>\n<li> robusten prime\u017e (vi\u0161ina povr\u0161ine do tal = 594 mm)<\/li>\n<li> hidravli\u010dni cilinder za brezstopenjsko nastavljivo hitrost spu\u0161\u010danja<\/li>\n<li> manometer za prikaz pravilne napetosti \u017eaginega lista<\/li>\n<li> stojalo za stroj z rezervoarjem za hladilno teko\u010dino (25 l) in \u010drpalko hladilne teko\u010dine (25 W)<\/li>\n<\/ul>\n<p> <strong>Vklju\u010deno v dostavo<\/strong> : Bimetalni \u017eagin list (M42) 3300 x 27 x 0,9 mm (TPI 4\/6)<\/p><\/p>\n","protected":false},"featured_media":1521,"template":"","meta":[],"product_brand":[],"product_cat":[1043,1060],"product_tag":[],"class_list":{"0":"post-1520","1":"product","2":"type-product","3":"status-publish","4":"has-post-thumbnail","6":"product_cat-stroji-za-kovine","7":"product_cat-tracne-zage-za-kovino","9":"first","10":"instock","11":"shipping-taxable","12":"purchasable","13":"product-type-simple"},"_links":{"self":[{"href":"https:\/\/www.depoles.com\/hr\/wp-json\/wp\/v2\/product\/1520","targetHints":{"allow":["GET"]}}],"collection":[{"href":"https:\/\/www.depoles.com\/hr\/wp-json\/wp\/v2\/product"}],"about":[{"href":"https:\/\/www.depoles.com\/hr\/wp-json\/wp\/v2\/types\/product"}],"wp:featuredmedia":[{"embeddable":true,"href":"https:\/\/www.depoles.com\/hr\/wp-json\/wp\/v2\/media\/1521"}],"wp:attachment":[{"href":"https:\/\/www.depoles.com\/hr\/wp-json\/wp\/v2\/media?parent=1520"}],"wp:term":[{"taxonomy":"product_brand","embeddable":true,"href":"https:\/\/www.depoles.com\/hr\/wp-json\/wp\/v2\/product_brand?post=1520"},{"taxonomy":"product_cat","embeddable":true,"href":"https:\/\/www.depoles.com\/hr\/wp-json\/wp\/v2\/product_cat?post=1520"},{"taxonomy":"product_tag","embeddable":true,"href":"https:\/\/www.depoles.com\/hr\/wp-json\/wp\/v2\/product_tag?post=1520"}],"curies":[{"name":"wp","href":"https:\/\/api.w.org\/{rel}","templated":true}]}}