{"id":1536,"date":"2023-08-25T12:32:05","date_gmt":"2023-08-25T10:32:05","guid":{"rendered":"https:\/\/nova.depoles.com\/trgovina\/prenosna-zaga-za-hlode-za-motorko-mobas2\/"},"modified":"2026-02-13T09:21:15","modified_gmt":"2026-02-13T08:21:15","slug":"prenosna-zaga-za-hlode-za-motorko-mobas2","status":"publish","type":"product","link":"https:\/\/www.depoles.com\/hr\/trgovina\/prenosna-zaga-za-hlode-za-motorko-mobas2\/","title":{"rendered":"Prijenosna pila za trupce za motorne pile MOBAS2"},"content":{"rendered":"<p><strong>Tehni\u010dni podatki:<\/strong><\/p>\n<ul>\n<li><strong>Te\u017ea:<\/strong>\n<ul>\n<li>Bruto te\u017ea: 60 kg<\/li>\n<li>Netto te\u017ea: 58 kg<\/li>\n<\/ul>\n<\/li>\n<li><strong>Pakiranje:<\/strong>\n<ul>\n<li>\u0160irina pakiranja: 440 mm<\/li>\n<li>Dol\u017eina pakiranja: 1.530 mm<\/li>\n<li>Vi\u0161ina pakiranja: 165 mm<\/li>\n<\/ul>\n<\/li>\n<li><strong>Splo\u0161ni podatki:<\/strong>\n<ul>\n<li>EAN koda: 9120058379628<\/li>\n<\/ul>\n<\/li>\n<\/ul>\n","protected":false},"excerpt":{"rendered":"<h3><\/h3>\n<ul>\n<li>ro\u010dica za nastavitev vi\u0161ine z lestvico na stolpcu<\/li>\n<li>tra\u010dnica\u00a0 (osnovna razli\u010dica 2,1 m dol\u017eine reza)<\/li>\n<li>Ro\u010daj za varno in udobno vodenje va\u0161e motorne \u017eage vklj. naprava za ro\u010dico za plin<\/li>\n<li>podporna stojala (2 kosa) vklj. dr\u017ealo za hlode\/sponko<\/li>\n<li>maks. hlod \u00d8 400 mm<\/li>\n<\/ul>\n","protected":false},"featured_media":1537,"template":"","meta":[],"product_brand":[],"product_cat":[1012,1013],"product_tag":[314,426,429,441,564,572,675,700],"class_list":{"0":"post-1536","1":"product","2":"type-product","3":"status-publish","4":"has-post-thumbnail","6":"product_cat-stroji-za-les","7":"product_cat-tracna-zaga-za-hlodovino-bbs","8":"product_tag-depoles","9":"product_tag-hlod","10":"product_tag-hlodovino","11":"product_tag-holzmann","12":"product_tag-mobas","13":"product_tag-motorka","14":"product_tag-prenosna","15":"product_tag-razrez","17":"first","18":"instock","19":"shipping-taxable","20":"purchasable","21":"product-type-simple"},"_links":{"self":[{"href":"https:\/\/www.depoles.com\/hr\/wp-json\/wp\/v2\/product\/1536","targetHints":{"allow":["GET"]}}],"collection":[{"href":"https:\/\/www.depoles.com\/hr\/wp-json\/wp\/v2\/product"}],"about":[{"href":"https:\/\/www.depoles.com\/hr\/wp-json\/wp\/v2\/types\/product"}],"wp:featuredmedia":[{"embeddable":true,"href":"https:\/\/www.depoles.com\/hr\/wp-json\/wp\/v2\/media\/1537"}],"wp:attachment":[{"href":"https:\/\/www.depoles.com\/hr\/wp-json\/wp\/v2\/media?parent=1536"}],"wp:term":[{"taxonomy":"product_brand","embeddable":true,"href":"https:\/\/www.depoles.com\/hr\/wp-json\/wp\/v2\/product_brand?post=1536"},{"taxonomy":"product_cat","embeddable":true,"href":"https:\/\/www.depoles.com\/hr\/wp-json\/wp\/v2\/product_cat?post=1536"},{"taxonomy":"product_tag","embeddable":true,"href":"https:\/\/www.depoles.com\/hr\/wp-json\/wp\/v2\/product_tag?post=1536"}],"curies":[{"name":"wp","href":"https:\/\/api.w.org\/{rel}","templated":true}]}}