{"id":1555,"date":"2023-08-25T12:31:45","date_gmt":"2023-08-25T10:31:45","guid":{"rendered":"https:\/\/nova.depoles.com\/trgovina\/lepilka-kam-35-smartdia-holzmann\/"},"modified":"2026-02-12T13:42:43","modified_gmt":"2026-02-12T12:42:43","slug":"lepilka-kam-35-smartdia-holzmann","status":"publish","type":"product","link":"https:\/\/www.depoles.com\/hr\/trgovina\/lepilka-kam-35-smartdia-holzmann\/","title":{"rendered":"LJEPLJIVA PI\u0160TOLJ KAM 35 SMART+DIA HOLZMANN"},"content":{"rendered":"<p>&nbsp;<\/p>\n<div class=\"row\">\n<div class=\"zusatzInfo\">\n<div>PLC zaslon na dotik<\/div>\n<div class=\"clearfix\">PVC \/ABS do 3 mm<\/div>\n<div>pomik 8 m\/min<\/div>\n<div>min dol\u017eina panela 70 mm<\/div>\n<div>min \u0161irina panela 80 mm<\/div>\n<div>min debelina panela 12 mm<\/div>\n<div>max debelina panela 45 mm<\/div>\n<div>\u0161irina traku od 15-48 mm<\/div>\n<div>pritisk 6-7 bar<\/div>\n<div>726\/655 kg<\/div>\n<div>dimezija stroja 2790&#215;1320 x 1380 mm<\/div>\n<div>skupna poraba elektrike 6,2Kw\/400V<\/div>\n<div>pakiranje za transport 2440 x645 x 1285 mm<\/div>\n<\/div>\n<\/div>\n<div><\/div>\n","protected":false},"excerpt":{"rendered":"<h5>TRENUTNO NAJBOLJ PRODAJANA LEPILKA NA TRGU Z DIA PREDREZKARJI !<\/h5>\n<h5><strong>NOVO!PLA\u010cILA NA OBROKE TUDI ZA FIRME\/Doo\/S.P. in fizi\u010dne osebe do 15.000 \u20ac za SLO \/Pokli\u010dite 040\/884 630!<\/strong><\/h5>\n<ul>\n<li>DIA PREDREZKARJI 50 mm<\/li>\n<li>PLC zaslon na dotik<\/li>\n<li>enostranski avtomatski stroj za robno lepljenje z\n<ul>\n<li>enota za predhodno rezkanje (dvojno vrtenje rezalnika levo\/desno) z opremljenim rezkalnikom \u00f880 mm; 1,1kW motor na enoto in 12000min-1 hitrost rezalnika<\/li>\n<li>posoda za lepilo z nadzorom ogrevanja in neposrednim dovajanjem lepila na ravne obdelovance<\/li>\n<li>pre\u010dna \u017eaga za rezanje robnega traku (ena enota za sprednjo in zadnjo stran) 0,37kW motor in 12000min-1 (hitrost \u017eaginega lista)<\/li>\n<li>dvojna obrezovalna enota za obrezovanje robnega previsa na obdelovancu (zgoraj\/spodaj) ; 0,35KW motor na enoto in 12000min-1<\/li>\n<li>r-strgalo (zgornja\/spodnja stran)<\/li>\n<li>polirna enota (zgoraj\/spodaj) 0,18 kW na enoto in 1400min-1<\/li>\n<\/ul>\n<\/li>\n<li>samodejno in konstantno podajanje plo\u0161\u010d zahvaljujo\u010d veri\u017enemu transportnemu pogonu in mo\u010dnemu motorju<\/li>\n<li>temperaturo lepljenja je mogo\u010de nastaviti elektronsko na zaslonu na dotik<\/li>\n<li>podporna miza za robne trakove<\/li>\n<\/ul>\n<p>Video do stroja kliknite <a href=\"https:\/\/www.youtube.com\/watch?v=zoOXFWnO7P0\">TUKAJ!<\/a><\/p>\n<p><strong>Vklju\u010deno v dostavo<\/strong> : 2 x rezkarji za predhodno rezkanje (\u00f880x\u00f820&#215;55 mm), 2 x \u017eagin list (\u00f8104x\u00f822&#215;3), 2 x polirna plo\u0161\u010da (\u00f8150mm), 2 x r-strgalo, 2 x rezila za dvojno rezkalno enoto<\/p>\n<p><strong>Video do stroja kliknite <a href=\"https:\/\/www.youtube.com\/watch?v=zoOXFWnO7P0\">TUKAJ<\/a><\/strong><\/p>\n","protected":false},"featured_media":1556,"template":"","meta":[],"product_brand":[],"product_cat":[1033,1012],"product_tag":[314,441,462,467,532,668],"class_list":{"0":"post-1555","1":"product","2":"type-product","3":"status-publish","4":"has-post-thumbnail","6":"product_cat-robne-lepilke","7":"product_cat-stroji-za-les","8":"product_tag-depoles","9":"product_tag-holzmann","10":"product_tag-kam","11":"product_tag-kanterica","12":"product_tag-lepilka","13":"product_tag-predrezkarji","15":"first","16":"instock","17":"shipping-taxable","18":"purchasable","19":"product-type-simple"},"_links":{"self":[{"href":"https:\/\/www.depoles.com\/hr\/wp-json\/wp\/v2\/product\/1555","targetHints":{"allow":["GET"]}}],"collection":[{"href":"https:\/\/www.depoles.com\/hr\/wp-json\/wp\/v2\/product"}],"about":[{"href":"https:\/\/www.depoles.com\/hr\/wp-json\/wp\/v2\/types\/product"}],"wp:featuredmedia":[{"embeddable":true,"href":"https:\/\/www.depoles.com\/hr\/wp-json\/wp\/v2\/media\/1556"}],"wp:attachment":[{"href":"https:\/\/www.depoles.com\/hr\/wp-json\/wp\/v2\/media?parent=1555"}],"wp:term":[{"taxonomy":"product_brand","embeddable":true,"href":"https:\/\/www.depoles.com\/hr\/wp-json\/wp\/v2\/product_brand?post=1555"},{"taxonomy":"product_cat","embeddable":true,"href":"https:\/\/www.depoles.com\/hr\/wp-json\/wp\/v2\/product_cat?post=1555"},{"taxonomy":"product_tag","embeddable":true,"href":"https:\/\/www.depoles.com\/hr\/wp-json\/wp\/v2\/product_tag?post=1555"}],"curies":[{"name":"wp","href":"https:\/\/api.w.org\/{rel}","templated":true}]}}