{"id":1563,"date":"2023-08-25T12:31:43","date_gmt":"2023-08-25T10:31:43","guid":{"rendered":"https:\/\/nova.depoles.com\/trgovina\/stojalo-za-struznico-d460ug\/"},"modified":"2026-02-12T13:41:56","modified_gmt":"2026-02-12T12:41:56","slug":"stojalo-za-struznico-d460ug","status":"publish","type":"product","link":"https:\/\/www.depoles.com\/hr\/trgovina\/stojalo-za-struznico-d460ug\/","title":{"rendered":"Stalak za tokarski stroj D460UG"},"content":{"rendered":"<p><strong>Tehni\u010dni podatki:<\/strong><\/p>\n<ul>\n<li><strong>Dimenzije (v mm):<\/strong> najmanj 710 x 597 x 620<\/li>\n<li><strong>Te\u017ea:<\/strong>\n<ul>\n<li>Bruto te\u017ea: 21 kg<\/li>\n<li>Netto te\u017ea: 19,80 kg<\/li>\n<\/ul>\n<\/li>\n<li><strong>Embala\u017ea (v mm):<\/strong>\n<ul>\n<li>\u0160irina: 450<\/li>\n<li>Dol\u017eina: 640<\/li>\n<li>Vi\u0161ina: 200<\/li>\n<\/ul>\n<\/li>\n<li><strong>Splo\u0161ni podatki:<\/strong>\n<ul>\n<li>EAN koda: 9120058379703<\/li>\n<\/ul>\n<\/li>\n<\/ul>\n","protected":false},"excerpt":{"rendered":"<p>Delovna miza z nastavljivo vi\u0161ino in dol\u017eino, primerna za razli\u010dne potrebe in zanesljivo nosilnostjo do 100 kg. Poudarki:<\/p>\n<ul>\n<li>maksimalna nosilnost 100 kg<\/li>\n<li>nastavljiva delovna vi\u0161ina od 640 do 865 mm (stopenjsko)<\/li>\n<li>dol\u017eina prilagodljiva med 620 in 965 mm<\/li>\n<li>dimenzija monta\u017ene plo\u0161\u010de: 230 x 110 mm<\/li>\n<\/ul>\n","protected":false},"featured_media":1564,"template":"","meta":[],"product_brand":[],"product_cat":[1012,1037],"product_tag":[],"class_list":{"0":"post-1563","1":"product","2":"type-product","3":"status-publish","4":"has-post-thumbnail","6":"product_cat-stroji-za-les","7":"product_cat-struznice-za-les","9":"first","10":"instock","11":"shipping-taxable","12":"purchasable","13":"product-type-simple"},"_links":{"self":[{"href":"https:\/\/www.depoles.com\/hr\/wp-json\/wp\/v2\/product\/1563","targetHints":{"allow":["GET"]}}],"collection":[{"href":"https:\/\/www.depoles.com\/hr\/wp-json\/wp\/v2\/product"}],"about":[{"href":"https:\/\/www.depoles.com\/hr\/wp-json\/wp\/v2\/types\/product"}],"wp:featuredmedia":[{"embeddable":true,"href":"https:\/\/www.depoles.com\/hr\/wp-json\/wp\/v2\/media\/1564"}],"wp:attachment":[{"href":"https:\/\/www.depoles.com\/hr\/wp-json\/wp\/v2\/media?parent=1563"}],"wp:term":[{"taxonomy":"product_brand","embeddable":true,"href":"https:\/\/www.depoles.com\/hr\/wp-json\/wp\/v2\/product_brand?post=1563"},{"taxonomy":"product_cat","embeddable":true,"href":"https:\/\/www.depoles.com\/hr\/wp-json\/wp\/v2\/product_cat?post=1563"},{"taxonomy":"product_tag","embeddable":true,"href":"https:\/\/www.depoles.com\/hr\/wp-json\/wp\/v2\/product_tag?post=1563"}],"curies":[{"name":"wp","href":"https:\/\/api.w.org\/{rel}","templated":true}]}}