{"id":1565,"date":"2023-08-25T12:31:41","date_gmt":"2023-08-25T10:31:41","guid":{"rendered":"https:\/\/nova.depoles.com\/trgovina\/formatna-zaga-fks305v16top\/"},"modified":"2025-12-17T14:45:35","modified_gmt":"2025-12-17T13:45:35","slug":"formatna-zaga-fks305v16top","status":"publish","type":"product","link":"https:\/\/www.depoles.com\/hr\/trgovina\/formatna-zaga-fks305v16top\/","title":{"rendered":"FORMATNA PILA FKS305V16TOP"},"content":{"rendered":"<p><strong>Tehni\u010dni podatki<\/strong><\/p>\n<ul>\n<li><strong>Motor<\/strong>\n<ul>\n<li>Mo\u010d motorja S1: 5500 W<\/li>\n<li>Napetost: 400 V \/ 50 Hz<\/li>\n<\/ul>\n<\/li>\n<li><strong>Dimenzije<\/strong>\n<ul>\n<li>Vi\u0161ina mize: 890 mm<\/li>\n<li>Drsna miza: 1600 x 370 mm<\/li>\n<li>Podalj\u0161ek mize: 900 x 500 mm<\/li>\n<li>Sesalni priklju\u010dek: \u00d8100 \/ (\u00d850) mm<\/li>\n<li>Skupne dimenzije: 3100 x 1800 x 890 mm<\/li>\n<\/ul>\n<\/li>\n<li><strong>Rezanje<\/strong>\n<ul>\n<li>Maksimalna \u0161irina rezanja ob paralelni ograji: 1250 mm<\/li>\n<\/ul>\n<\/li>\n<li><strong>Kro\u017ene \u017eage<\/strong>\n<ul>\n<li>Premer \u017eaginega lista: 250-315 mm (\/30)<\/li>\n<li>Hitrost \u017eaginega lista: (I) 4000 min\u207b\u00b9, (II) 6000 min\u207b\u00b9<\/li>\n<li>Premer rezalne \u017eage: \u00d8120 x 20 x 3,2-4,2\/2,2 mm<\/li>\n<li>Mo\u010d motorja rezalne enote: 750 W<\/li>\n<li>Hitrost rezalne enote: 8000 min\u207b\u00b9<\/li>\n<li>Naklon \u017eaginega lista: 0-45\u00b0<\/li>\n<\/ul>\n<\/li>\n<li><strong>Raven zvoka in vibracije<\/strong>\n<ul>\n<li>Raven zvo\u010dne mo\u010di: 90 dB(A)<\/li>\n<li>Raven zvo\u010dnega tlaka: 88,2 dB(A)<\/li>\n<\/ul>\n<\/li>\n<li><strong>Te\u017ea<\/strong>\n<ul>\n<li>Bruto te\u017ea: 570 kg<\/li>\n<li>Netto te\u017ea: 490 kg<\/li>\n<\/ul>\n<\/li>\n<li><strong>Pakiranje<\/strong>\n<ul>\n<li>\u0160irina pakiranja: 1.150 mm<\/li>\n<li>Dol\u017eina pakiranja: 1.400 mm<\/li>\n<li>Vi\u0161ina pakiranja: 1.130 mm<\/li>\n<\/ul>\n<\/li>\n<li><strong>Splo\u0161ni podatki<\/strong>\n<ul>\n<li>EAN koda: 9120058379697<\/li>\n<\/ul>\n<\/li>\n<\/ul>\n","protected":false},"excerpt":{"rendered":"<h3><\/h3>\n<ul>\n<li>trden dizajn.<\/li>\n<li>z natan\u010dno aluminijasto drsno mizo in podalj\u0161kom, idealnim za obdelavo obdelovancev in rezanje plo\u0161\u010d na \u017eeleno velikost<\/li>\n<li>Delovna miza iz litega \u017eeleza (935 x 610 mm) vklj. mizna raz\u0161iritev (900 x 500 mm) in mizni podalj\u0161ek (600 x 520 mm) iz masivne jeklene konstrukcije<\/li>\n<li>izvle\u010dna miza 900 x 500 mm + pre\u010dna ograja 1200 &#8211; 2280 mm<\/li>\n<li>vklju\u010dno z zapisovalnikom z lastnim motorjem in ro\u010dno nastavitvijo vi\u0161ine in strani<\/li>\n<li>ro\u010dno nagibni \u017eagin list 0\u00b0-45\u00b0 (prek indikatorja kota)<\/li>\n<li>ro\u010dna nastavitev vi\u0161ine lista glavne \u017eage in rezila<\/li>\n<\/ul>\n<p><strong>Vklju\u010deno v dobavo:<\/strong> glavni \u017eagin list (TCT: \u00d8300 x 30 x 3,2 mm T(72)) in zarezni \u017eagin list (\u00d8120 x 20 x 3-3,8 T=24)<\/p>\n","protected":false},"featured_media":1566,"template":"","meta":[],"product_brand":[],"product_cat":[1025,1012],"product_tag":[374,377,632,918],"class_list":{"0":"post-1565","1":"product","2":"type-product","3":"status-publish","4":"has-post-thumbnail","6":"product_cat-formatne-zage","7":"product_cat-stroji-za-les","8":"product_tag-fks","9":"product_tag-formatna","10":"product_tag-pila","11":"product_tag-zaga","13":"first","14":"instock","15":"shipping-taxable","16":"purchasable","17":"product-type-simple"},"_links":{"self":[{"href":"https:\/\/www.depoles.com\/hr\/wp-json\/wp\/v2\/product\/1565","targetHints":{"allow":["GET"]}}],"collection":[{"href":"https:\/\/www.depoles.com\/hr\/wp-json\/wp\/v2\/product"}],"about":[{"href":"https:\/\/www.depoles.com\/hr\/wp-json\/wp\/v2\/types\/product"}],"wp:featuredmedia":[{"embeddable":true,"href":"https:\/\/www.depoles.com\/hr\/wp-json\/wp\/v2\/media\/1566"}],"wp:attachment":[{"href":"https:\/\/www.depoles.com\/hr\/wp-json\/wp\/v2\/media?parent=1565"}],"wp:term":[{"taxonomy":"product_brand","embeddable":true,"href":"https:\/\/www.depoles.com\/hr\/wp-json\/wp\/v2\/product_brand?post=1565"},{"taxonomy":"product_cat","embeddable":true,"href":"https:\/\/www.depoles.com\/hr\/wp-json\/wp\/v2\/product_cat?post=1565"},{"taxonomy":"product_tag","embeddable":true,"href":"https:\/\/www.depoles.com\/hr\/wp-json\/wp\/v2\/product_tag?post=1565"}],"curies":[{"name":"wp","href":"https:\/\/api.w.org\/{rel}","templated":true}]}}