{"id":1567,"date":"2023-08-25T12:31:37","date_gmt":"2023-08-25T10:31:37","guid":{"rendered":"https:\/\/nova.depoles.com\/trgovina\/formatna-zaga-fks400v32top_400v\/"},"modified":"2025-12-17T14:45:44","modified_gmt":"2025-12-17T13:45:44","slug":"formatna-zaga-fks400v32top_400v","status":"publish","type":"product","link":"https:\/\/www.depoles.com\/hr\/trgovina\/formatna-zaga-fks400v32top_400v\/","title":{"rendered":"FORMATNA PILA FKS400V32TOP_400V"},"content":{"rendered":"<p><strong>Tehni\u010dni podatki<\/strong><\/p>\n<ul>\n<li><strong>Motor<\/strong>\n<ul>\n<li>Mo\u010d motorja S1: 5500 W (\/750 W)<\/li>\n<li>Napetost: 400 V \/ 50 Hz<\/li>\n<\/ul>\n<\/li>\n<li><strong>Dimenzije<\/strong>\n<ul>\n<li>Vi\u0161ina mize: 890 mm<\/li>\n<li>Sesalni priklju\u010dek: 1x \u00d8100 mm, 1x \u00d880 mm<\/li>\n<li>Skupne dimenzije: 4730 x 4860 x 1470 mm<\/li>\n<li>Drsna miza: 3200 x 435 mm<\/li>\n<li>Podalj\u0161ek mize: 1200 x 550 mm<\/li>\n<\/ul>\n<\/li>\n<li><strong>Rezalne zmogljivosti<\/strong>\n<ul>\n<li>Maksimalna rezalna \u0161irina ob paralelnem vodilu: 1300 mm<\/li>\n<\/ul>\n<\/li>\n<li><strong>Kro\u017ene \u017eage<\/strong>\n<ul>\n<li>Premer \u017eaginega lista: 250-400 mm (\/ 30 mm)<\/li>\n<li>Hitrost \u017eaginega lista: (I) 3000, (II) 4000, (III) 5000 min\u207b\u00b9<\/li>\n<li>Premer \u017eaginega lista za utore: \u00d8120 x 20 x 3,2-4,2\/2,2 mm<\/li>\n<li>Mo\u010d motorja \u017eage za utore: 750 W<\/li>\n<li>Hitrost \u017eage za utore: 8000 min\u207b\u00b9<\/li>\n<li>Nastavitev nagiba \u017eaginega lista: 0-45\u00b0<\/li>\n<\/ul>\n<\/li>\n<li><strong>Raven hrupa in vibracije<\/strong>\n<ul>\n<li>Raven zvo\u010dne mo\u010di: 90 dB(A)<\/li>\n<li>Raven zvo\u010dnega tlaka: 88,2 dB(A)<\/li>\n<\/ul>\n<\/li>\n<li><strong>Te\u017ea<\/strong>\n<ul>\n<li>Bruto te\u017ea: 1110 kg<\/li>\n<li>Netto te\u017ea: 930 kg<\/li>\n<\/ul>\n<\/li>\n<li><strong>Embal\u017ea\u017ea<\/strong>\n<ul>\n<li>\u0160irina embala\u017ee: 1350 mm<\/li>\n<li>Dol\u017eina embala\u017ee: 2200 mm<\/li>\n<li>Vi\u0161ina embala\u017ee: 1170 mm<\/li>\n<\/ul>\n<\/li>\n<li><strong>Splo\u0161ni podatki<\/strong>\n<ul>\n<li>EAN koda: 9120058379437<\/li>\n<\/ul>\n<\/li>\n<\/ul>\n","protected":false},"excerpt":{"rendered":"<h3><\/h3>\n<ul>\n<li>industrijski dizajn<\/li>\n<li>z veliko aluminijasto drsno mizo in podalj\u0161kom, idealnim za obdelavo velikih obdelovancev in rezanje velikih, te\u017ekih plo\u0161\u010d na \u017eeljeno velikost<\/li>\n<li>delovna miza iz litega \u017eeleza (1100 x 700 mm) vklj. raz\u0161iritev mize (900 x 830 mm) in podalj\u0161ek mize (610 x 600 mm) iz masivne jeklene konstrukcije<\/li>\n<li>Auslegertisch 1200 x 550 mm + rezana ograja z 1950 &#8211; 3300 mm<\/li>\n<li>vklju\u010dno z zapisovalnikom z lastnim motorjem<\/li>\n<li>ro\u010dno nagibni \u017eagin list 0\u00b0-45\u00b0 (prek indikatorja kota)<\/li>\n<li>elektri\u010dna nastavitev vi\u0161ine lista glavne \u017eage in rezila<\/li>\n<li>maks. vi\u0161ina reza 130 mm s premerom \u017eaginega lista 400 mm<\/li>\n<\/ul>\n<p><strong>Vklju\u010deno v dostavo<\/strong> : glavni \u017eagin list (TCT: \u00d8300 x 30 x 3,2 mm T(72)) in zarezni \u017eagin list (\u00d8120 x 20 x 3-3,8 T=2*12ES)<\/p>\n","protected":false},"featured_media":1568,"template":"","meta":[],"product_brand":[],"product_cat":[1025,1012],"product_tag":[314,376,377,440,578,632,918],"class_list":{"0":"post-1567","1":"product","2":"type-product","3":"status-publish","4":"has-post-thumbnail","6":"product_cat-formatne-zage","7":"product_cat-stroji-za-les","8":"product_tag-depoles","9":"product_tag-formatizer","10":"product_tag-formatna","11":"product_tag-holzman","12":"product_tag-nagib","13":"product_tag-pila","14":"product_tag-zaga","16":"first","17":"instock","18":"shipping-taxable","19":"purchasable","20":"product-type-simple"},"_links":{"self":[{"href":"https:\/\/www.depoles.com\/hr\/wp-json\/wp\/v2\/product\/1567","targetHints":{"allow":["GET"]}}],"collection":[{"href":"https:\/\/www.depoles.com\/hr\/wp-json\/wp\/v2\/product"}],"about":[{"href":"https:\/\/www.depoles.com\/hr\/wp-json\/wp\/v2\/types\/product"}],"wp:featuredmedia":[{"embeddable":true,"href":"https:\/\/www.depoles.com\/hr\/wp-json\/wp\/v2\/media\/1568"}],"wp:attachment":[{"href":"https:\/\/www.depoles.com\/hr\/wp-json\/wp\/v2\/media?parent=1567"}],"wp:term":[{"taxonomy":"product_brand","embeddable":true,"href":"https:\/\/www.depoles.com\/hr\/wp-json\/wp\/v2\/product_brand?post=1567"},{"taxonomy":"product_cat","embeddable":true,"href":"https:\/\/www.depoles.com\/hr\/wp-json\/wp\/v2\/product_cat?post=1567"},{"taxonomy":"product_tag","embeddable":true,"href":"https:\/\/www.depoles.com\/hr\/wp-json\/wp\/v2\/product_tag?post=1567"}],"curies":[{"name":"wp","href":"https:\/\/api.w.org\/{rel}","templated":true}]}}