{"id":1575,"date":"2023-08-25T12:31:27","date_gmt":"2023-08-25T10:31:27","guid":{"rendered":"https:\/\/nova.depoles.com\/trgovina\/formatna-zaga-fks-305-v32top_400v\/"},"modified":"2026-02-12T13:42:40","modified_gmt":"2026-02-12T12:42:40","slug":"formatna-zaga-fks-305-v32top_400v","status":"publish","type":"product","link":"https:\/\/www.depoles.com\/hr\/trgovina\/formatna-zaga-fks-305-v32top_400v\/","title":{"rendered":"FORMATNA PILA FKS 305 V32TOP_400V"},"content":{"rendered":"<p><strong>Tehni\u010dni podatki<\/strong><\/p>\n<ul>\n<li><strong>Podatki o motorju<\/strong>\n<ul>\n<li>Mo\u010d motorja S1: 5500 W (\/750 W)<\/li>\n<li>Napetost: 400 V \/ 50 Hz<\/li>\n<\/ul>\n<\/li>\n<li><strong>Mere<\/strong>\n<ul>\n<li>Vi\u0161ina mize: 890 mm<\/li>\n<li>Drsna miza: 3200 x 360 mm<\/li>\n<li>Podalj\u0161ek mize: 1220 x 530 mm<\/li>\n<li>Odto\u010dni priklju\u010dek: 100 mm<\/li>\n<li>Skupne dimenzije: 3250 x 3390 x 870 mm<\/li>\n<\/ul>\n<\/li>\n<li><strong>Rezanje<\/strong>\n<ul>\n<li>Najve\u010dja \u0161irina rezanja ob paralelnem vodilu: 1250 mm<\/li>\n<\/ul>\n<\/li>\n<li><strong>Kro\u017ene \u017eage<\/strong>\n<ul>\n<li>Premer \u017eaginega lista: 250-315 mm (\/30 mm)<\/li>\n<li>Hitrost \u017eaginega lista: (I) 4000 min\u207b\u00b9, (II) 6000 min\u207b\u00b9<\/li>\n<li>Premer utirne \u017eage: \u00d8120 x 20 x 3,2-4,2\/2,2 mm<\/li>\n<li>Mo\u010d motorja utirne enote: 750 W<\/li>\n<li>Hitrost utirne enote: 8000 min\u207b\u00b9<\/li>\n<li>Naklon \u017eaginega lista: 0-45\u00b0<\/li>\n<\/ul>\n<\/li>\n<li><strong>Raven glasnosti in vibracije<\/strong>\n<ul>\n<li>Raven zvo\u010dne mo\u010di: 90 dB(A)<\/li>\n<li>Raven zvo\u010dnega tlaka: 88,2 dB(A)<\/li>\n<\/ul>\n<\/li>\n<li><strong>Te\u017ea<\/strong>\n<ul>\n<li>Bruto te\u017ea: 810 kg<\/li>\n<li>Netto te\u017ea: 645 kg<\/li>\n<\/ul>\n<\/li>\n<li><strong>Pakiranje<\/strong>\n<ul>\n<li>\u0160irina pakiranja: 1150 mm<\/li>\n<li>Dol\u017eina pakiranja: 2200 mm<\/li>\n<li>Vi\u0161ina pakiranja: 1150 mm<\/li>\n<\/ul>\n<\/li>\n<li><strong>Splo\u0161ni podatki<\/strong>\n<ul>\n<li>EAN koda: 9120058379444<\/li>\n<\/ul>\n<\/li>\n<\/ul>\n","protected":false},"excerpt":{"rendered":"<h5>NOVE SERIJE in POPOLNOMA NOVI VRHUNSKI MODELI STROJEV HOLZMANN za PROFI in INDUSTRIJSKO NAMEMBNOST za leto 2024\/vrhunski alu voz z CVT vodili<\/h5>\n<ul>\n<li>profesionalna formatna \u017eaga z\u00a0 vrhunskim alu formatnom vozom\u00a0 CVT<\/li>\n<li>dimenzije 3200 x 360 mm<\/li>\n<li>idealen profesionalni stroj za obdelavo velikih obdelovancev in rezanje velikih, te\u017ekih plo\u0161\u010d na \u017eeljeno velikost<\/li>\n<li>Delovna miza iz litega \u017eeleza (935 x 600 mm) vklj. mizna raz\u0161iritev (900 x 500 mm) in mizni podalj\u0161ek (600 x 520 mm) iz masivne jeklene konstrukcije<\/li>\n<li>podprorna miza \/okvir 1200 x 530 mm + pre\u010dno vodilo izvle\u010dno masivno 1950 &#8211; 3300 mm<\/li>\n<li>nagibni \u017eaginega lista 0\u00b0-45\u00b0 (prek indikatorja kota) DIGI prikaz<\/li>\n<li>ro\u010dna nastavitev vi\u0161ine lista glavne \u017eage in predrezila<\/li>\n<\/ul>\n<p><strong>Vklju\u010deno v dobavo:<\/strong> glavni \u017eagin list (TCT: \u00d8300 x 30 x 3,2 mm T(72)) in zarezni \u017eagin list (\u00d8120 x 20 x 3-3,8 T=24)<\/p>\n","protected":false},"featured_media":1576,"template":"","meta":[],"product_brand":[],"product_cat":[1025,1012],"product_tag":[287,314,377,443,578,632,666,669,918],"class_list":{"0":"post-1575","1":"product","2":"type-product","3":"status-publish","4":"has-post-thumbnail","6":"product_cat-formatne-zage","7":"product_cat-stroji-za-les","8":"product_tag-cvt","9":"product_tag-depoles","10":"product_tag-formatna","11":"product_tag-hoolzmann","12":"product_tag-nagib","13":"product_tag-pila","14":"product_tag-predrezilo","15":"product_tag-predrzac","16":"product_tag-zaga","18":"first","19":"instock","20":"shipping-taxable","21":"purchasable","22":"product-type-simple"},"_links":{"self":[{"href":"https:\/\/www.depoles.com\/hr\/wp-json\/wp\/v2\/product\/1575","targetHints":{"allow":["GET"]}}],"collection":[{"href":"https:\/\/www.depoles.com\/hr\/wp-json\/wp\/v2\/product"}],"about":[{"href":"https:\/\/www.depoles.com\/hr\/wp-json\/wp\/v2\/types\/product"}],"wp:featuredmedia":[{"embeddable":true,"href":"https:\/\/www.depoles.com\/hr\/wp-json\/wp\/v2\/media\/1576"}],"wp:attachment":[{"href":"https:\/\/www.depoles.com\/hr\/wp-json\/wp\/v2\/media?parent=1575"}],"wp:term":[{"taxonomy":"product_brand","embeddable":true,"href":"https:\/\/www.depoles.com\/hr\/wp-json\/wp\/v2\/product_brand?post=1575"},{"taxonomy":"product_cat","embeddable":true,"href":"https:\/\/www.depoles.com\/hr\/wp-json\/wp\/v2\/product_cat?post=1575"},{"taxonomy":"product_tag","embeddable":true,"href":"https:\/\/www.depoles.com\/hr\/wp-json\/wp\/v2\/product_tag?post=1575"}],"curies":[{"name":"wp","href":"https:\/\/api.w.org\/{rel}","templated":true}]}}