{"id":1585,"date":"2023-08-25T12:31:23","date_gmt":"2023-08-25T10:31:23","guid":{"rendered":"https:\/\/nova.depoles.com\/trgovina\/formatna-zaga-fks-400-v32-pro-nc\/"},"modified":"2026-03-13T13:38:11","modified_gmt":"2026-03-13T12:38:11","slug":"formatna-zaga-fks-400-v32-pro-nc","status":"publish","type":"product","link":"https:\/\/www.depoles.com\/hr\/trgovina\/formatna-zaga-fks-400-v32-pro-nc\/","title":{"rendered":"FORMATNA PILA FKS 400 V32 PRO NC"},"content":{"rendered":"<p><strong>\u00a0FROMATNA \u017dAGA <span style=\"color: #ff0000;\">FKS 400 V32 PRO 3 AXE CNC<\/span><\/strong><\/p>\n<p><strong>Tehni\u010dni podatki<\/strong><\/p>\n<ul>\n<li><strong>Motor:<\/strong>\n<ul>\n<li>Mo\u010d motorja S1: 5500 W (\/750 W)<\/li>\n<li>Napetost: 400 V \/ 50 Hz<\/li>\n<\/ul>\n<\/li>\n<li><strong>Mere:<\/strong>\n<ul>\n<li>Vi\u0161ina mize: 890 mm<\/li>\n<li>Drsna miza: 3200 x 435 mm<\/li>\n<li>Podalj\u0161ek mize: 1200 x 550 mm<\/li>\n<li>Sesalni priklju\u010dek: 1x \u00d8 100 mm \/ 1x \u00d8 80 mm<\/li>\n<li>Skupne dimenzije: 4760 x 5010 x 1700 mm<\/li>\n<\/ul>\n<\/li>\n<li><strong>Rezanje:<\/strong>\n<ul>\n<li>Najve\u010dja \u0161irina rezanja pri paralelni ograji: 1300 mm<\/li>\n<\/ul>\n<\/li>\n<li><strong>Kro\u017ene \u017eage:<\/strong>\n<ul>\n<li>Premer \u017eaginega lista: 250-400 mm (\/30 mm)<\/li>\n<li>Hitrost \u017eaginega lista: 3000 (I), 4000 (II), 5000 (III) min\u207b\u00b9<\/li>\n<li>Premer re\u017eilnega \u017eaginega lista: \u00d8120 x 20 x 3,2-4,2 \/ 2,2 mm<\/li>\n<li>Mo\u010d motorja re\u017eilne enote: 750 W<\/li>\n<li>Hitrost re\u017eilne enote: 8000 min\u207b\u00b9<\/li>\n<li>Nagib \u017eaginega lista: 0-45\u00b0<\/li>\n<\/ul>\n<\/li>\n<li><strong>Raven hrupa in vibracije:<\/strong>\n<ul>\n<li>Raven zvo\u010dne mo\u010di: 90 dB(A)<\/li>\n<li>Raven zvo\u010dnega tlaka: 88,2 dB(A)<\/li>\n<\/ul>\n<\/li>\n<li><strong>Te\u017ea:<\/strong>\n<ul>\n<li>Bruto te\u017ea: 1.240 kg<\/li>\n<li>Netto te\u017ea: 1.044 kg<\/li>\n<\/ul>\n<\/li>\n<li><strong>Pakiranje:<\/strong>\n<ul>\n<li>\u0160irina pakiranja: 2.350 mm<\/li>\n<li>Dol\u017eina pakiranja: 2.200 mm<\/li>\n<li>Vi\u0161ina pakiranja: 1.200 mm<\/li>\n<\/ul>\n<\/li>\n<li><strong>Splo\u0161no:<\/strong>\n<ul>\n<li>EAN koda: 9120058379420<\/li>\n<\/ul>\n<\/li>\n<\/ul>\n<p><iframe loading=\"lazy\" title=\"HOLZMANN FKS400V32PRO_400V (Formatkreiss\u00e4ge \/ panel saw) official HOLZMANN\" width=\"1290\" height=\"726\" src=\"https:\/\/www.youtube.com\/embed\/vsSAF6QABes?feature=oembed\" frameborder=\"0\" allow=\"accelerometer; autoplay; clipboard-write; encrypted-media; gyroscope; picture-in-picture; web-share\" referrerpolicy=\"strict-origin-when-cross-origin\" allowfullscreen><\/iframe><\/p>\n<p>&nbsp;<\/p>\n","protected":false},"excerpt":{"rendered":"<h4>UREDIMO PLA\u010cILO NA OBROKE TAKOJ DO 15000\u20ac BREZ OBISKA BANKE<br \/>\n<span style=\"color: #ff0000;\">VRHUNSKA FORMATNA \u017dAGA 3 OSNA KONTROLA\/automatskj pomiki<\/span><\/h4>\n<h5 style=\"text-align: center;\">DEFENETIVNO ENA NAJBOLJSIH ODLO\u010cITEV ZA NAKUPA IN MO\u010cNO POVE\u010cANJE KAPACITETE in KVALITETE ODREZA<\/h5>\n<ul>\n<li><strong>FKS 400 V 32 PRO NC<\/strong><\/li>\n<li>zelo hitri in popolnoma natan\u010dni pomiki \u017eage gor dol in vodila na navojnem vretenu v desno<\/li>\n<li>vrhunski formatni voz CVT 3200 x 435 mm\/blokiranje v vsaki poziciji<\/li>\n<li>PLC zaslon na dotik na odmi\u010dni konzoli<\/li>\n<li>Elektronski pomik desnega paralelnega vodila preko navojnega vretene\/pomiki so extremno hitri in popolnoma natan\u010dni na 0,01 mm<\/li>\n<li>\u017daga 400 mm\/vi\u0161ina 130 mm\/Motor 7,5 Ks<\/li>\n<li>Elektronski dvig\/spust \u017eage in samodejni nagib \u017eage preko PLC<\/li>\n<li>Predrezilo s svojim motorjem 1Ks<\/li>\n<li>Masivna alu vodila in omejilci<\/li>\n<li>Vrhunski industrijski setup stroja<\/li>\n<li>delovna miza iz litega \u017eeleza (1100 x 700 mm) vklj. raz\u0161iritev mize (1040 x 920 mm) in podalj\u0161ek mize (610 x 600 mm) iz masivne jeklene konstrukcije<\/li>\n<li>izvle\u010dna miza 1200 x 550 mm + pre\u010dno vodilo 1950 &#8211; 3300 mm<\/li>\n<\/ul>\n<p><strong>Vklju\u010deno v dobavo:<\/strong> glavni \u017eagin list (TCT: \u00d8300 x 30 x 3,2 mm T(72)) in zarezni \u017eagin list (\u00d8120 x 20 x 3-3,8 T=2*12ES)<\/p>\n","protected":false},"featured_media":1586,"template":"","meta":[],"product_brand":[],"product_cat":[1025,1012],"product_tag":[278,377,586,918],"class_list":{"0":"post-1585","1":"product","2":"type-product","3":"status-publish","4":"has-post-thumbnail","6":"product_cat-formatne-zage","7":"product_cat-stroji-za-les","8":"product_tag-cnc","9":"product_tag-formatna","10":"product_tag-nc","11":"product_tag-zaga","13":"first","14":"instock","15":"sale","16":"shipping-taxable","17":"purchasable","18":"product-type-simple"},"_links":{"self":[{"href":"https:\/\/www.depoles.com\/hr\/wp-json\/wp\/v2\/product\/1585","targetHints":{"allow":["GET"]}}],"collection":[{"href":"https:\/\/www.depoles.com\/hr\/wp-json\/wp\/v2\/product"}],"about":[{"href":"https:\/\/www.depoles.com\/hr\/wp-json\/wp\/v2\/types\/product"}],"wp:featuredmedia":[{"embeddable":true,"href":"https:\/\/www.depoles.com\/hr\/wp-json\/wp\/v2\/media\/1586"}],"wp:attachment":[{"href":"https:\/\/www.depoles.com\/hr\/wp-json\/wp\/v2\/media?parent=1585"}],"wp:term":[{"taxonomy":"product_brand","embeddable":true,"href":"https:\/\/www.depoles.com\/hr\/wp-json\/wp\/v2\/product_brand?post=1585"},{"taxonomy":"product_cat","embeddable":true,"href":"https:\/\/www.depoles.com\/hr\/wp-json\/wp\/v2\/product_cat?post=1585"},{"taxonomy":"product_tag","embeddable":true,"href":"https:\/\/www.depoles.com\/hr\/wp-json\/wp\/v2\/product_tag?post=1585"}],"curies":[{"name":"wp","href":"https:\/\/api.w.org\/{rel}","templated":true}]}}