{"id":1592,"date":"2023-08-25T12:31:08","date_gmt":"2023-08-25T10:31:08","guid":{"rendered":"https:\/\/nova.depoles.com\/trgovina\/poravnalka-debelinka-hob-260-mini-230v\/"},"modified":"2026-03-10T13:00:10","modified_gmt":"2026-03-10T12:00:10","slug":"poravnalka-debelinka-hob-260-mini-230v","status":"publish","type":"product","link":"https:\/\/www.depoles.com\/hr\/trgovina\/poravnalka-debelinka-hob-260-mini-230v\/","title":{"rendered":"PORAVNAVA DEBLJINE HOB 260 MINI\/230V"},"content":{"rendered":"<p><strong>Tehni\u010dni podatki<\/strong><\/p>\n<ul>\n<li><strong>Oblaganje (planing)<\/strong>\n<ul>\n<li>Velikost mize: 1040 x 260 mm<\/li>\n<li>Najve\u010dja globina rezanja: 3 mm<\/li>\n<li>Vodilo za oblaganje: 1100 x 150 mm<\/li>\n<li>Naklon vodila: 90-45\u00b0<\/li>\n<\/ul>\n<\/li>\n<li><strong>Motor<\/strong>\n<ul>\n<li>Mo\u010d motorja S6: 2200 W<\/li>\n<li>Napetost: 230 V \/ 50 Hz<\/li>\n<li>Hitrost podajanja: 5 m\/min<\/li>\n<\/ul>\n<\/li>\n<li><strong>Dimenzije<\/strong>\n<ul>\n<li>Vi\u0161ina mize: 860 mm<\/li>\n<li>Priklju\u010dek za sesanje: 100 mm<\/li>\n<\/ul>\n<\/li>\n<li><strong>Debelinsko stru\u017eenje (thicknessing)<\/strong>\n<ul>\n<li>Velikost mize: 400 x 260 mm<\/li>\n<li>Globina rezanja: 3 mm<\/li>\n<li>Vi\u0161ina debelinskega stru\u017eenja: 160 mm<\/li>\n<\/ul>\n<\/li>\n<li><strong>Splo\u0161no oblaganje (general planing)<\/strong>\n<ul>\n<li>Premer gredi: 63 mm<\/li>\n<li>Hitrost gredi: 6500 min\u207b\u00b9<\/li>\n<li>\u0160tevilo rezil na rezalniku: 2<\/li>\n<\/ul>\n<\/li>\n<li><strong>Raven hrupa in vibracije<\/strong>\n<ul>\n<li>Raven zvo\u010dne mo\u010di: 102,1 \/ 99,1 dB(A)<\/li>\n<li>Raven zvo\u010dnega pritiska: 95,6 \/ 91,5 dB(A)<\/li>\n<\/ul>\n<\/li>\n<li><strong>Te\u017ea<\/strong>\n<ul>\n<li>Bruto te\u017ea: 84 kg<\/li>\n<li>Netto te\u017ea: 75 kg<\/li>\n<\/ul>\n<\/li>\n<li><strong>Embal\u017ea\u017ea<\/strong>\n<ul>\n<li>\u0160irina embala\u017ee: 570 mm<\/li>\n<li>Dol\u017eina embala\u017ee: 710 mm<\/li>\n<li>Vi\u0161ina embala\u017ee: 590 mm<\/li>\n<\/ul>\n<\/li>\n<li><strong>Splo\u0161ni podatki<\/strong>\n<ul>\n<li>EAN koda: 9120058379574<\/li>\n<\/ul>\n<\/li>\n<\/ul>\n","protected":false},"excerpt":{"rendered":"<h5>odli\u010den stroj za hoby ali tudi kaj ve\u010d!Mo\u017enost pla\u010dila na obroke preko LEANPAY! TAKOJ<\/h5>\n<ul>\n<li>kompaktni skobeljni stroj \/ poravnalka -debelinka<\/li>\n<li>preprosta pretvorba iz skobeljnika v debelinko<\/li>\n<li>debelinska skobeljna miza iz polne sive litine<\/li>\n<li>menjalno rezilo skobeljnika<\/li>\n<li>vodilo poravnalke 90\u00b0-45\u00b0 nagibna<\/li>\n<li>z integriranimi kolesi za premikanje stroja po delavnici<\/li>\n<\/ul>\n<p><strong>Vklju\u010deno v dostavo<\/strong> : 2 menjalan skobeljna no\u017ea (260 x 18,6 x 1,2 mm)<\/p>\n","protected":false},"featured_media":1593,"template":"","meta":[],"product_brand":[],"product_cat":[1031,1012],"product_tag":[296,314,431,441,500,556,653],"class_list":{"0":"post-1592","1":"product","2":"type-product","3":"status-publish","4":"has-post-thumbnail","6":"product_cat-poravnalke-debelinke","7":"product_cat-stroji-za-les","8":"product_tag-debelinka","9":"product_tag-depoles","10":"product_tag-hob260","11":"product_tag-holzmann","12":"product_tag-kombinirka","13":"product_tag-mini","14":"product_tag-poravnalka","16":"first","17":"instock","18":"shipping-taxable","19":"purchasable","20":"product-type-simple"},"_links":{"self":[{"href":"https:\/\/www.depoles.com\/hr\/wp-json\/wp\/v2\/product\/1592","targetHints":{"allow":["GET"]}}],"collection":[{"href":"https:\/\/www.depoles.com\/hr\/wp-json\/wp\/v2\/product"}],"about":[{"href":"https:\/\/www.depoles.com\/hr\/wp-json\/wp\/v2\/types\/product"}],"wp:featuredmedia":[{"embeddable":true,"href":"https:\/\/www.depoles.com\/hr\/wp-json\/wp\/v2\/media\/1593"}],"wp:attachment":[{"href":"https:\/\/www.depoles.com\/hr\/wp-json\/wp\/v2\/media?parent=1592"}],"wp:term":[{"taxonomy":"product_brand","embeddable":true,"href":"https:\/\/www.depoles.com\/hr\/wp-json\/wp\/v2\/product_brand?post=1592"},{"taxonomy":"product_cat","embeddable":true,"href":"https:\/\/www.depoles.com\/hr\/wp-json\/wp\/v2\/product_cat?post=1592"},{"taxonomy":"product_tag","embeddable":true,"href":"https:\/\/www.depoles.com\/hr\/wp-json\/wp\/v2\/product_tag?post=1592"}],"curies":[{"name":"wp","href":"https:\/\/api.w.org\/{rel}","templated":true}]}}