{"id":1607,"date":"2023-06-16T14:55:49","date_gmt":"2023-06-16T12:55:49","guid":{"rendered":"https:\/\/nova.depoles.com\/trgovina\/poravnalka-debelinka-400c-sicar-ita\/"},"modified":"2026-02-18T14:26:05","modified_gmt":"2026-02-18T13:26:05","slug":"poravnalka-debelinka-400c-sicar-ita","status":"publish","type":"product","link":"https:\/\/www.depoles.com\/hr\/trgovina\/poravnalka-debelinka-400c-sicar-ita\/","title":{"rendered":"PORAVNAVA DEBLJINE 400C SICAR ITA"},"content":{"rendered":"<h4>1800 x 400 mm<\/h4>\n<p>debelinka do 230 mm<\/p>\n<p>motor 5Ks\/400V<\/p>\n<p>Opcija: SPIRAL, bo\u010dni vrtalink, mo\u010dnej\u0161i motorji<\/p>\n","protected":false},"excerpt":{"rendered":"<h5><span style=\"color: #ff0000\">UREDIMO PLA\u010cILO NA OBROKE DO 15000\u20ac ZA VSE<\/span> : FIZI\u010cNE osebe, SP in DOO iz SLO in HR TAKOJ\/BREZ OBISKA BANKE<\/h5>\n<ul>\n<li>PROFI poravnalka debelinka 400 CLASIC<\/li>\n<li>3 x no\u017e HSS v glavi<\/li>\n<li>1800 x 400 mm<\/li>\n<li>debelinka do 230 mm<\/li>\n<li>motor 5Ks\/S6<\/li>\n<li>masivna konstrukcija stroja<\/li>\n<li>lite mize<\/li>\n<\/ul>\n<p>dopla\u010dilo: vrtalnik, no\u017ei , svedri, sesalci, cevi&#8230;<\/p>\n","protected":false},"featured_media":1608,"template":"","meta":[],"product_brand":[],"product_cat":[1031,1006,1012],"product_tag":[146,147,176,296,299,314,322,653,699,743],"class_list":{"0":"post-1607","1":"product","2":"type-product","3":"status-publish","4":"has-post-thumbnail","6":"product_cat-poravnalke-debelinke","7":"product_cat-sicar-stroji","8":"product_cat-stroji-za-les","9":"product_tag-146","10":"product_tag-400c","11":"product_tag-abriht","12":"product_tag-debelinka","13":"product_tag-debljaca","14":"product_tag-depoles","15":"product_tag-diker","16":"product_tag-poravnalka","17":"product_tag-ravnalica","18":"product_tag-sicar","20":"first","21":"onbackorder","22":"sold-individually","23":"shipping-taxable","24":"product-type-simple"},"_links":{"self":[{"href":"https:\/\/www.depoles.com\/hr\/wp-json\/wp\/v2\/product\/1607","targetHints":{"allow":["GET"]}}],"collection":[{"href":"https:\/\/www.depoles.com\/hr\/wp-json\/wp\/v2\/product"}],"about":[{"href":"https:\/\/www.depoles.com\/hr\/wp-json\/wp\/v2\/types\/product"}],"wp:featuredmedia":[{"embeddable":true,"href":"https:\/\/www.depoles.com\/hr\/wp-json\/wp\/v2\/media\/1608"}],"wp:attachment":[{"href":"https:\/\/www.depoles.com\/hr\/wp-json\/wp\/v2\/media?parent=1607"}],"wp:term":[{"taxonomy":"product_brand","embeddable":true,"href":"https:\/\/www.depoles.com\/hr\/wp-json\/wp\/v2\/product_brand?post=1607"},{"taxonomy":"product_cat","embeddable":true,"href":"https:\/\/www.depoles.com\/hr\/wp-json\/wp\/v2\/product_cat?post=1607"},{"taxonomy":"product_tag","embeddable":true,"href":"https:\/\/www.depoles.com\/hr\/wp-json\/wp\/v2\/product_tag?post=1607"}],"curies":[{"name":"wp","href":"https:\/\/api.w.org\/{rel}","templated":true}]}}