{"id":1610,"date":"2023-05-29T14:29:42","date_gmt":"2023-05-29T12:29:42","guid":{"rendered":"https:\/\/nova.depoles.com\/trgovina\/robna-lepilka-one-p-cehisa\/"},"modified":"2023-05-29T14:29:42","modified_gmt":"2023-05-29T12:29:42","slug":"robna-lepilka-one-p-cehisa","status":"publish","type":"product","link":"https:\/\/www.depoles.com\/hr\/trgovina\/robna-lepilka-one-p-cehisa\/","title":{"rendered":"ROBNI LJEPILO ONE P CEHISA"},"content":{"rendered":"<pre>Dol\u017eina stroja 2,2m\r\nDIA predrezkar 50 mm\r\n\u010cELILNIK \/RONDOMAT T-4X\r\nPVC\/ABS 0,4-2 mm\r\nmin dol\u017eina panela 200 mm\r\nmin \u0161irina panela 75 mm\r\nmin debelina panela 10 m\r\nmax debelina panela 45 mm\r\nhitrost pomika 6,5 m\/min\r\nskupna poraba elektrike 3,6 Kw\r\nVolta\u017ea 230V\r\ndol\u017eina stroja 2,2 m<\/pre>\n<p><iframe loading=\"lazy\" title=\"LEPILKA\/KANTERICA CEHISA ONE P\" width=\"563\" height=\"1000\" src=\"https:\/\/www.youtube.com\/embed\/qCYhnHjwWxQ?feature=oembed\" frameborder=\"0\" allow=\"accelerometer; autoplay; clipboard-write; encrypted-media; gyroscope; picture-in-picture; web-share\" referrerpolicy=\"strict-origin-when-cross-origin\" allowfullscreen><\/iframe><\/p>\n<p>&nbsp;<\/p>\n<p>&nbsp;<\/p>\n<p>&nbsp;<\/p>\n<p>&nbsp;<\/p>\n<p>&nbsp;<\/p>\n","protected":false},"excerpt":{"rendered":"<p>Pla\u010dilo obroke TAKOJ-do 15000 uredimo brez obiska bank za: fizi\u010dne osebe , pravne osebe, DOO , SP, kmetije&#8230;<\/p>\n<p>ABS trak 0,4-2 mm<\/p>\n<p><strong>Dol\u017eina stroja 2,2 m z RONDOMATOM in PREDREZKARJEM<\/strong><\/p>\n<p>DIA predrezkar 50mm<\/p>\n<p><strong>MULTIFUNKCIJSKI AGREGAT <\/strong><\/p>\n<p><strong><span style=\"color: #ff0000\">T-4X:<\/span><\/strong><\/p>\n<p>&#8211;<strong>\u010cELILNIK<\/strong> ( poravnava rob spredaj\/zadaj na panelu)<\/p>\n<p>&#8211;<strong>RONDOMAT<\/strong> zaokro\u017eevanje panela spredaj\/zadaj\/vse 4 robrove<\/p>\n<p>visina panela do 45 mm<\/p>\n<p>min dol\u017eina panela 200 mm<\/p>\n<p>min \u0161irina panela 200 mm<\/p>\n<p>strgala ravna\/opcija<\/p>\n<p>krta\u010de \/opcija<\/p>\n<p>SESALEC auto vklop\/izklop \/opcija<\/p>\n<p>LED lu\u010d v notranjosti stroja \/opcija<\/p>\n<p>priklop 230V<\/p>\n<p><strong>dol\u017eina stroja samo 2,2 m<\/strong><\/p>\n<p>Odli\u010dna in trenutno najmanj\u0161a lepilka na trgu EU za male ali srednje delavnice,\u00a0 z DIA PREDREZKARJEM in\u00a0 RONDOMATOM vas bo navdu\u0161ila!<\/p>\n<p>Vrhunski finish panela tako vzdol\u017eno kot z zaokro\u017eevanje, kot na 3x ali 5x dra\u017ejih in ve\u010djih strojih. Vas zanima?<\/p>\n<p>031 334 858\/info@depoles.com<\/p>\n<p>Smo na voljo za vse dodatne informacije!<\/p>\n<p>Zmontiranih \u017ee preko 20 kom teh lepilk na trgu EU<\/p>\n","protected":false},"featured_media":889,"template":"","meta":[],"product_brand":[],"product_cat":[1033,1012],"product_tag":[180,257,258,314,319,467,468,532,610,611,620,664,667,668,718,799,885],"class_list":{"0":"post-1610","1":"product","2":"type-product","3":"status-publish","4":"has-post-thumbnail","6":"product_cat-robne-lepilke","7":"product_cat-stroji-za-les","8":"product_tag-abs","9":"product_tag-cehisa","10":"product_tag-celilnik","11":"product_tag-depoles","12":"product_tag-diamantni","13":"product_tag-kanterica","14":"product_tag-kantirka","15":"product_tag-lepilka","16":"product_tag-one","17":"product_tag-onep","18":"product_tag-p","19":"product_tag-predglodala","20":"product_tag-predrezkar","21":"product_tag-predrezkarji","22":"product_tag-rondomat","23":"product_tag-strgala","24":"product_tag-vr","26":"first","27":"onbackorder","28":"shipping-taxable","29":"product-type-simple"},"_links":{"self":[{"href":"https:\/\/www.depoles.com\/hr\/wp-json\/wp\/v2\/product\/1610","targetHints":{"allow":["GET"]}}],"collection":[{"href":"https:\/\/www.depoles.com\/hr\/wp-json\/wp\/v2\/product"}],"about":[{"href":"https:\/\/www.depoles.com\/hr\/wp-json\/wp\/v2\/types\/product"}],"wp:featuredmedia":[{"embeddable":true,"href":"https:\/\/www.depoles.com\/hr\/wp-json\/wp\/v2\/media\/889"}],"wp:attachment":[{"href":"https:\/\/www.depoles.com\/hr\/wp-json\/wp\/v2\/media?parent=1610"}],"wp:term":[{"taxonomy":"product_brand","embeddable":true,"href":"https:\/\/www.depoles.com\/hr\/wp-json\/wp\/v2\/product_brand?post=1610"},{"taxonomy":"product_cat","embeddable":true,"href":"https:\/\/www.depoles.com\/hr\/wp-json\/wp\/v2\/product_cat?post=1610"},{"taxonomy":"product_tag","embeddable":true,"href":"https:\/\/www.depoles.com\/hr\/wp-json\/wp\/v2\/product_tag?post=1610"}],"curies":[{"name":"wp","href":"https:\/\/api.w.org\/{rel}","templated":true}]}}