{"id":1611,"date":"2023-05-25T10:56:19","date_gmt":"2023-05-25T08:56:19","guid":{"rendered":"https:\/\/nova.depoles.com\/trgovina\/formatna-zaga-sicar-sega-315-alu-3200\/"},"modified":"2026-02-18T14:24:50","modified_gmt":"2026-02-18T13:24:50","slug":"formatna-zaga-sicar-sega-315-alu-3200","status":"publish","type":"product","link":"https:\/\/www.depoles.com\/hr\/trgovina\/formatna-zaga-sicar-sega-315-alu-3200\/","title":{"rendered":"FORMATNA PILA SICAR SEGA 315 ALU 3200"},"content":{"rendered":"<p>profi alu formatni voz 3200 x 360 mm (opcija 3800 mm)<\/p>\n<p>\u017eaga \u00d8 315 (\u00d8 350 ) mm<\/p>\n<p>motor 5,5 Kw \/S6\/400V<\/p>\n<p>predrezilo 1 Ks<\/p>\n<p>dobava po naro\u010dilu \/preverite: info@depoles.com<\/p>\n<p><iframe loading=\"lazy\" title=\"SICAR Sliding Table Saw SEGA 315 --Woodworking Machine\" width=\"1290\" height=\"726\" src=\"https:\/\/www.youtube.com\/embed\/RmF9P0aBh8w?feature=oembed\" frameborder=\"0\" allow=\"accelerometer; autoplay; clipboard-write; encrypted-media; gyroscope; picture-in-picture; web-share\" referrerpolicy=\"strict-origin-when-cross-origin\" allowfullscreen><\/iframe><\/p>\n<p>&nbsp;<\/p>\n<p>&nbsp;<\/p>\n","protected":false},"excerpt":{"rendered":"<p><span style=\"color: #ff0000\"><strong>ZA POPUST -10% UPORABITE KODO: DEPOLES22<\/strong><\/span><\/p>\n<ul>\n<li>PROFESIONALNA formatna \u017eaga SICAR\u00a0 za zelo zahtevnega uporabnika<\/li>\n<li>vrhunski alu formatni voz dvojna CVT vodila , lepo drse\u010d zelo masiven 3200 x 375 mm (opcija 3800 mm)<\/li>\n<li>blokiranje voza mo\u017eno v vsaki poziciji<\/li>\n<li>\u017eaga do \u00d8 315\/(\u00d8350) mm<\/li>\n<li>nagib \u017eage 90\u00b0\/45\u00b0<\/li>\n<li>vi\u0161ina odreza 110 (120)\/75 (92 ) mm \/DIGI prikaz<\/li>\n<li>odsesovalna kapa na razpornem klinu<\/li>\n<li>ro\u010dni dvig\/sput in nagib \u017eage ( opcije : elektro pomiki)<\/li>\n<li>predrezilo 120 mm\/motor 1Ks<\/li>\n<li>desno paralelno vodilo na okrogli masivnem vodilu do 1250\u00a0 mm, hitra in fiksna nastavitev +mikro nastavitve<\/li>\n<li>okvir z podporno roko z in velikim okvirjem za velike obdelovance 910 x 760 mm<\/li>\n<li>pre\u010dno alu vodilo teleskopsko izvle\u010dno\/masivno , masivno z 2 omejilcema na preklop<\/li>\n<li>odli\u010den PROFI stroj ITA proizvajalca<\/li>\n<li>vrhunska izvedba in zelo ugodna cena za ta rang stroja na trgu<\/li>\n<li>priklopi odsesovanja 100 mm<\/li>\n<li>motor 4\/Kw\/5,5Ks\/400V\/100%<\/li>\n<li>te\u017ea 700\u00a0 kg<\/li>\n<\/ul>\n<p><span style=\"color: #ff0000\">DOPLA\u010cILA:<\/span> alu voz 3800mm, DIGI prikaz paraleleno, DIGI prikaz levo od \u017eage, motorji 7,5 KS, elektro pomiki (dvig\/spust in nagib) agregata<\/p>\n","protected":false},"featured_media":1612,"template":"","meta":[],"product_brand":[],"product_cat":[1025,1012],"product_tag":[194,377,457,632,665,666,733,734,743,918],"class_list":{"0":"post-1611","1":"product","2":"type-product","3":"status-publish","4":"has-post-thumbnail","6":"product_cat-formatne-zage","7":"product_cat-stroji-za-les","8":"product_tag-alu-voz","9":"product_tag-formatna","10":"product_tag-italija","11":"product_tag-pila","12":"product_tag-predrezac","13":"product_tag-predrezilo","14":"product_tag-sega","15":"product_tag-sega315","16":"product_tag-sicar","17":"product_tag-zaga","19":"first","20":"onbackorder","21":"shipping-taxable","22":"product-type-simple"},"_links":{"self":[{"href":"https:\/\/www.depoles.com\/hr\/wp-json\/wp\/v2\/product\/1611","targetHints":{"allow":["GET"]}}],"collection":[{"href":"https:\/\/www.depoles.com\/hr\/wp-json\/wp\/v2\/product"}],"about":[{"href":"https:\/\/www.depoles.com\/hr\/wp-json\/wp\/v2\/types\/product"}],"wp:featuredmedia":[{"embeddable":true,"href":"https:\/\/www.depoles.com\/hr\/wp-json\/wp\/v2\/media\/1612"}],"wp:attachment":[{"href":"https:\/\/www.depoles.com\/hr\/wp-json\/wp\/v2\/media?parent=1611"}],"wp:term":[{"taxonomy":"product_brand","embeddable":true,"href":"https:\/\/www.depoles.com\/hr\/wp-json\/wp\/v2\/product_brand?post=1611"},{"taxonomy":"product_cat","embeddable":true,"href":"https:\/\/www.depoles.com\/hr\/wp-json\/wp\/v2\/product_cat?post=1611"},{"taxonomy":"product_tag","embeddable":true,"href":"https:\/\/www.depoles.com\/hr\/wp-json\/wp\/v2\/product_tag?post=1611"}],"curies":[{"name":"wp","href":"https:\/\/api.w.org\/{rel}","templated":true}]}}