{"id":1636,"date":"2023-03-06T11:16:36","date_gmt":"2023-03-06T10:16:36","guid":{"rendered":"https:\/\/nova.depoles.com\/trgovina\/podajalnik-transporter-maggi-steff-2032-230v\/"},"modified":"2026-02-12T13:42:33","modified_gmt":"2026-02-12T12:42:33","slug":"podajalnik-transporter-maggi-steff-2032-230v","status":"publish","type":"product","link":"https:\/\/www.depoles.com\/hr\/trgovina\/podajalnik-transporter-maggi-steff-2032-230v\/","title":{"rendered":"DOZATOR \/ TRANSPORTER MAGGI STEFF 2032 \/230V"},"content":{"rendered":"<p>HOBY\/PRO LINE PODAJALNIK ZA VSE VRTSE KOMBINIRK NA TRGU<\/p>\n<p>motor 0,24Ks\/ 230V<\/p>\n<p>4hitrostiu naprj+4 nazaj: 4 &#8211; 8 &#8211; 9 &#8211; 18 mt\/min<\/p>\n<p>3 kolesa 80&#215;28 mm<\/p>\n<p>metalni pokrov<\/p>\n<p>univerzalno stojalo<\/p>\n<p>CE standard<\/p>\n<p>kolesa trdote 50 Sh<\/p>\n<p>dol\u017eina roke 600 mm, vetikalni pomik 460 mm<\/p>\n<p>pakirano v carton skatlo zasciteno s stiroporom<\/p>\n","protected":false},"excerpt":{"rendered":"<h5>PODAJALNIK ZA VSE VRSTE KOMBINIRK NA TRGU-motor 230V\/monofaz<\/h5>\n<h5><span style=\"color: #000000\">PLA\u010cILA NA OBROKE\/TAKOJ-LEANPAY\/SPREJEMAMO VSE BAN\u010cNE KARTICE<\/span><\/h5>\n<ul>\n<li>primeren za vse kombinirke, ki se prodajajo na trgu (200,250,300,400 mm), rezkarje, poravnalke, kombinirano&#8230;<\/li>\n<li>vrhunski univerzalni podajalnik STEFF MAGGI-ITA za vse tipe strojev na trgu<\/li>\n<li>konstantna hitrost omogo\u010da varno in natan\u010dno delo, brez da segate z roko v obmo\u010dje orodja (video)<\/li>\n<li>kolesa so vzmeta in omogo\u010dajo konstanten pritisk na obdelovanec<\/li>\n<li>podajalnik se obra\u010da pod vse kote, tako, da omogo\u010da delo z tankimi letvicami in razli\u010dnimi profili<\/li>\n<li>3 kolesa gumirana premera 80 x 28 mm<\/li>\n<li>4 hitrosti: 4\/8\/9\/18 m\/min<\/li>\n<li>te\u017ea: 36\/24kg<\/li>\n<li>Dol\u017eina roke: 600mm (podalj\u0161na roka namesto 460 mm)<\/li>\n<li>Na voljo enofazni 230V<\/li>\n<\/ul>\n<p><strong>DOPLA\u010cILA: <\/strong>\u00a0kolo gumirano za podajalnik= 20\u20ac , nosilec TIPPER CLAMP\/preklopni uni nosilec: 200\u20ac<\/p>\n<p>VIDEO PODAJALNIKA STEFF MAGGI-ITA<\/p>\n","protected":false},"featured_media":919,"template":"","meta":[],"product_brand":[],"product_cat":[1029,1012],"product_tag":[324,543,643,786,844],"class_list":{"0":"post-1636","1":"product","2":"type-product","3":"status-publish","4":"has-post-thumbnail","6":"product_cat-podajalniki","7":"product_cat-stroji-za-les","8":"product_tag-dodavac","9":"product_tag-maggi","10":"product_tag-podajalnik","11":"product_tag-steff","12":"product_tag-transporter","14":"first","15":"onbackorder","16":"shipping-taxable","17":"purchasable","18":"product-type-simple"},"_links":{"self":[{"href":"https:\/\/www.depoles.com\/hr\/wp-json\/wp\/v2\/product\/1636","targetHints":{"allow":["GET"]}}],"collection":[{"href":"https:\/\/www.depoles.com\/hr\/wp-json\/wp\/v2\/product"}],"about":[{"href":"https:\/\/www.depoles.com\/hr\/wp-json\/wp\/v2\/types\/product"}],"wp:featuredmedia":[{"embeddable":true,"href":"https:\/\/www.depoles.com\/hr\/wp-json\/wp\/v2\/media\/919"}],"wp:attachment":[{"href":"https:\/\/www.depoles.com\/hr\/wp-json\/wp\/v2\/media?parent=1636"}],"wp:term":[{"taxonomy":"product_brand","embeddable":true,"href":"https:\/\/www.depoles.com\/hr\/wp-json\/wp\/v2\/product_brand?post=1636"},{"taxonomy":"product_cat","embeddable":true,"href":"https:\/\/www.depoles.com\/hr\/wp-json\/wp\/v2\/product_cat?post=1636"},{"taxonomy":"product_tag","embeddable":true,"href":"https:\/\/www.depoles.com\/hr\/wp-json\/wp\/v2\/product_tag?post=1636"}],"curies":[{"name":"wp","href":"https:\/\/api.w.org\/{rel}","templated":true}]}}