{"id":1657,"date":"2023-01-27T14:18:17","date_gmt":"2023-01-27T13:18:17","guid":{"rendered":"https:\/\/nova.depoles.com\/trgovina\/trgovinska-stiskalnica-20-ton-wp20eco\/"},"modified":"2025-12-17T14:46:44","modified_gmt":"2025-12-17T13:46:44","slug":"trgovinska-stiskalnica-20-ton-wp20eco","status":"publish","type":"product","link":"https:\/\/www.depoles.com\/hr\/trgovina\/trgovinska-stiskalnica-20-ton-wp20eco\/","title":{"rendered":"RADNI\u010cKI PRE\u0160A\/PRE\u0160A WP 20 ECO HOLZMANN"},"content":{"rendered":"<p><strong>Tehni\u010dni podatki<\/strong><\/p>\n<ul>\n<li><strong>Dimenzije (V x \u0160 x G):<\/strong> 1765 x 780 x 700 mm<\/li>\n<li><strong>\u0160irina le\u017ei\u0161\u010da:<\/strong> 500 mm<\/li>\n<li><strong>Delovno obmo\u010dje:<\/strong> 80 &#8211; 1040 mm<\/li>\n<li><strong>Tla\u010dna mo\u010d:<\/strong> 20 t<\/li>\n<li><strong>Hod:<\/strong> 154 mm<\/li>\n<li><strong>Raven zvo\u010dnega tlaka:<\/strong> &lt;70 dB(A)<\/li>\n<li><strong>Bruto te\u017ea:<\/strong> 85 kg<\/li>\n<li><strong>Netto te\u017ea:<\/strong> 82,90 kg<\/li>\n<li><strong>Dimenzije embala\u017ee (V x \u0160 x G):<\/strong> 75 x 150 x 1520 mm<\/li>\n<li><strong>EAN koda:<\/strong> 9120058379123<\/li>\n<\/ul>\n","protected":false},"excerpt":{"rendered":"<h6>pla\u010dila mo\u017ena na d 48 obrokov takoj\/LEANPA\/PAYPAL\/DINNERS<\/h6>\n<ul>\n<li>vklju\u010dno z manometrom za prikaz sile tlaka<\/li>\n<li>robusten enostopenjski hidravli\u010dni cilinder<\/li>\n<li>avtomatsko vra\u010danje bata<\/li>\n<li>podporna miza nastavljiva po vi\u0161ini<\/li>\n<li>vklj. enota za stisnjen zrak s priklju\u010dkom 1\/4&#8243; (prilo\u017een hitri priklju\u010dek tipa US) in delovnim tlakom 7,5-8,5 bar<\/li>\n<li>nosilec obdelovanca: 190 x 90 x 28 mm<\/li>\n<li>stiskalno enoto je mogo\u010de premikati vodoravno<\/li>\n<\/ul>\n","protected":false},"featured_media":1658,"template":"","meta":[],"product_brand":[],"product_cat":[1067,1062],"product_tag":[117,305,314,337,441,676,792],"class_list":{"0":"post-1657","1":"product","2":"type-product","3":"status-publish","4":"has-post-thumbnail","6":"product_cat-delavniske-prese","7":"product_cat-oprema-za-delavnice-delovne-mize-ponki","8":"product_tag-20ton","9":"product_tag-delavniska","10":"product_tag-depoles","11":"product_tag-eco","12":"product_tag-holzmann","13":"product_tag-presa","14":"product_tag-stiskalnica","16":"first","17":"instock","18":"shipping-taxable","19":"purchasable","20":"product-type-simple"},"_links":{"self":[{"href":"https:\/\/www.depoles.com\/hr\/wp-json\/wp\/v2\/product\/1657","targetHints":{"allow":["GET"]}}],"collection":[{"href":"https:\/\/www.depoles.com\/hr\/wp-json\/wp\/v2\/product"}],"about":[{"href":"https:\/\/www.depoles.com\/hr\/wp-json\/wp\/v2\/types\/product"}],"wp:featuredmedia":[{"embeddable":true,"href":"https:\/\/www.depoles.com\/hr\/wp-json\/wp\/v2\/media\/1658"}],"wp:attachment":[{"href":"https:\/\/www.depoles.com\/hr\/wp-json\/wp\/v2\/media?parent=1657"}],"wp:term":[{"taxonomy":"product_brand","embeddable":true,"href":"https:\/\/www.depoles.com\/hr\/wp-json\/wp\/v2\/product_brand?post=1657"},{"taxonomy":"product_cat","embeddable":true,"href":"https:\/\/www.depoles.com\/hr\/wp-json\/wp\/v2\/product_cat?post=1657"},{"taxonomy":"product_tag","embeddable":true,"href":"https:\/\/www.depoles.com\/hr\/wp-json\/wp\/v2\/product_tag?post=1657"}],"curies":[{"name":"wp","href":"https:\/\/api.w.org\/{rel}","templated":true}]}}