{"id":1661,"date":"2023-01-27T14:18:15","date_gmt":"2023-01-27T13:18:15","guid":{"rendered":"https:\/\/nova.depoles.com\/trgovina\/delavniska-presa-stiskalnica-wp-75-eco-holzmann\/"},"modified":"2025-12-17T14:46:54","modified_gmt":"2025-12-17T13:46:54","slug":"delavniska-presa-stiskalnica-wp-75-eco-holzmann","status":"publish","type":"product","link":"https:\/\/www.depoles.com\/hr\/trgovina\/delavniska-presa-stiskalnica-wp-75-eco-holzmann\/","title":{"rendered":"RADNI\u010cKI PRE\u0160A\/PRE\u0160A WP 75 ECO HOLZMANN"},"content":{"rendered":"<p><strong>Tehni\u010dne specifikacije<\/strong><\/p>\n<table>\n<tbody>\n<tr>\n<th colspan=\"2\">Dimenzije<\/th>\n<\/tr>\n<tr>\n<td>Skupne dimenzije (mm)<\/td>\n<td>1330 x 850 x 1940<\/td>\n<\/tr>\n<tr>\n<td>\u0160irina postelje (mm)<\/td>\n<td>700<\/td>\n<\/tr>\n<tr>\n<td>Delovno obmo\u010dje (mm)<\/td>\n<td>255 &#8211; 1155<\/td>\n<\/tr>\n<tr>\n<td>Potiskalna mo\u010d (t)<\/td>\n<td>75<\/td>\n<\/tr>\n<tr>\n<td>Hod (mm)<\/td>\n<td>250<\/td>\n<\/tr>\n<tr>\n<th colspan=\"2\">Raven hrupa in vibracije<\/th>\n<\/tr>\n<tr>\n<td>Raven zvo\u010dnega tlaka (dB(A))<\/td>\n<td>&lt;70<\/td>\n<\/tr>\n<tr>\n<th colspan=\"2\">Te\u017ea<\/th>\n<\/tr>\n<tr>\n<td>Bruto te\u017ea (kg)<\/td>\n<td>310,50<\/td>\n<\/tr>\n<tr>\n<td>Netto te\u017ea (kg)<\/td>\n<td>284,30<\/td>\n<\/tr>\n<tr>\n<th colspan=\"2\">Pakiranje<\/th>\n<\/tr>\n<tr>\n<td>\u0160irina pakiranja (mm)<\/td>\n<td>310<\/td>\n<\/tr>\n<tr>\n<td>Dol\u017eina pakiranja (mm)<\/td>\n<td>970<\/td>\n<\/tr>\n<tr>\n<td>Vi\u0161ina pakiranja (mm)<\/td>\n<td>2130<\/td>\n<\/tr>\n<tr>\n<th colspan=\"2\">Splo\u0161ni podatki<\/th>\n<\/tr>\n<tr>\n<td>EAN koda<\/td>\n<td>9120058379154<\/td>\n<\/tr>\n<\/tbody>\n<\/table>\n","protected":false},"excerpt":{"rendered":"<h6>pla\u010dila tudi na obroke TAKOJ<\/h6>\n<ul>\n<li>75 TON pritiska<\/li>\n<li>cenej\u0161a verzija<\/li>\n<li>priro\u010dno za stiskanje, upogibanje in ravnanje<\/li>\n<li>manometer ka\u017ee silo tlaka<\/li>\n<li>popolna servisna pomo\u010d pri vzdr\u017eevanju in monta\u017ei<\/li>\n<li>trdni enostopenjski pnevmatski hidravli\u010dni cilinder<\/li>\n<li>avtomatsko vra\u010danje bata<\/li>\n<li>stiskalna miza nastavljiva po vi\u0161ini<\/li>\n<li>nastavitev vi\u0161ine mize z ro\u010dico<\/li>\n<li>ro\u010dno krmiljenje tlaka preko hidravli\u010dne ro\u010dne \u010drpalke ali pnevmatskega tlaka<\/li>\n<li>vklj. enota za stisnjen zrak s priklju\u010dkom 1\/4&#8243; in delovnim tlakom 7,5-8,5 bar<\/li>\n<li>nosilec obdelovanca: 290 x 130 x 125 mm<\/li>\n<\/ul>\n","protected":false},"featured_media":1662,"template":"","meta":[],"product_brand":[],"product_cat":[1067,1062],"product_tag":[168,305,316,441,676,792],"class_list":{"0":"post-1661","1":"product","2":"type-product","3":"status-publish","4":"has-post-thumbnail","6":"product_cat-delavniske-prese","7":"product_cat-oprema-za-delavnice-delovne-mize-ponki","8":"product_tag-75ton","9":"product_tag-delavniska","10":"product_tag-derpoles","11":"product_tag-holzmann","12":"product_tag-presa","13":"product_tag-stiskalnica","15":"first","16":"instock","17":"shipping-taxable","18":"purchasable","19":"product-type-simple"},"_links":{"self":[{"href":"https:\/\/www.depoles.com\/hr\/wp-json\/wp\/v2\/product\/1661","targetHints":{"allow":["GET"]}}],"collection":[{"href":"https:\/\/www.depoles.com\/hr\/wp-json\/wp\/v2\/product"}],"about":[{"href":"https:\/\/www.depoles.com\/hr\/wp-json\/wp\/v2\/types\/product"}],"wp:featuredmedia":[{"embeddable":true,"href":"https:\/\/www.depoles.com\/hr\/wp-json\/wp\/v2\/media\/1662"}],"wp:attachment":[{"href":"https:\/\/www.depoles.com\/hr\/wp-json\/wp\/v2\/media?parent=1661"}],"wp:term":[{"taxonomy":"product_brand","embeddable":true,"href":"https:\/\/www.depoles.com\/hr\/wp-json\/wp\/v2\/product_brand?post=1661"},{"taxonomy":"product_cat","embeddable":true,"href":"https:\/\/www.depoles.com\/hr\/wp-json\/wp\/v2\/product_cat?post=1661"},{"taxonomy":"product_tag","embeddable":true,"href":"https:\/\/www.depoles.com\/hr\/wp-json\/wp\/v2\/product_tag?post=1661"}],"curies":[{"name":"wp","href":"https:\/\/api.w.org\/{rel}","templated":true}]}}