{"id":1671,"date":"2023-01-27T14:18:06","date_gmt":"2023-01-27T13:18:06","guid":{"rendered":"https:\/\/nova.depoles.com\/trgovina\/mobilni-raztegljivi-vozicek-taw76\/"},"modified":"2025-12-17T23:19:57","modified_gmt":"2025-12-17T22:19:57","slug":"mobilni-raztegljivi-vozicek-taw76","status":"publish","type":"product","link":"https:\/\/www.depoles.com\/hr\/trgovina\/mobilni-raztegljivi-vozicek-taw76\/","title":{"rendered":"Mobilni sklopivi kolica TAW76"},"content":{"rendered":"<p><strong>Tehni\u010dni podatki<\/strong><\/p>\n<ul>\n<li><strong>Te\u017ea<\/strong>\n<ul>\n<li>Bruto te\u017ea: 91 kg<\/li>\n<li>Netto te\u017ea: 70 kg<\/li>\n<\/ul>\n<\/li>\n<li><strong>Embala\u017ea<\/strong>\n<ul>\n<li>\u0160irina embala\u017ee: 1.010 mm<\/li>\n<li>Dol\u017eina embala\u017ee: 290 mm<\/li>\n<li>Vi\u0161ina embala\u017ee: 1.830 mm<\/li>\n<\/ul>\n<\/li>\n<li><strong>Splo\u0161ni podatki<\/strong>\n<ul>\n<li>EAN koda: 9120058379048<\/li>\n<\/ul>\n<\/li>\n<\/ul>\n","protected":false},"excerpt":{"rendered":"<h3>Poudarki<\/h3>\n<ul>\n<li> globina polic: 760 mm<\/li>\n<li> razdalja med policami: 120 mm<\/li>\n<li> koli\u010dina polic: 10 mm<\/li>\n<li> kolesa: PA s PU prevleko, dimenzija \u00d8125 x 40 mm, 2 kosa z zavoro<\/li>\n<li> maks. obremenitev: 500 kg (skupaj) na polico maks. 50 kg<\/li>\n<li> PVC nosilna povr\u0161ina na konzolnih profilih za za\u0161\u010dito povr\u0161in delov, ki jih je treba shraniti<\/li>\n<\/ul>\n","protected":false},"featured_media":1672,"template":"","meta":[],"product_brand":[],"product_cat":[1041,1062],"product_tag":[],"class_list":{"0":"post-1671","1":"product","2":"type-product","3":"status-publish","4":"has-post-thumbnail","6":"product_cat-oprema-za-delavnice-delovne-mize-ponki-in-police","7":"product_cat-oprema-za-delavnice-delovne-mize-ponki","9":"first","10":"instock","11":"shipping-taxable","12":"purchasable","13":"product-type-simple"},"_links":{"self":[{"href":"https:\/\/www.depoles.com\/hr\/wp-json\/wp\/v2\/product\/1671","targetHints":{"allow":["GET"]}}],"collection":[{"href":"https:\/\/www.depoles.com\/hr\/wp-json\/wp\/v2\/product"}],"about":[{"href":"https:\/\/www.depoles.com\/hr\/wp-json\/wp\/v2\/types\/product"}],"wp:featuredmedia":[{"embeddable":true,"href":"https:\/\/www.depoles.com\/hr\/wp-json\/wp\/v2\/media\/1672"}],"wp:attachment":[{"href":"https:\/\/www.depoles.com\/hr\/wp-json\/wp\/v2\/media?parent=1671"}],"wp:term":[{"taxonomy":"product_brand","embeddable":true,"href":"https:\/\/www.depoles.com\/hr\/wp-json\/wp\/v2\/product_brand?post=1671"},{"taxonomy":"product_cat","embeddable":true,"href":"https:\/\/www.depoles.com\/hr\/wp-json\/wp\/v2\/product_cat?post=1671"},{"taxonomy":"product_tag","embeddable":true,"href":"https:\/\/www.depoles.com\/hr\/wp-json\/wp\/v2\/product_tag?post=1671"}],"curies":[{"name":"wp","href":"https:\/\/api.w.org\/{rel}","templated":true}]}}