{"id":1677,"date":"2023-01-27T14:18:04","date_gmt":"2023-01-27T13:18:04","guid":{"rendered":"https:\/\/nova.depoles.com\/trgovina\/dvostranski-mobilni-raztegljivi-vozicek-taw70duo\/"},"modified":"2026-02-12T13:34:48","modified_gmt":"2026-02-12T12:34:48","slug":"dvostranski-mobilni-raztegljivi-vozicek-taw70duo","status":"publish","type":"product","link":"https:\/\/www.depoles.com\/hr\/trgovina\/dvostranski-mobilni-raztegljivi-vozicek-taw70duo\/","title":{"rendered":"Dvostrani mobilni sklopivi kolica TAW70DUO"},"content":{"rendered":"<p><strong>Tehni\u010dni podatki<\/strong><\/p>\n<ul>\n<li><strong>Te\u017ea:<\/strong>\n<ul>\n<li>Bruto te\u017ea: 118,50 kg<\/li>\n<li>Netto te\u017ea: 92,50 kg<\/li>\n<\/ul>\n<\/li>\n<li><strong>Embala\u017ea:<\/strong>\n<ul>\n<li>\u0160irina embala\u017ee: 1.510 mm<\/li>\n<li>Dol\u017eina embala\u017ee: 290 mm<\/li>\n<li>Vi\u0161ina embala\u017ee: 1.830 mm<\/li>\n<\/ul>\n<\/li>\n<li><strong>Splo\u0161ni podatki:<\/strong>\n<ul>\n<li>EAN koda: 9120058379055<\/li>\n<\/ul>\n<\/li>\n<\/ul>\n","protected":false},"excerpt":{"rendered":"<h3>Lastnosti izdelka<\/h3>\n<ul>\n<li>Globina polic: 700 mm<\/li>\n<li>Razdalja med policami: 120 mm<\/li>\n<li>Debelina polic: 20 mm<\/li>\n<li>Kolesa: PA s PU prevleko, dimenzija \u00d8125 x 40 mm, 2 kosa z zavoro<\/li>\n<li>Maksimalna obremenitev: 900 kg skupno, na polico najve\u010d 45 kg<\/li>\n<li>PVC nosilna povr\u0161ina na konzolnih profilih za za\u0161\u010dito shranjenih delov<\/li>\n<\/ul>\n","protected":false},"featured_media":1678,"template":"","meta":[],"product_brand":[],"product_cat":[1041,1062],"product_tag":[],"class_list":{"0":"post-1677","1":"product","2":"type-product","3":"status-publish","4":"has-post-thumbnail","6":"product_cat-oprema-za-delavnice-delovne-mize-ponki-in-police","7":"product_cat-oprema-za-delavnice-delovne-mize-ponki","9":"first","10":"instock","11":"shipping-taxable","12":"purchasable","13":"product-type-simple"},"_links":{"self":[{"href":"https:\/\/www.depoles.com\/hr\/wp-json\/wp\/v2\/product\/1677","targetHints":{"allow":["GET"]}}],"collection":[{"href":"https:\/\/www.depoles.com\/hr\/wp-json\/wp\/v2\/product"}],"about":[{"href":"https:\/\/www.depoles.com\/hr\/wp-json\/wp\/v2\/types\/product"}],"wp:featuredmedia":[{"embeddable":true,"href":"https:\/\/www.depoles.com\/hr\/wp-json\/wp\/v2\/media\/1678"}],"wp:attachment":[{"href":"https:\/\/www.depoles.com\/hr\/wp-json\/wp\/v2\/media?parent=1677"}],"wp:term":[{"taxonomy":"product_brand","embeddable":true,"href":"https:\/\/www.depoles.com\/hr\/wp-json\/wp\/v2\/product_brand?post=1677"},{"taxonomy":"product_cat","embeddable":true,"href":"https:\/\/www.depoles.com\/hr\/wp-json\/wp\/v2\/product_cat?post=1677"},{"taxonomy":"product_tag","embeddable":true,"href":"https:\/\/www.depoles.com\/hr\/wp-json\/wp\/v2\/product_tag?post=1677"}],"curies":[{"name":"wp","href":"https:\/\/api.w.org\/{rel}","templated":true}]}}