{"id":1681,"date":"2023-01-27T14:18:01","date_gmt":"2023-01-27T13:18:01","guid":{"rendered":"https:\/\/nova.depoles.com\/trgovina\/mobilni-raztegljivi-vozicek-taw140\/"},"modified":"2026-02-12T13:35:39","modified_gmt":"2026-02-12T12:35:39","slug":"mobilni-raztegljivi-vozicek-taw140","status":"publish","type":"product","link":"https:\/\/www.depoles.com\/hr\/trgovina\/mobilni-raztegljivi-vozicek-taw140\/","title":{"rendered":"Mobilni sklopivi kolica TAW140"},"content":{"rendered":"<p><strong>Tehni\u010dni podatki<\/strong><\/p>\n<table>\n<tbody>\n<tr>\n<th colspan=\"2\" style=\"text-align:left\">Te\u017ea<\/th>\n<\/tr>\n<tr>\n<td>Bruto te\u017ea (kg)<\/td>\n<td>0<\/td>\n<\/tr>\n<tr>\n<td>Netto te\u017ea (kg)<\/td>\n<td>109,50<\/td>\n<\/tr>\n<tr>\n<th colspan=\"2\" style=\"text-align:left\">Embala\u017ea<\/th>\n<\/tr>\n<tr>\n<td>\u0160irina embala\u017ee (mm)<\/td>\n<td>1.710<\/td>\n<\/tr>\n<tr>\n<td>Dol\u017eina embala\u017ee (mm)<\/td>\n<td>290<\/td>\n<\/tr>\n<tr>\n<td>Vi\u0161ina embala\u017ee (mm)<\/td>\n<td>1.830<\/td>\n<\/tr>\n<tr>\n<th colspan=\"2\" style=\"text-align:left\">Splo\u0161ni podatki<\/th>\n<\/tr>\n<tr>\n<td>EAN koda<\/td>\n<td>9120058379062<\/td>\n<\/tr>\n<\/tbody>\n<\/table>\n","protected":false},"excerpt":{"rendered":"<h3>Poudarki<\/h3>\n<p>Ta regal izstopa po naslednjih lastnostih:<\/p>\n<ul>\n<li>globina polic: 1395 mm<\/li>\n<li>razdalja med policami: 120 mm<\/li>\n<li>debeline polic: 10 mm<\/li>\n<li>kolesa: PA s PU prevleko, dimenzija \u00d8125 x 40 mm, 2 kosa z zavoro<\/li>\n<li>maksimalna obremenitev: 500 kg skupaj, na polico maksimalno 50 kg<\/li>\n<li>PVC nosilna povr\u0161ina na konzolnih profilih za za\u0161\u010dito shranjenih delov<\/li>\n<\/ul>\n","protected":false},"featured_media":1682,"template":"","meta":[],"product_brand":[],"product_cat":[1041,1062],"product_tag":[],"class_list":{"0":"post-1681","1":"product","2":"type-product","3":"status-publish","4":"has-post-thumbnail","6":"product_cat-oprema-za-delavnice-delovne-mize-ponki-in-police","7":"product_cat-oprema-za-delavnice-delovne-mize-ponki","9":"first","10":"instock","11":"shipping-taxable","12":"purchasable","13":"product-type-simple"},"_links":{"self":[{"href":"https:\/\/www.depoles.com\/hr\/wp-json\/wp\/v2\/product\/1681","targetHints":{"allow":["GET"]}}],"collection":[{"href":"https:\/\/www.depoles.com\/hr\/wp-json\/wp\/v2\/product"}],"about":[{"href":"https:\/\/www.depoles.com\/hr\/wp-json\/wp\/v2\/types\/product"}],"wp:featuredmedia":[{"embeddable":true,"href":"https:\/\/www.depoles.com\/hr\/wp-json\/wp\/v2\/media\/1682"}],"wp:attachment":[{"href":"https:\/\/www.depoles.com\/hr\/wp-json\/wp\/v2\/media?parent=1681"}],"wp:term":[{"taxonomy":"product_brand","embeddable":true,"href":"https:\/\/www.depoles.com\/hr\/wp-json\/wp\/v2\/product_brand?post=1681"},{"taxonomy":"product_cat","embeddable":true,"href":"https:\/\/www.depoles.com\/hr\/wp-json\/wp\/v2\/product_cat?post=1681"},{"taxonomy":"product_tag","embeddable":true,"href":"https:\/\/www.depoles.com\/hr\/wp-json\/wp\/v2\/product_tag?post=1681"}],"curies":[{"name":"wp","href":"https:\/\/api.w.org\/{rel}","templated":true}]}}