{"id":1697,"date":"2023-01-27T14:17:54","date_gmt":"2023-01-27T13:17:54","guid":{"rendered":"https:\/\/nova.depoles.com\/trgovina\/rezalno-kolo-10kos-2302223-19mm-ws230ts\/"},"modified":"2025-12-17T23:20:20","modified_gmt":"2025-12-17T22:20:20","slug":"rezalno-kolo-10kos-2302223-19mm-ws230ts","status":"publish","type":"product","link":"https:\/\/www.depoles.com\/hr\/trgovina\/rezalno-kolo-10kos-2302223-19mm-ws230ts\/","title":{"rendered":"Rezni kota\u010di (10 kom) 230*22,23 1,9mm WS230TS"},"content":{"rendered":"<p><strong>Tehni\u010dni podatki<\/strong><\/p>\n<ul>\n<li><strong>Te\u017ea<\/strong>\n<ul>\n<li>Bruto te\u017ea: 0,50 kg<\/li>\n<li>Netto te\u017ea: 0,40 kg<\/li>\n<\/ul>\n<\/li>\n<li><strong>Embala\u017ea<\/strong>\n<ul>\n<li>\u0160irina embala\u017ee: 315 mm<\/li>\n<li>Dol\u017eina embala\u017ee: 485 mm<\/li>\n<li>Vi\u0161ina embala\u017ee: 300 mm<\/li>\n<\/ul>\n<\/li>\n<li><strong>Splo\u0161ni podatki<\/strong>\n<ul>\n<li>EAN koda: 9120058376740<\/li>\n<\/ul>\n<\/li>\n<\/ul>\n","protected":false},"excerpt":{"rendered":"<p>Tehni\u010dni podatki Te\u017ea Bruto te\u017ea: 0,50 kg Netto te\u017ea: 0,40 kg Embala\u017ea \u0160irina embala\u017ee: 315 mm Dol\u017eina embala\u017ee: 485 mm Vi\u0161ina embala\u017ee: 300 mm Splo\u0161ni podatki EAN koda: 9120058376740<\/p>\n","protected":false},"featured_media":1698,"template":"","meta":[],"product_brand":[],"product_cat":[1054,1043],"product_tag":[],"class_list":{"0":"post-1697","1":"product","2":"type-product","3":"status-publish","4":"has-post-thumbnail","6":"product_cat-brusilniki-za-kovine","7":"product_cat-stroji-za-kovine","9":"first","10":"instock","11":"shipping-taxable","12":"purchasable","13":"product-type-simple"},"_links":{"self":[{"href":"https:\/\/www.depoles.com\/hr\/wp-json\/wp\/v2\/product\/1697","targetHints":{"allow":["GET"]}}],"collection":[{"href":"https:\/\/www.depoles.com\/hr\/wp-json\/wp\/v2\/product"}],"about":[{"href":"https:\/\/www.depoles.com\/hr\/wp-json\/wp\/v2\/types\/product"}],"wp:featuredmedia":[{"embeddable":true,"href":"https:\/\/www.depoles.com\/hr\/wp-json\/wp\/v2\/media\/1698"}],"wp:attachment":[{"href":"https:\/\/www.depoles.com\/hr\/wp-json\/wp\/v2\/media?parent=1697"}],"wp:term":[{"taxonomy":"product_brand","embeddable":true,"href":"https:\/\/www.depoles.com\/hr\/wp-json\/wp\/v2\/product_brand?post=1697"},{"taxonomy":"product_cat","embeddable":true,"href":"https:\/\/www.depoles.com\/hr\/wp-json\/wp\/v2\/product_cat?post=1697"},{"taxonomy":"product_tag","embeddable":true,"href":"https:\/\/www.depoles.com\/hr\/wp-json\/wp\/v2\/product_tag?post=1697"}],"curies":[{"name":"wp","href":"https:\/\/api.w.org\/{rel}","templated":true}]}}