{"id":1705,"date":"2023-01-27T14:17:45","date_gmt":"2023-01-27T13:17:45","guid":{"rendered":"https:\/\/nova.depoles.com\/trgovina\/brusni-trak-457x1003xk100-sbr455bk240\/"},"modified":"2025-12-17T23:20:30","modified_gmt":"2025-12-17T22:20:30","slug":"brusni-trak-457x1003xk100-sbr455bk240","status":"publish","type":"product","link":"https:\/\/www.depoles.com\/hr\/trgovina\/brusni-trak-457x1003xk100-sbr455bk240\/","title":{"rendered":"Brusni trak 457x1003xK100 SBR455BK240"},"content":{"rendered":"<p><strong>Specifikacije izdelka:<\/strong><\/p>\n<table>\n<tbody>\n<tr>\n<th colspan=\"2\">Te\u017ea<\/th>\n<\/tr>\n<tr>\n<td>Bruto te\u017ea (kg)<\/td>\n<td>0,20<\/td>\n<\/tr>\n<tr>\n<td>Netto te\u017ea (kg)<\/td>\n<td>0,10<\/td>\n<\/tr>\n<tr>\n<th colspan=\"2\">Embala\u017ea<\/th>\n<\/tr>\n<tr>\n<td>\u0160irina embala\u017ee (mm)<\/td>\n<td>400<\/td>\n<\/tr>\n<tr>\n<td>Dol\u017eina embala\u017ee (mm)<\/td>\n<td>700<\/td>\n<\/tr>\n<tr>\n<td>Vi\u0161ina embala\u017ee (mm)<\/td>\n<td>200<\/td>\n<\/tr>\n<tr>\n<th colspan=\"2\">Splo\u0161ni podatki<\/th>\n<\/tr>\n<tr>\n<td>EAN koda<\/td>\n<td>9120058376191<\/td>\n<\/tr>\n<\/tbody>\n<\/table>\n","protected":false},"excerpt":{"rendered":"<p>Specifikacije izdelka: Te\u017ea Bruto te\u017ea (kg) 0,20 Netto te\u017ea (kg) 0,10 Embala\u017ea \u0160irina embala\u017ee (mm) 400 Dol\u017eina embala\u017ee (mm) 700 Vi\u0161ina embala\u017ee (mm) 200 Splo\u0161ni podatki EAN koda 9120058376191<\/p>\n","protected":false},"featured_media":1706,"template":"","meta":[],"product_brand":[],"product_cat":[1014,1012],"product_tag":[],"class_list":{"0":"post-1705","1":"product","2":"type-product","3":"status-publish","4":"has-post-thumbnail","6":"product_cat-pripomocki-orodja-les-struzenje","7":"product_cat-stroji-za-les","9":"first","10":"instock","11":"shipping-taxable","12":"purchasable","13":"product-type-simple"},"_links":{"self":[{"href":"https:\/\/www.depoles.com\/hr\/wp-json\/wp\/v2\/product\/1705","targetHints":{"allow":["GET"]}}],"collection":[{"href":"https:\/\/www.depoles.com\/hr\/wp-json\/wp\/v2\/product"}],"about":[{"href":"https:\/\/www.depoles.com\/hr\/wp-json\/wp\/v2\/types\/product"}],"wp:featuredmedia":[{"embeddable":true,"href":"https:\/\/www.depoles.com\/hr\/wp-json\/wp\/v2\/media\/1706"}],"wp:attachment":[{"href":"https:\/\/www.depoles.com\/hr\/wp-json\/wp\/v2\/media?parent=1705"}],"wp:term":[{"taxonomy":"product_brand","embeddable":true,"href":"https:\/\/www.depoles.com\/hr\/wp-json\/wp\/v2\/product_brand?post=1705"},{"taxonomy":"product_cat","embeddable":true,"href":"https:\/\/www.depoles.com\/hr\/wp-json\/wp\/v2\/product_cat?post=1705"},{"taxonomy":"product_tag","embeddable":true,"href":"https:\/\/www.depoles.com\/hr\/wp-json\/wp\/v2\/product_tag?post=1705"}],"curies":[{"name":"wp","href":"https:\/\/api.w.org\/{rel}","templated":true}]}}