{"id":1709,"date":"2023-01-27T14:17:41","date_gmt":"2023-01-27T13:17:41","guid":{"rendered":"https:\/\/nova.depoles.com\/trgovina\/vrecka-za-prah-za-zbiralnik-prahu-abs2200flexulf\/"},"modified":"2025-12-17T23:20:39","modified_gmt":"2025-12-17T22:20:39","slug":"vrecka-za-prah-za-zbiralnik-prahu-abs2200flexulf","status":"publish","type":"product","link":"https:\/\/www.depoles.com\/hr\/trgovina\/vrecka-za-prah-za-zbiralnik-prahu-abs2200flexulf\/","title":{"rendered":"Vre\u0107ica za pra\u0161inu za usisava\u010d ABS2200FLEXULF"},"content":{"rendered":"<p><strong>Specifikacije izdelka<\/strong><\/p>\n<ul>\n<li><strong>Te\u017ea<\/strong>\n<ul>\n<li>Bruto te\u017ea: 1 kg<\/li>\n<li>Netto te\u017ea: 0,50 kg<\/li>\n<\/ul>\n<\/li>\n<li><strong>Embala\u017ea<\/strong>\n<ul>\n<li>\u0160irina embala\u017ee: 550 mm<\/li>\n<li>Dol\u017eina embala\u017ee: 1.540 mm<\/li>\n<li>Vi\u0161ina embala\u017ee: 750 mm<\/li>\n<\/ul>\n<\/li>\n<li><strong>Splo\u0161ni podatki<\/strong>\n<ul>\n<li>EAN koda: 9120058378843<\/li>\n<\/ul>\n<\/li>\n<\/ul>\n","protected":false},"excerpt":{"rendered":"<p>Specifikacije izdelka Te\u017ea Bruto te\u017ea: 1 kg Netto te\u017ea: 0,50 kg Embala\u017ea \u0160irina embala\u017ee: 550 mm Dol\u017eina embala\u017ee: 1.540 mm Vi\u0161ina embala\u017ee: 750 mm Splo\u0161ni podatki EAN koda: 9120058378843<\/p>\n","protected":false},"featured_media":1710,"template":"","meta":[],"product_brand":[],"product_cat":[1014,1012],"product_tag":[],"class_list":{"0":"post-1709","1":"product","2":"type-product","3":"status-publish","4":"has-post-thumbnail","6":"product_cat-pripomocki-orodja-les-struzenje","7":"product_cat-stroji-za-les","9":"first","10":"instock","11":"shipping-taxable","12":"purchasable","13":"product-type-simple"},"_links":{"self":[{"href":"https:\/\/www.depoles.com\/hr\/wp-json\/wp\/v2\/product\/1709","targetHints":{"allow":["GET"]}}],"collection":[{"href":"https:\/\/www.depoles.com\/hr\/wp-json\/wp\/v2\/product"}],"about":[{"href":"https:\/\/www.depoles.com\/hr\/wp-json\/wp\/v2\/types\/product"}],"wp:featuredmedia":[{"embeddable":true,"href":"https:\/\/www.depoles.com\/hr\/wp-json\/wp\/v2\/media\/1710"}],"wp:attachment":[{"href":"https:\/\/www.depoles.com\/hr\/wp-json\/wp\/v2\/media?parent=1709"}],"wp:term":[{"taxonomy":"product_brand","embeddable":true,"href":"https:\/\/www.depoles.com\/hr\/wp-json\/wp\/v2\/product_brand?post=1709"},{"taxonomy":"product_cat","embeddable":true,"href":"https:\/\/www.depoles.com\/hr\/wp-json\/wp\/v2\/product_cat?post=1709"},{"taxonomy":"product_tag","embeddable":true,"href":"https:\/\/www.depoles.com\/hr\/wp-json\/wp\/v2\/product_tag?post=1709"}],"curies":[{"name":"wp","href":"https:\/\/api.w.org\/{rel}","templated":true}]}}