{"id":1768,"date":"2022-09-09T13:45:58","date_gmt":"2022-09-09T11:45:58","guid":{"rendered":"https:\/\/nova.depoles.com\/trgovina\/zlozljiv-konj-za-zago-sbo4x\/"},"modified":"2026-02-12T13:41:42","modified_gmt":"2026-02-12T12:41:42","slug":"zlozljiv-konj-za-zago-sbo4x","status":"publish","type":"product","link":"https:\/\/www.depoles.com\/hr\/trgovina\/zlozljiv-konj-za-zago-sbo4x\/","title":{"rendered":"Sklopivi konj za pilu SBO4X"},"content":{"rendered":"<p><strong>Specifikacije izdelka<\/strong><\/p>\n<ul>\n<li><strong>Dimenzije (v mm):<\/strong> 810 x 820 x 800<\/li>\n<li><strong>Nosilnost (v kg):<\/strong> 150<\/li>\n<li><strong>Te\u017ea:<\/strong>\n<ul>\n<li>Bruto te\u017ea: 8,30 kg<\/li>\n<li>Neto te\u017ea: 7,80 kg<\/li>\n<\/ul>\n<\/li>\n<li><strong>Embala\u017ea (v mm):<\/strong>\n<ul>\n<li>\u0160irina: 200<\/li>\n<li>Dol\u017eina: 1.010<\/li>\n<li>Vi\u0161ina: 40<\/li>\n<\/ul>\n<\/li>\n<li><strong>Splo\u0161ni podatki:<\/strong>\n<ul>\n<li>EAN koda: 9120058379239<\/li>\n<\/ul>\n<\/li>\n<\/ul>\n","protected":false},"excerpt":{"rendered":"<p>Zlo\u017eljiv konj za \u017eago iz pocinkanega jekla omogo\u010da prilagajanje in priro\u010dno shranjevanje. Poudarki izdelka:<\/p>\n<ul>\n<li>Mo\u017enost nastavitve v obliki \u010drke V s pomo\u010djo vijakov za prilagoditev materialu.<\/li>\n<li>Urejeni zobje \u017eage na jeklu zagotavljajo trdno dr\u017eanje lesa v konju.<\/li>\n<li>Zlo\u017eljiva zasnova omogo\u010da enostavno shranjevanje in prihranek prostora.<\/li>\n<\/ul>\n","protected":false},"featured_media":1769,"template":"","meta":[],"product_brand":[],"product_cat":[1041,1062],"product_tag":[],"class_list":{"0":"post-1768","1":"product","2":"type-product","3":"status-publish","4":"has-post-thumbnail","6":"product_cat-oprema-za-delavnice-delovne-mize-ponki-in-police","7":"product_cat-oprema-za-delavnice-delovne-mize-ponki","9":"first","10":"instock","11":"shipping-taxable","12":"purchasable","13":"product-type-simple"},"_links":{"self":[{"href":"https:\/\/www.depoles.com\/hr\/wp-json\/wp\/v2\/product\/1768","targetHints":{"allow":["GET"]}}],"collection":[{"href":"https:\/\/www.depoles.com\/hr\/wp-json\/wp\/v2\/product"}],"about":[{"href":"https:\/\/www.depoles.com\/hr\/wp-json\/wp\/v2\/types\/product"}],"wp:featuredmedia":[{"embeddable":true,"href":"https:\/\/www.depoles.com\/hr\/wp-json\/wp\/v2\/media\/1769"}],"wp:attachment":[{"href":"https:\/\/www.depoles.com\/hr\/wp-json\/wp\/v2\/media?parent=1768"}],"wp:term":[{"taxonomy":"product_brand","embeddable":true,"href":"https:\/\/www.depoles.com\/hr\/wp-json\/wp\/v2\/product_brand?post=1768"},{"taxonomy":"product_cat","embeddable":true,"href":"https:\/\/www.depoles.com\/hr\/wp-json\/wp\/v2\/product_cat?post=1768"},{"taxonomy":"product_tag","embeddable":true,"href":"https:\/\/www.depoles.com\/hr\/wp-json\/wp\/v2\/product_tag?post=1768"}],"curies":[{"name":"wp","href":"https:\/\/api.w.org\/{rel}","templated":true}]}}