{"id":1770,"date":"2022-09-09T13:45:57","date_gmt":"2022-09-09T11:45:57","guid":{"rendered":"https:\/\/nova.depoles.com\/trgovina\/delavniski-regal-delovna-miza-ponk-wess13\/"},"modified":"2026-02-13T11:21:30","modified_gmt":"2026-02-13T10:21:30","slug":"delavniski-regal-delovna-miza-ponk-wess13","status":"publish","type":"product","link":"https:\/\/www.depoles.com\/hr\/trgovina\/delavniski-regal-delovna-miza-ponk-wess13\/","title":{"rendered":"RADNI\u010cKI REGAL RADNI STOL WESS13"},"content":{"rendered":"<p><strong>Tehni\u010dni podatki<\/strong><\/p>\n<ul>\n<li><strong>Dimenzije<\/strong>\n<ul>\n<li>Vi\u0161ina mize: 843 mm<\/li>\n<li>Skupne dimenzije (D x \u0160 x V): 2592 x 458 x 1830 mm<\/li>\n<\/ul>\n<\/li>\n<li><strong>Te\u017ea<\/strong>\n<ul>\n<li>Bruto te\u017ea: 170 kg<\/li>\n<li>Netto te\u017ea: 154 kg<\/li>\n<\/ul>\n<\/li>\n<li><strong>Embala\u017ea<\/strong>\n<ul>\n<li>\u0160irina embala\u017ee: 505 mm<\/li>\n<li>Dol\u017eina embala\u017ee: 840 mm<\/li>\n<li>Vi\u0161ina embala\u017ee: 1970 mm<\/li>\n<\/ul>\n<\/li>\n<li><strong>Splo\u0161ni podatki<\/strong>\n<ul>\n<li>EAN koda: 9120058379253<\/li>\n<\/ul>\n<\/li>\n<\/ul>\n","protected":false},"excerpt":{"rendered":"<h3>Opis izdelka<\/h3>\n<p>13-delna kolekcija za organizacijo delavnic, ki vklju\u010duje razli\u010dne omare, police in delovno plo\u0161\u010do. Izdelek omogo\u010da prilagodljivo monta\u017eo in ponuja prakti\u010dne funkcije za u\u010dinkovito shranjevanje.<\/p>\n<ul>\n<li>Vsebina kolekcije:\n<ul>\n<li>1 omarica (762 x 458 x 1830 mm) z 3 policami<\/li>\n<li>2 stenski omari (610 x 280 x 338 mm) s plinsko vzmetjo<\/li>\n<li>1 odlagalna polica (610 x 280 x 338 mm)<\/li>\n<li>1 osnovna omarica s 4 predali (610 x 406 x 758 mm)<\/li>\n<li>1 osnovna omarica z 2 vrati (610 x 406 x 758 mm)<\/li>\n<li>6 modulov pegboard (610 x 324 x 24 mm)<\/li>\n<li>1 delovna plo\u0161\u010da iz kav\u010dukovega lesa (1830 x 406 x 25 mm)<\/li>\n<\/ul>\n<\/li>\n<li>Predali in vrata so na zaklepanje<\/li>\n<li>Na voljo so noge za izravnavo vi\u0161ine<\/li>\n<li>Prilagodljiva monta\u017ea z mo\u017enostjo postavitve osnovne omarice s predali na desni ali levi strani<\/li>\n<li>En paket in posamezne komponente so vnaprej sestavljene<\/li>\n<\/ul>\n","protected":false},"featured_media":1771,"template":"","meta":[],"product_brand":[],"product_cat":[1063,1041,1062],"product_tag":[306,314,441,515,609,623,652,690,739,897],"class_list":{"0":"post-1770","1":"product","2":"type-product","3":"status-publish","4":"has-post-thumbnail","6":"product_cat-deloven-mize-ponki","7":"product_cat-oprema-za-delavnice-delovne-mize-ponki-in-police","8":"product_cat-oprema-za-delavnice-delovne-mize-ponki","9":"product_tag-delavniski","10":"product_tag-depoles","11":"product_tag-holzmann","12":"product_tag-kovinski","13":"product_tag-omara","14":"product_tag-pank","15":"product_tag-ponk","16":"product_tag-pult","17":"product_tag-sestav","18":"product_tag-wess13","20":"first","21":"instock","22":"shipping-taxable","23":"purchasable","24":"product-type-simple"},"_links":{"self":[{"href":"https:\/\/www.depoles.com\/hr\/wp-json\/wp\/v2\/product\/1770","targetHints":{"allow":["GET"]}}],"collection":[{"href":"https:\/\/www.depoles.com\/hr\/wp-json\/wp\/v2\/product"}],"about":[{"href":"https:\/\/www.depoles.com\/hr\/wp-json\/wp\/v2\/types\/product"}],"wp:featuredmedia":[{"embeddable":true,"href":"https:\/\/www.depoles.com\/hr\/wp-json\/wp\/v2\/media\/1771"}],"wp:attachment":[{"href":"https:\/\/www.depoles.com\/hr\/wp-json\/wp\/v2\/media?parent=1770"}],"wp:term":[{"taxonomy":"product_brand","embeddable":true,"href":"https:\/\/www.depoles.com\/hr\/wp-json\/wp\/v2\/product_brand?post=1770"},{"taxonomy":"product_cat","embeddable":true,"href":"https:\/\/www.depoles.com\/hr\/wp-json\/wp\/v2\/product_cat?post=1770"},{"taxonomy":"product_tag","embeddable":true,"href":"https:\/\/www.depoles.com\/hr\/wp-json\/wp\/v2\/product_tag?post=1770"}],"curies":[{"name":"wp","href":"https:\/\/api.w.org\/{rel}","templated":true}]}}