{"id":1775,"date":"2022-09-09T13:45:55","date_gmt":"2022-09-09T11:45:55","guid":{"rendered":"https:\/\/nova.depoles.com\/trgovina\/delovna-miza-wst100solid\/"},"modified":"2025-12-17T14:49:11","modified_gmt":"2025-12-17T13:49:11","slug":"delovna-miza-wst100solid","status":"publish","type":"product","link":"https:\/\/www.depoles.com\/hr\/trgovina\/delovna-miza-wst100solid\/","title":{"rendered":"Radni stol WST100SOLID"},"content":{"rendered":"<p><strong>Tehni\u010dni podatki<\/strong><\/p>\n<ul>\n<li><strong>Dimenzije mize:<\/strong> 820 x 630 mm<\/li>\n<li><strong>Vi\u0161ina mize:<\/strong> 545 \/ 810 mm<\/li>\n<li><strong>Skupne dimenzije:<\/strong> 750 x 575 x 810 mm<\/li>\n<li><strong>Bruto te\u017ea:<\/strong> 13,50 kg<\/li>\n<li><strong>Netto te\u017ea:<\/strong> 12,20 kg<\/li>\n<li><strong>Dimenzije embala\u017ee (\u0160 x D x V):<\/strong> 635 x 650 x 13 mm<\/li>\n<li><strong>EAN koda:<\/strong> 9120058379116<\/li>\n<\/ul>\n","protected":false},"excerpt":{"rendered":"<h3>Izdelek je zasnovan za enostavno uporabo brez potrebe po orodju. Ponuja prakti\u010dne re\u0161itve za hitro odpiranje, zlaganje in transport ter omogo\u010da varno in stabilno delo.<\/h3>\n<ul>\n<li>Za monta\u017eo ni potrebno orodje.<\/li>\n<li>Sistem za hitro odpiranje in zlaganje omogo\u010da enostaven transport, shranjevanje in prena\u0161anje.<\/li>\n<li>Vnaprej sestavljena delovna plo\u0161\u010da je opremljena s priro\u010dnim pladnjem za orodje in merilnimi funkcijami.<\/li>\n<li>Povezovalni element omogo\u010da povezovanje ve\u010d enot v ve\u010djo delovno povr\u0161ino.<\/li>\n<li>Sponke varno dr\u017eijo delovni material, dolga tirnica na sredini plo\u0161\u010de omogo\u010da vpenjanje razli\u010dnih materialov.<\/li>\n<li>Nedrse\u010de noge zagotavljajo stabilnost in za\u0161\u010dito tal.<\/li>\n<li>Zlo\u017eljiv pladenj omogo\u010da priro\u010dno shranjevanje orodja.<\/li>\n<li>Maksimalna obremenitev kot delovna miza je 200 kg, kot konji\u010dek pa do 350 kg.<\/li>\n<\/ul>\n","protected":false},"featured_media":1776,"template":"","meta":[],"product_brand":[],"product_cat":[1063,1041,1062],"product_tag":[],"class_list":{"0":"post-1775","1":"product","2":"type-product","3":"status-publish","4":"has-post-thumbnail","6":"product_cat-deloven-mize-ponki","7":"product_cat-oprema-za-delavnice-delovne-mize-ponki-in-police","8":"product_cat-oprema-za-delavnice-delovne-mize-ponki","10":"first","11":"instock","12":"shipping-taxable","13":"purchasable","14":"product-type-simple"},"_links":{"self":[{"href":"https:\/\/www.depoles.com\/hr\/wp-json\/wp\/v2\/product\/1775","targetHints":{"allow":["GET"]}}],"collection":[{"href":"https:\/\/www.depoles.com\/hr\/wp-json\/wp\/v2\/product"}],"about":[{"href":"https:\/\/www.depoles.com\/hr\/wp-json\/wp\/v2\/types\/product"}],"wp:featuredmedia":[{"embeddable":true,"href":"https:\/\/www.depoles.com\/hr\/wp-json\/wp\/v2\/media\/1776"}],"wp:attachment":[{"href":"https:\/\/www.depoles.com\/hr\/wp-json\/wp\/v2\/media?parent=1775"}],"wp:term":[{"taxonomy":"product_brand","embeddable":true,"href":"https:\/\/www.depoles.com\/hr\/wp-json\/wp\/v2\/product_brand?post=1775"},{"taxonomy":"product_cat","embeddable":true,"href":"https:\/\/www.depoles.com\/hr\/wp-json\/wp\/v2\/product_cat?post=1775"},{"taxonomy":"product_tag","embeddable":true,"href":"https:\/\/www.depoles.com\/hr\/wp-json\/wp\/v2\/product_tag?post=1775"}],"curies":[{"name":"wp","href":"https:\/\/api.w.org\/{rel}","templated":true}]}}