{"id":1779,"date":"2022-09-09T13:45:53","date_gmt":"2022-09-09T11:45:53","guid":{"rendered":"https:\/\/nova.depoles.com\/trgovina\/zlozljiva-stenska-delovna-miza-wb142fold\/"},"modified":"2026-02-12T13:46:40","modified_gmt":"2026-02-12T12:46:40","slug":"zlozljiva-stenska-delovna-miza-wb142fold","status":"publish","type":"product","link":"https:\/\/www.depoles.com\/hr\/trgovina\/zlozljiva-stenska-delovna-miza-wb142fold\/","title":{"rendered":"Sklopivi zidni radni stol WB142FOLD"},"content":{"rendered":"<p><strong>Tehni\u010dni podatki<\/strong><\/p>\n<ul>\n<li><strong>Dimenzije (mm):<\/strong> 1215 x 646 x 1420<\/li>\n<li><strong>Nosilnost (kg):<\/strong> 150<\/li>\n<li><strong>Vi\u0161ina mize (mm):<\/strong> 845<\/li>\n<li><strong>Bruto te\u017ea (kg):<\/strong> 24<\/li>\n<li><strong>Netto te\u017ea (kg):<\/strong> 22<\/li>\n<li><strong>Dimenzije embala\u017ee (mm):<\/strong>\n<ul>\n<li>\u0160irina: 645<\/li>\n<li>Dol\u017eina: 1230<\/li>\n<li>Vi\u0161ina: 130<\/li>\n<\/ul>\n<\/li>\n<li><strong>EAN koda:<\/strong> 9120058379192<\/li>\n<\/ul>\n","protected":false},"excerpt":{"rendered":"<h3>Opis izdelka<\/h3>\n<p>Prostorsko var\u010dna zlo\u017eljiva delovna miza s pegboardom za urejeno shranjevanje orodja. Primerna za stensko monta\u017eo, omogo\u010da u\u010dinkovito organizacijo delovnega prostora.<\/p>\n<ul>\n<li>Zlo\u017eljiva delovna miza za var\u010dno shranjevanje<\/li>\n<li>Pegboard velikosti 1125 x 480 mm z luknjami premera 3,8 mm in razmakom 15 mm<\/li>\n<li>Maksimalna obremenitev delovne mize 150 kg, pegboarda pa 10 kg<\/li>\n<li>Dimenzije zlo\u017eenega izdelka: 1215 x 113 x 1420 mm<\/li>\n<li>Lesena delovna plo\u0161\u010da iz jelke, dimenzije 1197 x 600 x 25 mm<\/li>\n<li>Stenska monta\u017ea<\/li>\n<\/ul>\n<p><strong>Vklju\u010deno v dobavo:<\/strong> delovna miza z 10 kavlji<\/p>\n","protected":false},"featured_media":1780,"template":"","meta":[],"product_brand":[],"product_cat":[1063,1041,1062],"product_tag":[],"class_list":{"0":"post-1779","1":"product","2":"type-product","3":"status-publish","4":"has-post-thumbnail","6":"product_cat-deloven-mize-ponki","7":"product_cat-oprema-za-delavnice-delovne-mize-ponki-in-police","8":"product_cat-oprema-za-delavnice-delovne-mize-ponki","10":"first","11":"instock","12":"shipping-taxable","13":"purchasable","14":"product-type-simple"},"_links":{"self":[{"href":"https:\/\/www.depoles.com\/hr\/wp-json\/wp\/v2\/product\/1779","targetHints":{"allow":["GET"]}}],"collection":[{"href":"https:\/\/www.depoles.com\/hr\/wp-json\/wp\/v2\/product"}],"about":[{"href":"https:\/\/www.depoles.com\/hr\/wp-json\/wp\/v2\/types\/product"}],"wp:featuredmedia":[{"embeddable":true,"href":"https:\/\/www.depoles.com\/hr\/wp-json\/wp\/v2\/media\/1780"}],"wp:attachment":[{"href":"https:\/\/www.depoles.com\/hr\/wp-json\/wp\/v2\/media?parent=1779"}],"wp:term":[{"taxonomy":"product_brand","embeddable":true,"href":"https:\/\/www.depoles.com\/hr\/wp-json\/wp\/v2\/product_brand?post=1779"},{"taxonomy":"product_cat","embeddable":true,"href":"https:\/\/www.depoles.com\/hr\/wp-json\/wp\/v2\/product_cat?post=1779"},{"taxonomy":"product_tag","embeddable":true,"href":"https:\/\/www.depoles.com\/hr\/wp-json\/wp\/v2\/product_tag?post=1779"}],"curies":[{"name":"wp","href":"https:\/\/api.w.org\/{rel}","templated":true}]}}