{"id":1784,"date":"2022-09-09T13:45:51","date_gmt":"2022-09-09T11:45:51","guid":{"rendered":"https:\/\/nova.depoles.com\/trgovina\/valji-o-32mm-msm100pro_r32\/"},"modified":"2025-12-17T23:20:46","modified_gmt":"2025-12-17T22:20:46","slug":"valji-o-32mm-msm100pro_r32","status":"publish","type":"product","link":"https:\/\/www.depoles.com\/hr\/trgovina\/valji-o-32mm-msm100pro_r32\/","title":{"rendered":"Valjci \u00d8 32mm MSM100PRO_R32"},"content":{"rendered":"<p><strong>Tehni\u010dni podatki<\/strong><\/p>\n<ul>\n<li><strong>Te\u017ea:<\/strong>\n<ul>\n<li>Net te\u017ea: 0,67 kg<\/li>\n<li>Bruto te\u017ea: 0,75 kg<\/li>\n<\/ul>\n<\/li>\n<li><strong>Embalaza:<\/strong>\n<ul>\n<li>Vi\u0161ina embala\u017ee: 37 mm<\/li>\n<li>\u0160irina embala\u017ee: 37 mm<\/li>\n<li>Dol\u017eina embala\u017ee: 220 mm<\/li>\n<\/ul>\n<\/li>\n<\/ul>\n","protected":false},"excerpt":{"rendered":"<p>Tehni\u010dni podatki Te\u017ea: Net te\u017ea: 0,67 kg Bruto te\u017ea: 0,75 kg Embalaza: Vi\u0161ina embala\u017ee: 37 mm \u0160irina embala\u017ee: 37 mm Dol\u017eina embala\u017ee: 220 mm<\/p>\n","protected":false},"featured_media":1785,"template":"","meta":[],"product_brand":[],"product_cat":[1054,1043],"product_tag":[],"class_list":{"0":"post-1784","1":"product","2":"type-product","3":"status-publish","4":"has-post-thumbnail","6":"product_cat-brusilniki-za-kovine","7":"product_cat-stroji-za-kovine","9":"first","10":"instock","11":"shipping-taxable","12":"purchasable","13":"product-type-simple"},"_links":{"self":[{"href":"https:\/\/www.depoles.com\/hr\/wp-json\/wp\/v2\/product\/1784","targetHints":{"allow":["GET"]}}],"collection":[{"href":"https:\/\/www.depoles.com\/hr\/wp-json\/wp\/v2\/product"}],"about":[{"href":"https:\/\/www.depoles.com\/hr\/wp-json\/wp\/v2\/types\/product"}],"wp:featuredmedia":[{"embeddable":true,"href":"https:\/\/www.depoles.com\/hr\/wp-json\/wp\/v2\/media\/1785"}],"wp:attachment":[{"href":"https:\/\/www.depoles.com\/hr\/wp-json\/wp\/v2\/media?parent=1784"}],"wp:term":[{"taxonomy":"product_brand","embeddable":true,"href":"https:\/\/www.depoles.com\/hr\/wp-json\/wp\/v2\/product_brand?post=1784"},{"taxonomy":"product_cat","embeddable":true,"href":"https:\/\/www.depoles.com\/hr\/wp-json\/wp\/v2\/product_cat?post=1784"},{"taxonomy":"product_tag","embeddable":true,"href":"https:\/\/www.depoles.com\/hr\/wp-json\/wp\/v2\/product_tag?post=1784"}],"curies":[{"name":"wp","href":"https:\/\/api.w.org\/{rel}","templated":true}]}}