{"id":1798,"date":"2022-09-09T13:45:44","date_gmt":"2022-09-09T11:45:44","guid":{"rendered":"https:\/\/nova.depoles.com\/trgovina\/za-hlodovino-bbs-810-smart_400v\/"},"modified":"2026-02-12T13:45:02","modified_gmt":"2026-02-12T12:45:02","slug":"za-hlodovino-bbs-810-smart_400v","status":"publish","type":"product","link":"https:\/\/www.depoles.com\/hr\/trgovina\/za-hlodovino-bbs-810-smart_400v\/","title":{"rendered":"TRA\u010cNA PILA ZA DRVA BBS 810 SMART_400V"},"content":{"rendered":"<p><strong>Tehni\u010dni podatki<\/strong><\/p>\n<ul>\n<li><strong>Motor<\/strong>\n<ul>\n<li>Mo\u010d motorja S1: 7500 W<\/li>\n<li>Napetost: 400V \/ 50Hz<\/li>\n<\/ul>\n<\/li>\n<li><strong>Dimenzije<\/strong>\n<ul>\n<li>Skupne dimenzije (\u0160 x G x V): 4260 x 1950 x 1900 mm<\/li>\n<\/ul>\n<\/li>\n<li><strong>Tra\u010dne \u017eage<\/strong>\n<ul>\n<li>Dimenzije \u017eaginega traku: 4015 x 34 x 1,1 mm<\/li>\n<li>Hitrost traku: 1080 m\/min<\/li>\n<li>Premer vztrajnika: \u00d8 475 mm<\/li>\n<li>Maksimalni premer hloda: \u00d8 810 mm<\/li>\n<li>Maksimalna razdalja med vodili rezila: 720 mm<\/li>\n<li>Dol\u017eina tirnice: 2 m<\/li>\n<li>Debelina reza (kerf): 1,5 &#8211; 2,2 mm<\/li>\n<\/ul>\n<\/li>\n<li><strong>Ravni hrupa in vibracij<\/strong>\n<ul>\n<li>Raven zvo\u010dne mo\u010di: 98 dB(A)<\/li>\n<li>Raven zvo\u010dnega tlaka: 89 dB(A)<\/li>\n<\/ul>\n<\/li>\n<li><strong>Te\u017ea<\/strong>\n<ul>\n<li>Bruto te\u017ea: 416 kg<\/li>\n<li>Netto te\u017ea: 368 kg<\/li>\n<\/ul>\n<\/li>\n<li><strong>Embal\u017ea<\/strong>\n<ul>\n<li>\u0160irina embala\u017ee: 645 mm<\/li>\n<li>Dol\u017eina embala\u017ee: 2270 mm<\/li>\n<li>Vi\u0161ina embala\u017ee: 880 mm<\/li>\n<\/ul>\n<\/li>\n<li><strong>Splo\u0161ni podatki<\/strong>\n<ul>\n<li>EAN koda: 9120058379260<\/li>\n<\/ul>\n<\/li>\n<\/ul>\n","protected":false},"excerpt":{"rendered":"<h6>pla\u010dila mo\u017ena do 48 obrokov in vrednosti do 12000\u20ac TAKOJ\/tudi z vsemi karticami\/DINNERS \/PAYPAL<\/h6>\n<h6>TRA\u010cNA \u017dAGA ZA HLODOVINO BBS 810 SMART \/motor 400V\/opcija motor bencin<\/h6>\n<ul>\n<li>dimenzija hloda za razrez 810 mm<\/li>\n<li>standard dol\u017eina tra\u010dnic 2 m \/dodatno neomejena (odvisno od vas koliko jih dokupite)<\/li>\n<li>dol\u017eina reza je odvisna od \u0161tevila raz\u0161iritvenih delov (v osnovni razli\u010dici\u00a0 je s strojem 2 m tracnic)<\/li>\n<li>Mogo\u010de je rezanje vseh vrst lesa z istim trakom<\/li>\n<li>trdna konstrukcija brez zvijanja<\/li>\n<li>nizka raven potrebnega vzdr\u017eevanja<\/li>\n<li>enostavno rokovanje<\/li>\n<li>masivno pogonsko kolo iz litega \u017eeleza<\/li>\n<li>natan\u010dna vodila<\/li>\n<li>ekscentri\u010dni vpenjalni sistem<\/li>\n<li>ro\u010dna nastavitev vi\u0161ine (debeline).<\/li>\n<li>ro\u010dno rezanje<\/li>\n<li>lastna monta\u017ea stroja<\/li>\n<\/ul>\n<p><strong>vklju\u010deno v dobavo<\/strong> : 1x tra\u010dna \u017eaga<\/p>\n<p>https:\/\/www.youtube.com\/watch?v=pwnErs7DJg4<\/p>\n<p>&nbsp;<\/p>\n","protected":false},"featured_media":1799,"template":"","meta":[],"product_brand":[],"product_cat":[1012,1013],"product_tag":[218,314,429,441,632,761,837,849,918],"class_list":{"0":"post-1798","1":"product","2":"type-product","3":"status-publish","4":"has-post-thumbnail","6":"product_cat-stroji-za-les","7":"product_cat-tracna-zaga-za-hlodovino-bbs","8":"product_tag-bbs810","9":"product_tag-depoles","10":"product_tag-hlodovino","11":"product_tag-holzmann","12":"product_tag-pila","13":"product_tag-smart","14":"product_tag-tracna","15":"product_tag-trupce","16":"product_tag-zaga","18":"first","19":"instock","20":"shipping-taxable","21":"purchasable","22":"product-type-simple"},"_links":{"self":[{"href":"https:\/\/www.depoles.com\/hr\/wp-json\/wp\/v2\/product\/1798","targetHints":{"allow":["GET"]}}],"collection":[{"href":"https:\/\/www.depoles.com\/hr\/wp-json\/wp\/v2\/product"}],"about":[{"href":"https:\/\/www.depoles.com\/hr\/wp-json\/wp\/v2\/types\/product"}],"wp:featuredmedia":[{"embeddable":true,"href":"https:\/\/www.depoles.com\/hr\/wp-json\/wp\/v2\/media\/1799"}],"wp:attachment":[{"href":"https:\/\/www.depoles.com\/hr\/wp-json\/wp\/v2\/media?parent=1798"}],"wp:term":[{"taxonomy":"product_brand","embeddable":true,"href":"https:\/\/www.depoles.com\/hr\/wp-json\/wp\/v2\/product_brand?post=1798"},{"taxonomy":"product_cat","embeddable":true,"href":"https:\/\/www.depoles.com\/hr\/wp-json\/wp\/v2\/product_cat?post=1798"},{"taxonomy":"product_tag","embeddable":true,"href":"https:\/\/www.depoles.com\/hr\/wp-json\/wp\/v2\/product_tag?post=1798"}],"curies":[{"name":"wp","href":"https:\/\/api.w.org\/{rel}","templated":true}]}}