{"id":1802,"date":"2022-09-09T13:44:57","date_gmt":"2022-09-09T11:44:57","guid":{"rendered":"https:\/\/nova.depoles.com\/trgovina\/tracna-zaga-bbs-810-smart-g-bencin-holzmann\/"},"modified":"2026-03-19T14:07:57","modified_gmt":"2026-03-19T13:07:57","slug":"tracna-zaga-bbs-810-smart-g-bencin-holzmann","status":"publish","type":"product","link":"https:\/\/www.depoles.com\/hr\/trgovina\/tracna-zaga-bbs-810-smart-g-bencin-holzmann\/","title":{"rendered":"TRA\u010cNA PILA BBS 810 SMART-G BENZIN HOLZMANN"},"content":{"rendered":"<p><strong>Tehni\u010dni podatki:<\/strong><\/p>\n<ul>\n<li><strong>Motor:<\/strong>\n<ul>\n<li>Moc motorja S1: 9000 W<\/li>\n<li>Tip motorja: Loncin G420F<\/li>\n<li>Vrsta goriva: ROZ 95 (EN228)<\/li>\n<li>Kapaciteta rezervoarja: 6,5 l<\/li>\n<\/ul>\n<\/li>\n<li><strong>Dimenzije:<\/strong>\n<ul>\n<li>Skupne dimenzije (D x \u0160 x V): 4260 x 1950 x 1900 mm<\/li>\n<\/ul>\n<\/li>\n<li><strong>Dimenzije obdelovanca:<\/strong>\n<ul>\n<li>Minimalna dol\u017eina obdelovanca: 1050 mm<\/li>\n<\/ul>\n<\/li>\n<li><strong>Tra\u010dne \u017eage:<\/strong>\n<ul>\n<li>Dimenzije \u017eaginega traku: 4015 x 34 x 1,1 mm<\/li>\n<li>Hitrost traku: 1200 m\/min<\/li>\n<li>Premer vztrajnika: \u00d8 475 mm<\/li>\n<li>Maksimalni premer hloda: \u00d8 810 mm<\/li>\n<li>Maksimalna razdalja med vodili rezila: 720 mm<\/li>\n<li>Dol\u017eina proge: 2 m<\/li>\n<li>Debelina rezila (rezalni rob): 1,5 &#8211; 2,2 mm<\/li>\n<\/ul>\n<\/li>\n<li><strong>Nivo glasnosti in vibracije:<\/strong>\n<ul>\n<li>Ravni zvo\u010dne mo\u010di: 98 dB(A)<\/li>\n<li>Ravni zvo\u010dnega tlaka: 89 dB(A)<\/li>\n<\/ul>\n<\/li>\n<li><strong>Te\u017ea:<\/strong>\n<ul>\n<li>Bruto te\u017ea: 418 kg<\/li>\n<li>Netto te\u017ea: 370 kg<\/li>\n<\/ul>\n<\/li>\n<li><strong>Embala\u017ea:<\/strong>\n<ul>\n<li>\u0160irina embala\u017ee: 645 mm<\/li>\n<li>Dol\u017eina embala\u017ee: 2270 mm<\/li>\n<li>Vi\u0161ina embala\u017ee: 880 mm<\/li>\n<\/ul>\n<\/li>\n<li><strong>Splo\u0161ni podatki:<\/strong>\n<ul>\n<li>EAN koda: 9120058379277<\/li>\n<\/ul>\n<\/li>\n<\/ul>\n","protected":false},"excerpt":{"rendered":"<h6>Uredimo pla\u010dilo na obroke takoj do 15000\u20ac tudi za SP in DOO<\/h6>\n<ul>\n<li>motor bencin 9Kw<\/li>\n<li>Dol\u017eina reza je odvisna od \u0161tevila raz\u0161iritvenih delov<\/li>\n<li>vse vrste lesa je mogo\u010de rezati z istim trakom.<\/li>\n<li>trdna konstrukcija brez zvijanja<\/li>\n<li>nizka raven potrebnega vzdr\u017eevanja<\/li>\n<li>enostavno rokovanje<\/li>\n<li>masivno pogonsko kolo iz litega \u017eeleza<\/li>\n<li>natan\u010den vodnik<\/li>\n<li>ekscentri\u010dni vpenjalni sistem<\/li>\n<li>ro\u010dna nastavitev vi\u0161ine (debeline).<\/li>\n<li>ro\u010dno rezanje<\/li>\n<li><span style=\"color: #ff0000\"><strong>vklju\u010deno v dobavo<\/strong><\/span> : 1x tra\u010dna \u017eaga<\/li>\n<\/ul>\n<h5><span style=\"color: #ff0000\">DOPLA\u010cILO:<\/span><br \/>\nTra\u010dnica\/podalj\u0161ek BBS 550 = 750\u20ac<br \/>\nDodaten list BBS810SMART TB35 \/4014x35x1 mm 2ZPZf TROCK= 49\u20ac<\/h5>\n<p>&nbsp;<\/p>\n","protected":false},"featured_media":716,"template":"","meta":[],"product_brand":[],"product_cat":[1012,1013],"product_tag":[218,219,314,388,427,429,441,761,762,837,849,918],"class_list":{"0":"post-1802","1":"product","2":"type-product","3":"status-publish","4":"has-post-thumbnail","6":"product_cat-stroji-za-les","7":"product_cat-tracna-zaga-za-hlodovino-bbs","8":"product_tag-bbs810","9":"product_tag-bencin","10":"product_tag-depoles","11":"product_tag-g","12":"product_tag-hlode","13":"product_tag-hlodovino","14":"product_tag-holzmann","15":"product_tag-smart","16":"product_tag-smartg","17":"product_tag-tracna","18":"product_tag-trupce","19":"product_tag-zaga","21":"first","22":"instock","23":"shipping-taxable","24":"purchasable","25":"product-type-simple"},"_links":{"self":[{"href":"https:\/\/www.depoles.com\/hr\/wp-json\/wp\/v2\/product\/1802","targetHints":{"allow":["GET"]}}],"collection":[{"href":"https:\/\/www.depoles.com\/hr\/wp-json\/wp\/v2\/product"}],"about":[{"href":"https:\/\/www.depoles.com\/hr\/wp-json\/wp\/v2\/types\/product"}],"wp:featuredmedia":[{"embeddable":true,"href":"https:\/\/www.depoles.com\/hr\/wp-json\/wp\/v2\/media\/716"}],"wp:attachment":[{"href":"https:\/\/www.depoles.com\/hr\/wp-json\/wp\/v2\/media?parent=1802"}],"wp:term":[{"taxonomy":"product_brand","embeddable":true,"href":"https:\/\/www.depoles.com\/hr\/wp-json\/wp\/v2\/product_brand?post=1802"},{"taxonomy":"product_cat","embeddable":true,"href":"https:\/\/www.depoles.com\/hr\/wp-json\/wp\/v2\/product_cat?post=1802"},{"taxonomy":"product_tag","embeddable":true,"href":"https:\/\/www.depoles.com\/hr\/wp-json\/wp\/v2\/product_tag?post=1802"}],"curies":[{"name":"wp","href":"https:\/\/api.w.org\/{rel}","templated":true}]}}