{"id":1808,"date":"2022-08-16T20:48:31","date_gmt":"2022-08-16T18:48:31","guid":{"rendered":"https:\/\/nova.depoles.com\/trgovina\/magnetna-palica-za-opilke-ms40\/"},"modified":"2026-04-06T21:45:22","modified_gmt":"2026-04-06T19:45:22","slug":"magnetna-palica-za-opilke-ms40","status":"publish","type":"product","link":"https:\/\/www.depoles.com\/hr\/trgovina\/magnetna-palica-za-opilke-ms40\/","title":{"rendered":"Magnetna \u0161ipka za strugotine MS40"},"content":{"rendered":"<p><strong>Tehni\u010dni podatki<\/strong><\/p>\n<table>\n<tbody>\n<tr>\n<th colspan=\"2\">Te\u017ea<\/th>\n<\/tr>\n<tr>\n<td>Bruto te\u017ea (kg)<\/td>\n<td>0,60<\/td>\n<\/tr>\n<tr>\n<td>Net te\u017ea (kg)<\/td>\n<td>0,50<\/td>\n<\/tr>\n<tr>\n<th colspan=\"2\">Embala\u017ea<\/th>\n<\/tr>\n<tr>\n<td>\u0160irina embala\u017ee (mm)<\/td>\n<td>75<\/td>\n<\/tr>\n<tr>\n<td>Dol\u017eina embala\u017ee (mm)<\/td>\n<td>435<\/td>\n<\/tr>\n<tr>\n<td>Vi\u0161ina embala\u017ee (mm)<\/td>\n<td>75<\/td>\n<\/tr>\n<tr>\n<th colspan=\"2\">Splo\u0161ni podatki<\/th>\n<\/tr>\n<tr>\n<td>EAN koda<\/td>\n<td>9120058378904<\/td>\n<\/tr>\n<\/tbody>\n<\/table>\n","protected":false},"excerpt":{"rendered":"<h3><\/h3>\n<ul>\n<li>Magnetni zbiralnik opilkov za zbiranje magnetnih opilkov\/ ostruzkov\/majhnih magnetnih predmetov v va\u0161i delavnici<\/li>\n<li>premi\u010dni magnet in zapora za ostru\u017eke enostavno zbiranje in tudi strganje ostru\u017ekov\/predmetov<\/li>\n<li>zunanja cev iz nerjave\u010dega jekla<\/li>\n<li>neodim magnet<\/li>\n<li>premer \u00d8 25,4 mm (1&#8243;)<\/li>\n<li>skupna dol\u017eina 406 mm (16&#8243;)<\/li>\n<li>magnetna sila do 1,4 kg max.<\/li>\n<\/ul>\n","protected":false},"featured_media":1809,"template":"","meta":[],"product_brand":[],"product_cat":[1046,1062,1043],"product_tag":[314,441,544,576,613,618],"class_list":{"0":"post-1808","1":"product","2":"type-product","3":"status-publish","4":"has-post-thumbnail","6":"product_cat-pripomocki-orodja-kovine-stroji-za-kovine","7":"product_cat-oprema-za-delavnice-delovne-mize-ponki","8":"product_cat-stroji-za-kovine","9":"product_tag-depoles","10":"product_tag-holzmann","11":"product_tag-magnet","12":"product_tag-ms40","13":"product_tag-opilki","14":"product_tag-ostruzki","16":"first","17":"instock","18":"shipping-taxable","19":"purchasable","20":"product-type-simple"},"_links":{"self":[{"href":"https:\/\/www.depoles.com\/hr\/wp-json\/wp\/v2\/product\/1808","targetHints":{"allow":["GET"]}}],"collection":[{"href":"https:\/\/www.depoles.com\/hr\/wp-json\/wp\/v2\/product"}],"about":[{"href":"https:\/\/www.depoles.com\/hr\/wp-json\/wp\/v2\/types\/product"}],"wp:featuredmedia":[{"embeddable":true,"href":"https:\/\/www.depoles.com\/hr\/wp-json\/wp\/v2\/media\/1809"}],"wp:attachment":[{"href":"https:\/\/www.depoles.com\/hr\/wp-json\/wp\/v2\/media?parent=1808"}],"wp:term":[{"taxonomy":"product_brand","embeddable":true,"href":"https:\/\/www.depoles.com\/hr\/wp-json\/wp\/v2\/product_brand?post=1808"},{"taxonomy":"product_cat","embeddable":true,"href":"https:\/\/www.depoles.com\/hr\/wp-json\/wp\/v2\/product_cat?post=1808"},{"taxonomy":"product_tag","embeddable":true,"href":"https:\/\/www.depoles.com\/hr\/wp-json\/wp\/v2\/product_tag?post=1808"}],"curies":[{"name":"wp","href":"https:\/\/api.w.org\/{rel}","templated":true}]}}