{"id":1811,"date":"2022-08-16T20:48:29","date_gmt":"2022-08-16T18:48:29","guid":{"rendered":"https:\/\/nova.depoles.com\/trgovina\/komplet-vrtljivih-rezil-iz-karbidne-trdine-5-kosov-fs5tlg\/"},"modified":"2026-02-12T13:43:17","modified_gmt":"2026-02-12T12:43:17","slug":"komplet-vrtljivih-rezil-iz-karbidne-trdine-5-kosov-fs5tlg","status":"publish","type":"product","link":"https:\/\/www.depoles.com\/hr\/trgovina\/komplet-vrtljivih-rezil-iz-karbidne-trdine-5-kosov-fs5tlg\/","title":{"rendered":"Set rotiraju\u0107ih karbidnih reznih plo\u010da 5 komada FS5TLG"},"content":{"rendered":"<p><strong>Tehni\u010dni podatki<\/strong><\/p>\n<ul>\n<li><strong>Te\u017ea<\/strong>\n<ul>\n<li>Bruto te\u017ea: 0,30 kg<\/li>\n<li>Netto te\u017ea: 0,20 kg<\/li>\n<\/ul>\n<\/li>\n<li><strong>Embala\u017ea<\/strong>\n<ul>\n<li>\u0160irina embala\u017ee: 80 mm<\/li>\n<li>Dol\u017eina embala\u017ee: 100 mm<\/li>\n<li>Vi\u0161ina embala\u017ee: 30 mm<\/li>\n<\/ul>\n<\/li>\n<li><strong>Splo\u0161ni podatki<\/strong>\n<ul>\n<li>EAN koda: 9120058378522<\/li>\n<\/ul>\n<\/li>\n<\/ul>\n","protected":false},"excerpt":{"rendered":"<h3>Opis izdelka<\/h3>\n<p>Komplet 5 karbidnih svedrov visoke trdine, ki zagotavljajo dolgo vzdr\u017eljivost zahvaljujo\u010d kakovostni rezalni glavi iz HM (YG8). Svedri imajo gred premera 6 mm in rezalno glavo premera pribli\u017eno 9,5 mm, gred pa je izdelana iz trpe\u017enega materiala 40Cr. Vsi svedri so shranjeni v prakti\u010dni \u0161katli za enostavno uporabo in shranjevanje.<\/p>\n<ul>\n<li>5-delni komplet svedrov iz karbidne trdine<\/li>\n<li>Dolga vzdr\u017eljivost zaradi visokokakovostne HM (YG8) rezalne glave<\/li>\n<li>Prakti\u010dna \u0161katla za shranjevanje<\/li>\n<li>Gred premera 6 mm, rezalna glava premera pribli\u017eno 9,5 mm<\/li>\n<li>Material gredi: 40Cr<\/li>\n<\/ul>\n<p><strong>Vklju\u010deno v dostavo:<\/strong> 1 x B1020, 1 x C1020, 1 x D1009, 1 x F1020, 1 x G1020<\/p>\n","protected":false},"featured_media":1812,"template":"","meta":[],"product_brand":[],"product_cat":[1046,1043],"product_tag":[],"class_list":{"0":"post-1811","1":"product","2":"type-product","3":"status-publish","4":"has-post-thumbnail","6":"product_cat-pripomocki-orodja-kovine-stroji-za-kovine","7":"product_cat-stroji-za-kovine","9":"first","10":"instock","11":"shipping-taxable","12":"purchasable","13":"product-type-simple"},"_links":{"self":[{"href":"https:\/\/www.depoles.com\/hr\/wp-json\/wp\/v2\/product\/1811","targetHints":{"allow":["GET"]}}],"collection":[{"href":"https:\/\/www.depoles.com\/hr\/wp-json\/wp\/v2\/product"}],"about":[{"href":"https:\/\/www.depoles.com\/hr\/wp-json\/wp\/v2\/types\/product"}],"wp:featuredmedia":[{"embeddable":true,"href":"https:\/\/www.depoles.com\/hr\/wp-json\/wp\/v2\/media\/1812"}],"wp:attachment":[{"href":"https:\/\/www.depoles.com\/hr\/wp-json\/wp\/v2\/media?parent=1811"}],"wp:term":[{"taxonomy":"product_brand","embeddable":true,"href":"https:\/\/www.depoles.com\/hr\/wp-json\/wp\/v2\/product_brand?post=1811"},{"taxonomy":"product_cat","embeddable":true,"href":"https:\/\/www.depoles.com\/hr\/wp-json\/wp\/v2\/product_cat?post=1811"},{"taxonomy":"product_tag","embeddable":true,"href":"https:\/\/www.depoles.com\/hr\/wp-json\/wp\/v2\/product_tag?post=1811"}],"curies":[{"name":"wp","href":"https:\/\/api.w.org\/{rel}","templated":true}]}}