{"id":1823,"date":"2022-08-16T20:48:23","date_gmt":"2022-08-16T18:48:23","guid":{"rendered":"https:\/\/nova.depoles.com\/trgovina\/wsp4-menjalna-konica-pwknr-l1012j06-10000593\/"},"modified":"2026-02-12T13:41:44","modified_gmt":"2026-02-12T12:41:44","slug":"wsp4-menjalna-konica-pwknr-l1012j06-10000593","status":"publish","type":"product","link":"https:\/\/www.depoles.com\/hr\/trgovina\/wsp4-menjalna-konica-pwknr-l1012j06-10000593\/","title":{"rendered":"WSP4 zamjenska vrh PWKNR\/L1012J06 10000593"},"content":{"rendered":"<p><strong>Specifikacije izdelka<\/strong><\/p>\n<ul>\n<li><strong>Te\u017ea<\/strong>\n<ul>\n<li>Bruto te\u017ea: 0,01 kg<\/li>\n<li>Neto te\u017ea: 0,01 kg<\/li>\n<\/ul>\n<\/li>\n<li><strong>Embala\u017ea<\/strong>\n<ul>\n<li>\u0160irina embala\u017ee: 0 mm<\/li>\n<li>Dol\u017eina embala\u017ee: 0 mm<\/li>\n<li>Vi\u0161ina embala\u017ee: 0 mm<\/li>\n<\/ul>\n<\/li>\n<li><strong>Splo\u0161ni podatki<\/strong>\n<ul>\n<li>EAN koda: 9120058377037<\/li>\n<\/ul>\n<\/li>\n<\/ul>\n","protected":false},"excerpt":{"rendered":"<p>Specifikacije izdelka Te\u017ea Bruto te\u017ea: 0,01 kg Neto te\u017ea: 0,01 kg Embala\u017ea \u0160irina embala\u017ee: 0 mm Dol\u017eina embala\u017ee: 0 mm Vi\u0161ina embala\u017ee: 0 mm Splo\u0161ni podatki EAN koda: 9120058377037<\/p>\n","protected":false},"featured_media":1824,"template":"","meta":[],"product_brand":[],"product_cat":[1046,1043],"product_tag":[],"class_list":{"0":"post-1823","1":"product","2":"type-product","3":"status-publish","4":"has-post-thumbnail","6":"product_cat-pripomocki-orodja-kovine-stroji-za-kovine","7":"product_cat-stroji-za-kovine","9":"first","10":"instock","11":"shipping-taxable","12":"purchasable","13":"product-type-simple"},"_links":{"self":[{"href":"https:\/\/www.depoles.com\/hr\/wp-json\/wp\/v2\/product\/1823","targetHints":{"allow":["GET"]}}],"collection":[{"href":"https:\/\/www.depoles.com\/hr\/wp-json\/wp\/v2\/product"}],"about":[{"href":"https:\/\/www.depoles.com\/hr\/wp-json\/wp\/v2\/types\/product"}],"wp:featuredmedia":[{"embeddable":true,"href":"https:\/\/www.depoles.com\/hr\/wp-json\/wp\/v2\/media\/1824"}],"wp:attachment":[{"href":"https:\/\/www.depoles.com\/hr\/wp-json\/wp\/v2\/media?parent=1823"}],"wp:term":[{"taxonomy":"product_brand","embeddable":true,"href":"https:\/\/www.depoles.com\/hr\/wp-json\/wp\/v2\/product_brand?post=1823"},{"taxonomy":"product_cat","embeddable":true,"href":"https:\/\/www.depoles.com\/hr\/wp-json\/wp\/v2\/product_cat?post=1823"},{"taxonomy":"product_tag","embeddable":true,"href":"https:\/\/www.depoles.com\/hr\/wp-json\/wp\/v2\/product_tag?post=1823"}],"curies":[{"name":"wp","href":"https:\/\/api.w.org\/{rel}","templated":true}]}}