{"id":1827,"date":"2022-08-16T20:48:22","date_gmt":"2022-08-16T18:48:22","guid":{"rendered":"https:\/\/nova.depoles.com\/trgovina\/wsp6n-indeksirana-konica-10000596\/"},"modified":"2025-12-17T23:21:15","modified_gmt":"2025-12-17T22:21:15","slug":"wsp6n-indeksirana-konica-10000596","status":"publish","type":"product","link":"https:\/\/www.depoles.com\/hr\/trgovina\/wsp6n-indeksirana-konica-10000596\/","title":{"rendered":"WSP6N indeksirana vrh 10000596"},"content":{"rendered":"<p><strong>Tehni\u010dni podatki:<\/strong><\/p>\n<ul>\n<li><strong>Te\u017ea:<\/strong>\n<ul>\n<li>Bruto te\u017ea: 0,01 kg<\/li>\n<li>Netto te\u017ea: 0,01 kg<\/li>\n<\/ul>\n<\/li>\n<li><strong>Embala\u017ea:<\/strong>\n<ul>\n<li>\u0160irina embala\u017ee: 21 mm<\/li>\n<li>Dol\u017eina embala\u017ee: 32 mm<\/li>\n<li>Vi\u0161ina embala\u017ee: 24 mm<\/li>\n<\/ul>\n<\/li>\n<li><strong>Splo\u0161ni podatki:<\/strong>\n<ul>\n<li>EAN koda: 9120058375903<\/li>\n<\/ul>\n<\/li>\n<\/ul>\n","protected":false},"excerpt":{"rendered":"<p>Tehni\u010dni podatki: Te\u017ea: Bruto te\u017ea: 0,01 kg Netto te\u017ea: 0,01 kg Embala\u017ea: \u0160irina embala\u017ee: 21 mm Dol\u017eina embala\u017ee: 32 mm Vi\u0161ina embala\u017ee: 24 mm Splo\u0161ni podatki: EAN koda: 9120058375903<\/p>\n","protected":false},"featured_media":1828,"template":"","meta":[],"product_brand":[],"product_cat":[1043],"product_tag":[],"class_list":{"0":"post-1827","1":"product","2":"type-product","3":"status-publish","4":"has-post-thumbnail","6":"product_cat-stroji-za-kovine","8":"first","9":"instock","10":"shipping-taxable","11":"purchasable","12":"product-type-simple"},"_links":{"self":[{"href":"https:\/\/www.depoles.com\/hr\/wp-json\/wp\/v2\/product\/1827","targetHints":{"allow":["GET"]}}],"collection":[{"href":"https:\/\/www.depoles.com\/hr\/wp-json\/wp\/v2\/product"}],"about":[{"href":"https:\/\/www.depoles.com\/hr\/wp-json\/wp\/v2\/types\/product"}],"wp:featuredmedia":[{"embeddable":true,"href":"https:\/\/www.depoles.com\/hr\/wp-json\/wp\/v2\/media\/1828"}],"wp:attachment":[{"href":"https:\/\/www.depoles.com\/hr\/wp-json\/wp\/v2\/media?parent=1827"}],"wp:term":[{"taxonomy":"product_brand","embeddable":true,"href":"https:\/\/www.depoles.com\/hr\/wp-json\/wp\/v2\/product_brand?post=1827"},{"taxonomy":"product_cat","embeddable":true,"href":"https:\/\/www.depoles.com\/hr\/wp-json\/wp\/v2\/product_cat?post=1827"},{"taxonomy":"product_tag","embeddable":true,"href":"https:\/\/www.depoles.com\/hr\/wp-json\/wp\/v2\/product_tag?post=1827"}],"curies":[{"name":"wp","href":"https:\/\/api.w.org\/{rel}","templated":true}]}}