{"id":1829,"date":"2022-08-16T20:48:19","date_gmt":"2022-08-16T18:48:19","guid":{"rendered":"https:\/\/nova.depoles.com\/trgovina\/rezalnik-cevi-ram50\/"},"modified":"2026-02-12T13:44:56","modified_gmt":"2026-02-12T12:44:56","slug":"rezalnik-cevi-ram50","status":"publish","type":"product","link":"https:\/\/www.depoles.com\/hr\/trgovina\/rezalnik-cevi-ram50\/","title":{"rendered":"Reza\u010d cijevi RAM50"},"content":{"rendered":"<p><strong>Specifikacija izdelka:<\/strong><\/p>\n<table>\n<tbody>\n<tr>\n<th colspan=\"2\">Te\u017ea<\/th>\n<\/tr>\n<tr>\n<td>Bruto te\u017ea (kg)<\/td>\n<td>5,30<\/td>\n<\/tr>\n<tr>\n<td>Netto te\u017ea (kg)<\/td>\n<td>5,00<\/td>\n<\/tr>\n<tr>\n<th colspan=\"2\">Embala\u017ea<\/th>\n<\/tr>\n<tr>\n<td>\u0160irina embala\u017ee (mm)<\/td>\n<td>165<\/td>\n<\/tr>\n<tr>\n<td>Dol\u017eina embala\u017ee (mm)<\/td>\n<td>325<\/td>\n<\/tr>\n<tr>\n<td>Vi\u0161ina embala\u017ee (mm)<\/td>\n<td>170<\/td>\n<\/tr>\n<tr>\n<th colspan=\"2\">Splo\u0161ni podatki<\/th>\n<\/tr>\n<tr>\n<td>EAN koda<\/td>\n<td>9120058379024<\/td>\n<\/tr>\n<\/tbody>\n<\/table>\n","protected":false},"excerpt":{"rendered":"<p>Napreden zarezovalnik z nastavljivimi koti in robustno jekleno konstrukcijo za natan\u010dno delo.<\/p>\n<ul>\n<li>Najve\u010dji premer cevi do \u00d8 50 mm<\/li>\n<li>Nastavljiv vrtalni kot med 0 in 60\u00b0<\/li>\n<li>Razpon vrtenja osnovne plo\u0161\u010de med 0 in 45\u00b0<\/li>\n<li>Stabilna in robustna jeklena konstrukcija<\/li>\n<li>Vklju\u010den adapter za vrtalne \u017eage (standardno \u00d8 12,7 mm \/ 1\/2&quot; in z adapterjem \u00d8 15,9 mm \/ 5\/8&quot;)<\/li>\n<li>Primeren za uporabo s po\u010dasi vrte\u010dim ro\u010dnim vrtalnikom ali vrtalno stiskalnico s priklju\u010dkom \u00bd&quot;<\/li>\n<li>Enostavna monta\u017ea zarezovalnika zahvaljujo\u010d monta\u017eni plo\u0161\u010di z luknjo<\/li>\n<\/ul>\n","protected":false},"featured_media":1830,"template":"","meta":[],"product_brand":[],"product_cat":[1043,1049],"product_tag":[],"class_list":{"0":"post-1829","1":"product","2":"type-product","3":"status-publish","4":"has-post-thumbnail","6":"product_cat-stroji-za-kovine","7":"product_cat-stroji-za-prebijanje-in-izsekavanje","9":"first","10":"instock","11":"shipping-taxable","12":"purchasable","13":"product-type-simple"},"_links":{"self":[{"href":"https:\/\/www.depoles.com\/hr\/wp-json\/wp\/v2\/product\/1829","targetHints":{"allow":["GET"]}}],"collection":[{"href":"https:\/\/www.depoles.com\/hr\/wp-json\/wp\/v2\/product"}],"about":[{"href":"https:\/\/www.depoles.com\/hr\/wp-json\/wp\/v2\/types\/product"}],"wp:featuredmedia":[{"embeddable":true,"href":"https:\/\/www.depoles.com\/hr\/wp-json\/wp\/v2\/media\/1830"}],"wp:attachment":[{"href":"https:\/\/www.depoles.com\/hr\/wp-json\/wp\/v2\/media?parent=1829"}],"wp:term":[{"taxonomy":"product_brand","embeddable":true,"href":"https:\/\/www.depoles.com\/hr\/wp-json\/wp\/v2\/product_brand?post=1829"},{"taxonomy":"product_cat","embeddable":true,"href":"https:\/\/www.depoles.com\/hr\/wp-json\/wp\/v2\/product_cat?post=1829"},{"taxonomy":"product_tag","embeddable":true,"href":"https:\/\/www.depoles.com\/hr\/wp-json\/wp\/v2\/product_tag?post=1829"}],"curies":[{"name":"wp","href":"https:\/\/api.w.org\/{rel}","templated":true}]}}