{"id":1836,"date":"2022-08-16T20:48:16","date_gmt":"2022-08-16T18:48:16","guid":{"rendered":"https:\/\/nova.depoles.com\/trgovina\/regal-za-skladiscenje-hlr1\/"},"modified":"2026-02-12T13:41:58","modified_gmt":"2026-02-12T12:41:58","slug":"regal-za-skladiscenje-hlr1","status":"publish","type":"product","link":"https:\/\/www.depoles.com\/hr\/trgovina\/regal-za-skladiscenje-hlr1\/","title":{"rendered":"POLICA ZA SKLADI\u0160TENJE HLR1"},"content":{"rendered":"<p><strong>Tehni\u010dni podatki<\/strong><\/p>\n<ul>\n<li><strong>Te\u017ea<\/strong>\n<ul>\n<li>Bruto te\u017ea: 3,20 kg<\/li>\n<li>Neto te\u017ea: 3,00 kg<\/li>\n<\/ul>\n<\/li>\n<li><strong>Embala\u017ea<\/strong>\n<ul>\n<li>\u0160irina embala\u017ee: 130 mm<\/li>\n<li>Dol\u017eina embala\u017ee: 440 mm<\/li>\n<li>Vi\u0161ina embala\u017ee: 70 mm<\/li>\n<\/ul>\n<\/li>\n<li><strong>Splo\u0161ni podatki<\/strong>\n<ul>\n<li>EAN koda: 9120058378942<\/li>\n<\/ul>\n<\/li>\n<\/ul>\n","protected":false},"excerpt":{"rendered":"<h3>Opis izdelka<\/h3>\n<p>Stensko stojalo za shranjevanje lesa je izdelano iz pra\u0161kasto lakiranih jeklenih profilov dimenzij 30&#215;30 mm (vodoravni) in 24&#215;24 mm (navpi\u010dni) debeline 1,4 mm. Vsebuje tri police z globino 295 mm in medsebojno razdaljo pribli\u017eno 160 mm. Najve\u010dja dovoljena obremenitev je 50 kg na polico, skupna vi\u0161ina stojala je 430 mm, skupna nosilnost pa do 150 kg. Priporo\u010dena vodoravna razdalja med stojali je 120\u2013180 cm.<\/p>\n<ul>\n<li>Stojalo za stensko monta\u017eo<\/li>\n<li>Pra\u0161kasto lakirani jekleni profili<\/li>\n<li>Tri police z globino 295 mm<\/li>\n<li>Najve\u010dja obremenitev 50 kg na polico<\/li>\n<li>Skupna vi\u0161ina 430 mm, nosilnost 150 kg<\/li>\n<li>Priporo\u010dena vodoravna razdalja 120-180 cm<\/li>\n<\/ul>\n<p><strong>Vklju\u010deno v dobavo:<\/strong> navpi\u010dne in vodoravne palice, distan\u010dnik za steno (brez materiala za monta\u017eo).<\/p>\n","protected":false},"featured_media":1837,"template":"","meta":[],"product_brand":[],"product_cat":[1041,1062],"product_tag":[],"class_list":{"0":"post-1836","1":"product","2":"type-product","3":"status-publish","4":"has-post-thumbnail","6":"product_cat-oprema-za-delavnice-delovne-mize-ponki-in-police","7":"product_cat-oprema-za-delavnice-delovne-mize-ponki","9":"first","10":"instock","11":"shipping-taxable","12":"purchasable","13":"product-type-simple"},"_links":{"self":[{"href":"https:\/\/www.depoles.com\/hr\/wp-json\/wp\/v2\/product\/1836","targetHints":{"allow":["GET"]}}],"collection":[{"href":"https:\/\/www.depoles.com\/hr\/wp-json\/wp\/v2\/product"}],"about":[{"href":"https:\/\/www.depoles.com\/hr\/wp-json\/wp\/v2\/types\/product"}],"wp:featuredmedia":[{"embeddable":true,"href":"https:\/\/www.depoles.com\/hr\/wp-json\/wp\/v2\/media\/1837"}],"wp:attachment":[{"href":"https:\/\/www.depoles.com\/hr\/wp-json\/wp\/v2\/media?parent=1836"}],"wp:term":[{"taxonomy":"product_brand","embeddable":true,"href":"https:\/\/www.depoles.com\/hr\/wp-json\/wp\/v2\/product_brand?post=1836"},{"taxonomy":"product_cat","embeddable":true,"href":"https:\/\/www.depoles.com\/hr\/wp-json\/wp\/v2\/product_cat?post=1836"},{"taxonomy":"product_tag","embeddable":true,"href":"https:\/\/www.depoles.com\/hr\/wp-json\/wp\/v2\/product_tag?post=1836"}],"curies":[{"name":"wp","href":"https:\/\/api.w.org\/{rel}","templated":true}]}}