{"id":1840,"date":"2022-08-16T20:47:56","date_gmt":"2022-08-16T18:47:56","guid":{"rendered":"https:\/\/nova.depoles.com\/trgovina\/lepilka-kam4eps_400v\/"},"modified":"2025-12-17T14:51:11","modified_gmt":"2025-12-17T13:51:11","slug":"lepilka-kam4eps_400v","status":"publish","type":"product","link":"https:\/\/www.depoles.com\/hr\/trgovina\/lepilka-kam4eps_400v\/","title":{"rendered":"LJEPILO KAM4EPS_400V"},"content":{"rendered":"<p><strong>Tehni\u010dni podatki<\/strong><\/p>\n<ul>\n<li><strong>Podatki o motorju<\/strong>\n<ul>\n<li>Moc motorja S1: 6470 W<\/li>\n<li>Napetost: 400 V \/ (50-60Hz)<\/li>\n<li>Hitrost podajanja: 10 m\/min<\/li>\n<\/ul>\n<\/li>\n<li><strong>Dimenzije<\/strong>\n<ul>\n<li>Premer sesalnega priklju\u010dka: 125 mm<\/li>\n<li>Skupne dimenzije (Dx\u0160xV): 3960 x 1060 x 1560 mm<\/li>\n<\/ul>\n<\/li>\n<li><strong>Dimenzije obdelovanca<\/strong>\n<ul>\n<li>Minimalna dol\u017eina obdelovanca: 100 mm<\/li>\n<li>Minimalna \u0161irina obdelovanca: 100 mm<\/li>\n<li>Minimalna debelina obdelovanca: 8 mm<\/li>\n<li>Maksimalna debelina obdelovanca: 42 mm<\/li>\n<\/ul>\n<\/li>\n<li><strong>Oblaganje robov<\/strong>\n<ul>\n<li>Zahtevan zra\u010dni tlak: 6-8 bar<\/li>\n<li>Debelina roba: 0,4 &#8211; 3 mm<\/li>\n<\/ul>\n<\/li>\n<li><strong>Ravni hrupa in vibracij<\/strong>\n<ul>\n<li>Nivo zvo\u010dnega tlaka: 82,9 dB(A)<\/li>\n<\/ul>\n<\/li>\n<li><strong>Te\u017ea<\/strong>\n<ul>\n<li>Bruto te\u017ea: 855 kg<\/li>\n<li>Netto te\u017ea: 850 kg<\/li>\n<\/ul>\n<\/li>\n<li><strong>Embalaza<\/strong>\n<ul>\n<li>\u0160irina embala\u017ee: 750 mm<\/li>\n<li>Dol\u017eina embala\u017ee: 3500 mm<\/li>\n<li>Vi\u0161ina embala\u017ee: 1550 mm<\/li>\n<\/ul>\n<\/li>\n<li><strong>Splo\u0161ni podatki<\/strong>\n<ul>\n<li>EAN koda: 9120058379079<\/li>\n<\/ul>\n<\/li>\n<\/ul>\n","protected":false},"excerpt":{"rendered":"<h3><\/h3>\n<ul>\n<li>zaslon na dotik<\/li>\n<li>enostranski avtomatski stroj za lepljenje robov<\/li>\n<li>dostava lepila neposredno na obdelovance<\/li>\n<li>nastavitev enote opremljena s \u0161tevcem za nastavitev razli\u010dnih vrst robov<\/li>\n<li>rezkanje robnega previsa (gor\/dol) poravnano ali s polmerom 2 mm<\/li>\n<li>natan\u010dno rezanje laminata (zadaj \/ spredaj) z rezalno enoto<\/li>\n<li>enota za strganje ravne povr\u0161ine<\/li>\n<li>tla\u010dni valji zagotavljajo popolno povezavo med laminatom in obdelovancem<\/li>\n<li>samodejno in konstantno podajanje plo\u0161\u010de<\/li>\n<li>temperatura lepila elektronsko nastavljiva na plo\u0161\u010di na dotik<\/li>\n<li>posoda za lepilo prevle\u010dena s teflonom<\/li>\n<li>integriran sistem za zbiranje prahu<\/li>\n<\/ul>\n<p><strong>Vklju\u010deno v dobavo:<\/strong> stroj z 2 x R-strgalnimi rezili, \u017eagini listi za \u010delno rezalno enoto (\u00d8 100 x 30 x 3,2 mm T30), radiusni rezalnik (\u00d849 x 20 mm T4), polirni diski (\u00d8150 mm)<\/p>\n","protected":false},"featured_media":1841,"template":"","meta":[],"product_brand":[],"product_cat":[1033,1012],"product_tag":[467,532,714],"class_list":{"0":"post-1840","1":"product","2":"type-product","3":"status-publish","4":"has-post-thumbnail","6":"product_cat-robne-lepilke","7":"product_cat-stroji-za-les","8":"product_tag-kanterica","9":"product_tag-lepilka","10":"product_tag-robna","12":"first","13":"instock","14":"shipping-taxable","15":"purchasable","16":"product-type-simple"},"_links":{"self":[{"href":"https:\/\/www.depoles.com\/hr\/wp-json\/wp\/v2\/product\/1840","targetHints":{"allow":["GET"]}}],"collection":[{"href":"https:\/\/www.depoles.com\/hr\/wp-json\/wp\/v2\/product"}],"about":[{"href":"https:\/\/www.depoles.com\/hr\/wp-json\/wp\/v2\/types\/product"}],"wp:featuredmedia":[{"embeddable":true,"href":"https:\/\/www.depoles.com\/hr\/wp-json\/wp\/v2\/media\/1841"}],"wp:attachment":[{"href":"https:\/\/www.depoles.com\/hr\/wp-json\/wp\/v2\/media?parent=1840"}],"wp:term":[{"taxonomy":"product_brand","embeddable":true,"href":"https:\/\/www.depoles.com\/hr\/wp-json\/wp\/v2\/product_brand?post=1840"},{"taxonomy":"product_cat","embeddable":true,"href":"https:\/\/www.depoles.com\/hr\/wp-json\/wp\/v2\/product_cat?post=1840"},{"taxonomy":"product_tag","embeddable":true,"href":"https:\/\/www.depoles.com\/hr\/wp-json\/wp\/v2\/product_tag?post=1840"}],"curies":[{"name":"wp","href":"https:\/\/api.w.org\/{rel}","templated":true}]}}