{"id":1848,"date":"2022-08-16T20:47:52","date_gmt":"2022-08-16T18:47:52","guid":{"rendered":"https:\/\/nova.depoles.com\/trgovina\/lepilka-z-predrezkarji-kam5epsv_400v\/"},"modified":"2025-12-17T14:51:19","modified_gmt":"2025-12-17T13:51:19","slug":"lepilka-z-predrezkarji-kam5epsv_400v","status":"publish","type":"product","link":"https:\/\/www.depoles.com\/hr\/trgovina\/lepilka-z-predrezkarji-kam5epsv_400v\/","title":{"rendered":"LJEPILICA S PREDREZA\u010cIMA KAM5EPSV_400V"},"content":{"rendered":"<p><strong>Tehni\u010dni podatki<\/strong><\/p>\n<ul>\n<li><strong>Motor<\/strong>\n<ul>\n<li>Napetost: 400 V \/ 50-60 Hz<\/li>\n<li>Hitrost podajanja: 10 m\/min<\/li>\n<li>Mo\u010d motorja S1: 9470 W<\/li>\n<\/ul>\n<\/li>\n<li><strong>Dimenzije<\/strong>\n<ul>\n<li>Premer sesalnega priklju\u010dka: 125 mm<\/li>\n<\/ul>\n<\/li>\n<li><strong>Dimenzije obdelovanca<\/strong>\n<ul>\n<li>Minimalna dol\u017eina obdelovanca: 100 mm<\/li>\n<li>Minimalna \u0161irina obdelovanca: 100 mm<\/li>\n<li>Minimalna debelina obdelovanca: 8 mm<\/li>\n<li>Maksimalna debelina obdelovanca: 42 mm<\/li>\n<\/ul>\n<\/li>\n<li><strong>Lepljenje robov<\/strong>\n<ul>\n<li>Debelina roba: 0,4 &#8211; 3 mm<\/li>\n<li>Zahtevan zra\u010dni tlak: 6-8 bar<\/li>\n<\/ul>\n<\/li>\n<li><strong>Raven zvoka in vibracije<\/strong>\n<ul>\n<li>Raven zvo\u010dne mo\u010di: 82,9 dB(A)<\/li>\n<\/ul>\n<\/li>\n<li><strong>Te\u017ea<\/strong>\n<ul>\n<li>Bruto te\u017ea: 1090 kg<\/li>\n<li>Netto te\u017ea: 980 kg<\/li>\n<\/ul>\n<\/li>\n<li><strong>Pakiranje<\/strong>\n<ul>\n<li>\u0160irina pakiranja: 785 mm<\/li>\n<li>Dol\u017eina pakiranja: 4060 mm<\/li>\n<li>Vi\u0161ina pakiranja: 1770 mm<\/li>\n<\/ul>\n<\/li>\n<li><strong>Splo\u0161ni podatki<\/strong>\n<ul>\n<li>EAN koda: 9120058379086<\/li>\n<\/ul>\n<\/li>\n<\/ul>\n","protected":false},"excerpt":{"rendered":"<h3><\/h3>\n<ul>\n<li>zaslon na dotik<\/li>\n<li>2 x predrezkarji<\/li>\n<li>enostranski avtomatski stroj za lepljenje robov<\/li>\n<li>dostava lepila neposredno na obdelovance<\/li>\n<li>nastavitev enote opremljena s \u0161tevcem za nastavitev razli\u010dnih vrst robov<\/li>\n<li>rezkanje robnega previsa (gor\/dol) poravnano ali s polmerom 2 mm<\/li>\n<li>natan\u010dno rezanje laminata (zadaj \/ spredaj) z rezalno enoto<\/li>\n<li>enota za strganje ravne povr\u0161ine<\/li>\n<li>tla\u010dni valji zagotavljajo popolno povezavo med laminatom in obdelovancem<\/li>\n<li>samodejno in konstantno podajanje plo\u0161\u010de<\/li>\n<li>temperatura lepila elektronsko nastavljiva na plo\u0161\u010di na dotik<\/li>\n<li>posoda za lepilo prevle\u010dena s teflonom<\/li>\n<li>integriran sistem za zbiranje prahu<\/li>\n<li>enota za predhodno rezkanje z maks. 3 mm globina obrezovanja<\/li>\n<\/ul>\n<p><strong>Vklju\u010deno v dobavo:<\/strong> stroj z 2 x R-strgalnimi rezili, \u017eagini listi za \u010delno rezalno enoto (\u00d8 100 x 30 x 3,2 mm T30), radiusni rezalnik (\u00d849 x 20 mm T4), polirni diski (\u00d8150 mm) , 2 x predrezkalnik<\/p>\n","protected":false},"featured_media":1849,"template":"","meta":[],"product_brand":[],"product_cat":[1033,1012],"product_tag":[314,441,467,532,668,714],"class_list":{"0":"post-1848","1":"product","2":"type-product","3":"status-publish","4":"has-post-thumbnail","6":"product_cat-robne-lepilke","7":"product_cat-stroji-za-les","8":"product_tag-depoles","9":"product_tag-holzmann","10":"product_tag-kanterica","11":"product_tag-lepilka","12":"product_tag-predrezkarji","13":"product_tag-robna","15":"first","16":"instock","17":"shipping-taxable","18":"purchasable","19":"product-type-simple"},"_links":{"self":[{"href":"https:\/\/www.depoles.com\/hr\/wp-json\/wp\/v2\/product\/1848","targetHints":{"allow":["GET"]}}],"collection":[{"href":"https:\/\/www.depoles.com\/hr\/wp-json\/wp\/v2\/product"}],"about":[{"href":"https:\/\/www.depoles.com\/hr\/wp-json\/wp\/v2\/types\/product"}],"wp:featuredmedia":[{"embeddable":true,"href":"https:\/\/www.depoles.com\/hr\/wp-json\/wp\/v2\/media\/1849"}],"wp:attachment":[{"href":"https:\/\/www.depoles.com\/hr\/wp-json\/wp\/v2\/media?parent=1848"}],"wp:term":[{"taxonomy":"product_brand","embeddable":true,"href":"https:\/\/www.depoles.com\/hr\/wp-json\/wp\/v2\/product_brand?post=1848"},{"taxonomy":"product_cat","embeddable":true,"href":"https:\/\/www.depoles.com\/hr\/wp-json\/wp\/v2\/product_cat?post=1848"},{"taxonomy":"product_tag","embeddable":true,"href":"https:\/\/www.depoles.com\/hr\/wp-json\/wp\/v2\/product_tag?post=1848"}],"curies":[{"name":"wp","href":"https:\/\/api.w.org\/{rel}","templated":true}]}}